{"id":5432,"date":"2021-05-13T13:15:36","date_gmt":"2021-05-13T11:15:36","guid":{"rendered":"http:\/\/nueva.trilamp.com\/carrasco-barcelo"},"modified":"2023-09-28T13:50:48","modified_gmt":"2023-09-28T11:50:48","slug":"carrasco-barcelo","status":"publish","type":"page","link":"https:\/\/www.trilamp.com\/nl\/carrasco-barcelo\/","title":{"rendered":"CARRASCO BARCELO"},"content":{"rendered":"<p>[et_pb_section fb_built=&#8221;1&#8243; _builder_version=&#8221;4.16&#8243; _module_preset=&#8221;default&#8221; background_image=&#8221;http:\/\/nueva.trilamp.com\/wp-content\/uploads\/bannerdisenadores.png&#8221; custom_padding=&#8221;50px||50px|||&#8221; global_colors_info=&#8221;{}&#8221;][et_pb_row _builder_version=&#8221;4.16&#8243; _module_preset=&#8221;default&#8221; global_colors_info=&#8221;{}&#8221;][et_pb_column type=&#8221;4_4&#8243; _builder_version=&#8221;4.16&#8243; _module_preset=&#8221;default&#8221; global_colors_info=&#8221;{}&#8221;][et_pb_text _builder_version=&#8221;4.16&#8243; _module_preset=&#8221;default&#8221; text_font=&#8221;|300|||||||&#8221; text_text_color=&#8221;#ffffff&#8221; text_font_size=&#8221;40px&#8221; text_letter_spacing=&#8221;1px&#8221; text_orientation=&#8221;center&#8221; global_colors_info=&#8221;{}&#8221;]CARRASCO BARCELO[\/et_pb_text][\/et_pb_column][\/et_pb_row][\/et_pb_section][et_pb_section fb_built=&#8221;1&#8243; _builder_version=&#8221;4.16&#8243; _module_preset=&#8221;default&#8221; custom_padding=&#8221;0px||0px|||&#8221; global_colors_info=&#8221;{}&#8221;][et_pb_row _builder_version=&#8221;4.16&#8243; _module_preset=&#8221;default&#8221; max_width=&#8221;950px&#8221; custom_padding=&#8221;||33px|||&#8221; global_colors_info=&#8221;{}&#8221;][et_pb_column type=&#8221;4_4&#8243; _builder_version=&#8221;4.16&#8243; _module_preset=&#8221;default&#8221; global_colors_info=&#8221;{}&#8221;][et_pb_text _builder_version=&#8221;4.16&#8243; _module_preset=&#8221;default&#8221; text_orientation=&#8221;center&#8221; custom_margin=&#8221;-112px|||||&#8221; inline_fonts=&#8221;Montserrat&#8221; global_colors_info=&#8221;{}&#8221;]<\/p>\n<h1><em><strong><span style=\"font-size: xx-large; font-family: Montserrat;\">JOSEP BASTIDA<\/span><\/strong><\/em><\/h1>\n<p>[\/et_pb_text][et_pb_text _builder_version=&#8221;4.22.2&#8243; _module_preset=&#8221;default&#8221; text_orientation=&#8221;center&#8221; hover_enabled=&#8221;0&#8243; global_colors_info=&#8221;{}&#8221; sticky_enabled=&#8221;0&#8243;]Josep Bastida is een productontwerper die in 2019 afstudeerde aan de IED in Barcelona. Hij heeft een passie voor het object, vakmanschap en verfijnde sieraden. Hun creaties zoeken naar finesse en elegantie, wat resulteert in delicate en elegante objecten. Gepassioneerd door nieuwe technologie\u00ebn, past hij deze toe in het ontwerp van zijn producten om vormen te cre\u00ebren met innovatieve en soms complexe geometrie\u00ebn. Hij is vooral voorzichtig met de productieprocessen en de materialen die in zijn werk worden gebruikt.[\/et_pb_text][\/et_pb_column][\/et_pb_row][\/et_pb_section][et_pb_section fb_built=&#8221;1&#8243; _builder_version=&#8221;4.16&#8243; _module_preset=&#8221;default&#8221; custom_padding=&#8221;0px||0px|||&#8221; global_colors_info=&#8221;{}&#8221;][et_pb_row _builder_version=&#8221;4.16&#8243; _module_preset=&#8221;default&#8221; custom_padding=&#8221;0px||35px|||&#8221; global_colors_info=&#8221;{}&#8221;][et_pb_column type=&#8221;4_4&#8243; _builder_version=&#8221;4.16&#8243; _module_preset=&#8221;default&#8221; global_colors_info=&#8221;{}&#8221;][et_pb_image src=&#8221;https:\/\/www.trilamp.com\/wp-content\/uploads\/Foto-JosepBW-1.jpg&#8221; title_text=&#8221;Foto JosepBW&#8221; align=&#8221;center&#8221; _builder_version=&#8221;4.16&#8243; _module_preset=&#8221;default&#8221; max_width=&#8221;350px&#8221; global_colors_info=&#8221;{}&#8221;][\/et_pb_image][\/et_pb_column][\/et_pb_row][\/et_pb_section]<\/p>\n","protected":false},"excerpt":{"rendered":"<p>CARRASCO BARCELOJOSEP BASTIDAJosep Bastida is een productontwerper die in 2019 afstudeerde aan de IED in Barcelona. Hij heeft een passie voor het object, vakmanschap en verfijnde sieraden. Hun creaties zoeken naar finesse en elegantie, wat resulteert in delicate en elegante objecten. Gepassioneerd door nieuwe technologie\u00ebn, past hij deze toe in het ontwerp van zijn producten [&hellip;]<\/p>\n","protected":false},"author":999,"featured_media":0,"parent":0,"menu_order":0,"comment_status":"closed","ping_status":"closed","template":"","meta":{"_et_pb_use_builder":"on","_et_pb_old_content":"","_et_gb_content_width":"","footnotes":""},"class_list":["post-5432","page","type-page","status-publish","hentry"],"yoast_head":"<!-- This site is optimized with the Yoast SEO plugin v26.8 - https:\/\/yoast.com\/product\/yoast-seo-wordpress\/ -->\n<title>CARRASCO BARCELO - Trilamp<\/title>\n<meta name=\"robots\" content=\"index, follow, max-snippet:-1, max-image-preview:large, max-video-preview:-1\" \/>\n<link rel=\"canonical\" href=\"https:\/\/www.trilamp.com\/nl\/carrasco-barcelo\/\" \/>\n<meta property=\"og:locale\" content=\"nl_NL\" \/>\n<meta property=\"og:type\" content=\"article\" \/>\n<meta property=\"og:title\" content=\"CARRASCO BARCELO - Trilamp\" \/>\n<meta property=\"og:description\" content=\"CARRASCO BARCELOJOSEP BASTIDAJosep Bastida is een productontwerper die in 2019 afstudeerde aan de IED in Barcelona. Hij heeft een passie voor het object, vakmanschap en verfijnde sieraden. Hun creaties zoeken naar finesse en elegantie, wat resulteert in delicate en elegante objecten. Gepassioneerd door nieuwe technologie\u00ebn, past hij deze toe in het ontwerp van zijn producten [&hellip;]\" \/>\n<meta property=\"og:url\" content=\"https:\/\/www.trilamp.com\/nl\/carrasco-barcelo\/\" \/>\n<meta property=\"og:site_name\" content=\"Trilamp\" \/>\n<meta property=\"article:modified_time\" content=\"2023-09-28T11:50:48+00:00\" \/>\n<meta name=\"twitter:label1\" content=\"Geschatte leestijd\" \/>\n\t<meta name=\"twitter:data1\" content=\"2 minuten\" \/>\n<script type=\"application\/ld+json\" class=\"yoast-schema-graph\">{\"@context\":\"https:\/\/schema.org\",\"@graph\":[{\"@type\":\"WebPage\",\"@id\":\"https:\/\/www.trilamp.com\/nl\/carrasco-barcelo\/\",\"url\":\"https:\/\/www.trilamp.com\/nl\/carrasco-barcelo\/\",\"name\":\"CARRASCO BARCELO - Trilamp\",\"isPartOf\":{\"@id\":\"https:\/\/www.trilamp.com\/#website\"},\"datePublished\":\"2021-05-13T11:15:36+00:00\",\"dateModified\":\"2023-09-28T11:50:48+00:00\",\"breadcrumb\":{\"@id\":\"https:\/\/www.trilamp.com\/nl\/carrasco-barcelo\/#breadcrumb\"},\"inLanguage\":\"nl-NL\",\"potentialAction\":[{\"@type\":\"ReadAction\",\"target\":[\"https:\/\/www.trilamp.com\/nl\/carrasco-barcelo\/\"]}]},{\"@type\":\"BreadcrumbList\",\"@id\":\"https:\/\/www.trilamp.com\/nl\/carrasco-barcelo\/#breadcrumb\",\"itemListElement\":[{\"@type\":\"ListItem\",\"position\":1,\"name\":\"Portada\",\"item\":\"https:\/\/www.trilamp.com\/nl\/\"},{\"@type\":\"ListItem\",\"position\":2,\"name\":\"CARRASCO BARCELO\"}]},{\"@type\":\"WebSite\",\"@id\":\"https:\/\/www.trilamp.com\/#website\",\"url\":\"https:\/\/www.trilamp.com\/\",\"name\":\"Trilamp\",\"description\":\"\",\"potentialAction\":[{\"@type\":\"SearchAction\",\"target\":{\"@type\":\"EntryPoint\",\"urlTemplate\":\"https:\/\/www.trilamp.com\/?s={search_term_string}\"},\"query-input\":{\"@type\":\"PropertyValueSpecification\",\"valueRequired\":true,\"valueName\":\"search_term_string\"}}],\"inLanguage\":\"nl-NL\"}]}<\/script>\n<!-- \/ Yoast SEO plugin. -->","yoast_head_json":{"title":"CARRASCO BARCELO - Trilamp","robots":{"index":"index","follow":"follow","max-snippet":"max-snippet:-1","max-image-preview":"max-image-preview:large","max-video-preview":"max-video-preview:-1"},"canonical":"https:\/\/www.trilamp.com\/nl\/carrasco-barcelo\/","og_locale":"nl_NL","og_type":"article","og_title":"CARRASCO BARCELO - Trilamp","og_description":"CARRASCO BARCELOJOSEP BASTIDAJosep Bastida is een productontwerper die in 2019 afstudeerde aan de IED in Barcelona. Hij heeft een passie voor het object, vakmanschap en verfijnde sieraden. Hun creaties zoeken naar finesse en elegantie, wat resulteert in delicate en elegante objecten. Gepassioneerd door nieuwe technologie\u00ebn, past hij deze toe in het ontwerp van zijn producten [&hellip;]","og_url":"https:\/\/www.trilamp.com\/nl\/carrasco-barcelo\/","og_site_name":"Trilamp","article_modified_time":"2023-09-28T11:50:48+00:00","twitter_misc":{"Geschatte leestijd":"2 minuten"},"schema":{"@context":"https:\/\/schema.org","@graph":[{"@type":"WebPage","@id":"https:\/\/www.trilamp.com\/nl\/carrasco-barcelo\/","url":"https:\/\/www.trilamp.com\/nl\/carrasco-barcelo\/","name":"CARRASCO BARCELO - Trilamp","isPartOf":{"@id":"https:\/\/www.trilamp.com\/#website"},"datePublished":"2021-05-13T11:15:36+00:00","dateModified":"2023-09-28T11:50:48+00:00","breadcrumb":{"@id":"https:\/\/www.trilamp.com\/nl\/carrasco-barcelo\/#breadcrumb"},"inLanguage":"nl-NL","potentialAction":[{"@type":"ReadAction","target":["https:\/\/www.trilamp.com\/nl\/carrasco-barcelo\/"]}]},{"@type":"BreadcrumbList","@id":"https:\/\/www.trilamp.com\/nl\/carrasco-barcelo\/#breadcrumb","itemListElement":[{"@type":"ListItem","position":1,"name":"Portada","item":"https:\/\/www.trilamp.com\/nl\/"},{"@type":"ListItem","position":2,"name":"CARRASCO BARCELO"}]},{"@type":"WebSite","@id":"https:\/\/www.trilamp.com\/#website","url":"https:\/\/www.trilamp.com\/","name":"Trilamp","description":"","potentialAction":[{"@type":"SearchAction","target":{"@type":"EntryPoint","urlTemplate":"https:\/\/www.trilamp.com\/?s={search_term_string}"},"query-input":{"@type":"PropertyValueSpecification","valueRequired":true,"valueName":"search_term_string"}}],"inLanguage":"nl-NL"}]}},"_links":{"self":[{"href":"https:\/\/www.trilamp.com\/nl\/wp-json\/wp\/v2\/pages\/5432","targetHints":{"allow":["GET"]}}],"collection":[{"href":"https:\/\/www.trilamp.com\/nl\/wp-json\/wp\/v2\/pages"}],"about":[{"href":"https:\/\/www.trilamp.com\/nl\/wp-json\/wp\/v2\/types\/page"}],"author":[{"embeddable":true,"href":"https:\/\/www.trilamp.com\/nl\/wp-json\/wp\/v2\/users\/999"}],"replies":[{"embeddable":true,"href":"https:\/\/www.trilamp.com\/nl\/wp-json\/wp\/v2\/comments?post=5432"}],"version-history":[{"count":3,"href":"https:\/\/www.trilamp.com\/nl\/wp-json\/wp\/v2\/pages\/5432\/revisions"}],"predecessor-version":[{"id":7012,"href":"https:\/\/www.trilamp.com\/nl\/wp-json\/wp\/v2\/pages\/5432\/revisions\/7012"}],"wp:attachment":[{"href":"https:\/\/www.trilamp.com\/nl\/wp-json\/wp\/v2\/media?parent=5432"}],"curies":[{"name":"wp","href":"https:\/\/api.w.org\/{rel}","templated":true}]}}