{"id":867,"date":"2015-01-29T16:50:41","date_gmt":"2015-01-29T14:50:41","guid":{"rendered":"http:\/\/www.trilamp.com\/?page_id=867"},"modified":"2021-05-12T16:52:01","modified_gmt":"2021-05-12T14:52:01","slug":"inicio-fabricante-iluminacion-decorativa","status":"publish","type":"page","link":"https:\/\/www.trilamp.com\/fr\/","title":{"rendered":"Home-Fabricant de l&rsquo;\u00e9clairage d\u00e9coratif"},"content":{"rendered":"<p>[et_pb_section fb_built=\u00a0\u00bb1&Prime; admin_label=\u00a0\u00bbsection\u00a0\u00bb _builder_version=\u00a0\u00bb3.22&Prime; custom_padding=\u00a0\u00bb0px||0px|||\u00a0\u00bb][et_pb_row use_custom_gutter=\u00a0\u00bbon\u00a0\u00bb gutter_width=\u00a0\u00bb1&Prime; make_equal=\u00a0\u00bbon\u00a0\u00bb admin_label=\u00a0\u00bbrow\u00a0\u00bb _builder_version=\u00a0\u00bb4.7.4&Prime; background_size=\u00a0\u00bbinitial\u00a0\u00bb background_position=\u00a0\u00bbtop_left\u00a0\u00bb background_repeat=\u00a0\u00bbrepeat\u00a0\u00bb width=\u00a0\u00bb100%\u00a0\u00bb max_width=\u00a0\u00bb2560px\u00a0\u00bb custom_padding=\u00a0\u00bb0px||0px|||\u00a0\u00bb][et_pb_column type=\u00a0\u00bb4_4&Prime; _builder_version=\u00a0\u00bb3.25&Prime; custom_padding=\u00a0\u00bb|||\u00a0\u00bb custom_padding__hover=\u00a0\u00bb|||\u00a0\u00bb][et_pb_text admin_label=\u00a0\u00bbText\u00a0\u00bb _builder_version=\u00a0\u00bb4.7.4&Prime; background_size=\u00a0\u00bbinitial\u00a0\u00bb background_position=\u00a0\u00bbtop_left\u00a0\u00bb background_repeat=\u00a0\u00bbrepeat\u00a0\u00bb]\n\t\t\t<!-- START Home Trilamp REVOLUTION SLIDER 6.7.37 --><p class=\"rs-p-wp-fix\"><\/p>\n\t\t\t<rs-module-wrap id=\"rev_slider_8_1_wrapper\" data-source=\"gallery\" style=\"visibility:hidden;background:transparent;padding:0;margin:0px auto;margin-top:0;margin-bottom:0;\">\n\t\t\t\t<rs-module id=\"rev_slider_8_1\" style=\"\" data-version=\"6.7.37\">\n\t\t\t\t\t<rs-slides style=\"overflow: hidden; position: absolute;\">\n\t\t\t\t\t\t<rs-slide style=\"position: absolute;\" data-key=\"rs-26\" data-title=\"Slide\" data-anim=\"adpr:false;\" data-in=\"o:0;\" data-out=\"a:false;\">\n\t\t\t\t\t\t\t<img decoding=\"async\" src=\"\/\/www.trilamp.com\/wp-content\/plugins\/revslider\/sr6\/assets\/assets\/dummy.png\" alt=\"\" title=\"slide-1\" width=\"1920\" height=\"1080\" class=\"rev-slidebg tp-rs-img rs-lazyload\" data-lazyload=\"\/\/www.trilamp.com\/wp-content\/uploads\/slide-1.jpg\" data-no-retina>\n<!---->\t\t\t\t\t<\/rs-slide>\n\t\t\t\t\t\t<rs-slide style=\"position: absolute;\" data-key=\"rs-28\" data-title=\"Slide\" data-anim=\"adpr:false;\" data-in=\"o:0;\" data-out=\"a:false;\">\n\t\t\t\t\t\t\t<img decoding=\"async\" src=\"\/\/www.trilamp.com\/wp-content\/plugins\/revslider\/sr6\/assets\/assets\/dummy.png\" alt=\"\" title=\"slide-3\" width=\"1254\" height=\"718\" class=\"rev-slidebg tp-rs-img rs-lazyload\" data-lazyload=\"\/\/www.trilamp.com\/wp-content\/uploads\/slide-3.png\" data-no-retina>\n<!---->\t\t\t\t\t<\/rs-slide>\n\t\t\t\t\t\t<rs-slide style=\"position: absolute;\" data-key=\"rs-30\" data-title=\"Slide\" data-anim=\"adpr:false;\" data-in=\"o:0;\" data-out=\"a:false;\">\n\t\t\t\t\t\t\t<img decoding=\"async\" src=\"\/\/www.trilamp.com\/wp-content\/plugins\/revslider\/sr6\/assets\/assets\/dummy.png\" alt=\"\" title=\"slide-6\" width=\"1940\" height=\"828\" class=\"rev-slidebg tp-rs-img rs-lazyload\" data-lazyload=\"\/\/www.trilamp.com\/wp-content\/uploads\/slide-6.jpg\" data-no-retina>\n<!---->\t\t\t\t\t<\/rs-slide>\n\t\t\t\t\t<\/rs-slides>\n\t\t\t\t\t<rs-static-layers><!--\n\t\t\t\t\t--><\/rs-static-layers>\n\t\t\t\t<\/rs-module>\n\t\t\t\t<script>\n\t\t\t\t\tsetREVStartSize({c: 'rev_slider_8_1',rl:[1240,1024,778,480],el:[525],gw:[1240],gh:[525],type:'standard',justify:'',layout:'fullwidth',mh:\"0\"});if (window.RS_MODULES!==undefined && window.RS_MODULES.modules!==undefined && window.RS_MODULES.modules[\"revslider81\"]!==undefined) {window.RS_MODULES.modules[\"revslider81\"].once = false;window.revapi8 = undefined;if (window.RS_MODULES.checkMinimal!==undefined) window.RS_MODULES.checkMinimal()}\n\t\t\t\t<\/script>\n\t\t\t<\/rs-module-wrap>\n\t\t\t<!-- END REVOLUTION SLIDER -->\n[\/et_pb_text][\/et_pb_column][\/et_pb_row][\/et_pb_section][et_pb_section fb_built=\u00a0\u00bb1&Prime; _builder_version=\u00a0\u00bb4.7.4&Prime; _module_preset=\u00a0\u00bbdefault\u00a0\u00bb custom_padding=\u00a0\u00bb0px||0px|||\u00a0\u00bb][et_pb_row _builder_version=\u00a0\u00bb4.7.4&Prime; _module_preset=\u00a0\u00bbdefault\u00a0\u00bb max_width=\u00a0\u00bb830px\u00a0\u00bb][et_pb_column type=\u00a0\u00bb4_4&Prime; _builder_version=\u00a0\u00bb4.7.4&Prime; _module_preset=\u00a0\u00bbdefault\u00a0\u00bb][et_pb_text _builder_version=\u00a0\u00bb4.9.4&Prime; _module_preset=\u00a0\u00bbdefault\u00a0\u00bb text_orientation=\u00a0\u00bbcenter\u00a0\u00bb hover_enabled=\u00a0\u00bb0&Prime; header_2_font=\u00a0\u00bb|300|||||||\u00a0\u00bb header_2_font_size=\u00a0\u00bb35px\u00a0\u00bb sticky_enabled=\u00a0\u00bb0&Prime;]<\/p>\n<h2>Bienvenue<\/h2>\n<p>Nous sommes une entreprise familiale, depuis plus de 60 ans, situ\u00e9e dans la r\u00e9gion de Barcelone. Nous sommes d\u00e9di\u00e9s \u00e0 la fabrication d&rsquo;\u00e9clairage d\u00e9coratif, nous n&rsquo;importons PAS de produits de Chine.<\/p>\n<p>En effet, nous accordons une grande valeur au savoir-faire de nos produits. Nous visons \u00e0 fa\u00e7onner vos id\u00e9es gr\u00e2ce \u00e0 notre exp\u00e9rience, notre bon travail et notre connaissance du march\u00e9. Nous d\u00e9veloppons \u00e9galement nos propres projets ou designs via notre bureau d&rsquo;\u00e9tudes ou via des designers et d\u00e9corateurs externes, donnant ainsi vie \u00e0 tous vos projets.<\/p>\n<p>[\/et_pb_text][\/et_pb_column][\/et_pb_row][\/et_pb_section][et_pb_section fb_built=\u00a0\u00bb1&Prime; _builder_version=\u00a0\u00bb4.7.4&Prime; _module_preset=\u00a0\u00bbdefault\u00a0\u00bb custom_padding=\u00a0\u00bb0px||0px|||\u00a0\u00bb][et_pb_row _builder_version=\u00a0\u00bb4.7.4&Prime; _module_preset=\u00a0\u00bbdefault\u00a0\u00bb max_width=\u00a0\u00bb830px\u00a0\u00bb custom_padding=\u00a0\u00bb13px||0px|||\u00a0\u00bb][et_pb_column type=\u00a0\u00bb4_4&Prime; _builder_version=\u00a0\u00bb4.7.4&Prime; _module_preset=\u00a0\u00bbdefault\u00a0\u00bb][et_pb_text _builder_version=\u00a0\u00bb4.9.4&Prime; _module_preset=\u00a0\u00bbdefault\u00a0\u00bb text_orientation=\u00a0\u00bbcenter\u00a0\u00bb hover_enabled=\u00a0\u00bb0&Prime; header_2_font=\u00a0\u00bb|300|||||||\u00a0\u00bb header_2_font_size=\u00a0\u00bb35px\u00a0\u00bb sticky_enabled=\u00a0\u00bb0&Prime;]<\/p>\n<h2>Produits sur mesure<\/h2>\n<p>[\/et_pb_text][\/et_pb_column][\/et_pb_row][\/et_pb_section][et_pb_section fb_built=\u00a0\u00bb1&Prime; _builder_version=\u00a0\u00bb4.7.4&Prime; _module_preset=\u00a0\u00bbdefault\u00a0\u00bb custom_padding=\u00a0\u00bb0px||0px|||\u00a0\u00bb][et_pb_row use_custom_gutter=\u00a0\u00bbon\u00a0\u00bb gutter_width=\u00a0\u00bb1&Prime; module_class=\u00a0\u00bbgaleriahome\u00a0\u00bb _builder_version=\u00a0\u00bb4.9.1&Prime; _module_preset=\u00a0\u00bbdefault\u00a0\u00bb max_width=\u00a0\u00bb1120px\u00a0\u00bb][et_pb_column type=\u00a0\u00bb4_4&Prime; _builder_version=\u00a0\u00bb4.7.4&Prime; _module_preset=\u00a0\u00bbdefault\u00a0\u00bb][et_pb_gallery gallery_ids=\u00a0\u00bb4718,4724,4730,4736,4742,4748&Prime; posts_number=\u00a0\u00bb6&Prime; show_pagination=\u00a0\u00bboff\u00a0\u00bb zoom_icon_color=\u00a0\u00bbrgba(255,255,255,0)\u00a0\u00bb hover_icon=\u00a0\u00bb%%54%%\u00a0\u00bb admin_label=\u00a0\u00bbgaleriahome\u00a0\u00bb _builder_version=\u00a0\u00bb4.9.4&Prime; _module_preset=\u00a0\u00bbdefault\u00a0\u00bb text_orientation=\u00a0\u00bbcenter\u00a0\u00bb border_width_all_image=\u00a0\u00bb3px\u00a0\u00bb border_color_all_image=\u00a0\u00bb#ffffff\u00a0\u00bb][\/et_pb_gallery][\/et_pb_column][\/et_pb_row][\/et_pb_section]<\/p>\n","protected":false},"excerpt":{"rendered":"<p>\n\t\t\t<!-- START Home Trilamp REVOLUTION SLIDER 6.7.37 --><p class=\"rs-p-wp-fix\"><\/p>\n\t\t\t<rs-module-wrap id=\"rev_slider_8_2_wrapper\" data-source=\"gallery\" style=\"visibility:hidden;background:transparent;padding:0;margin:0px auto;margin-top:0;margin-bottom:0;\">\n\t\t\t\t<rs-module id=\"rev_slider_8_2\" style=\"\" data-version=\"6.7.37\">\n\t\t\t\t\t<rs-slides style=\"overflow: hidden; position: absolute;\">\n\t\t\t\t\t\t<rs-slide style=\"position: absolute;\" data-key=\"rs-26\" data-title=\"Slide\" data-anim=\"adpr:false;\" data-in=\"o:0;\" data-out=\"a:false;\">\n\t\t\t\t\t\t\t<img decoding=\"async\" src=\"\/\/www.trilamp.com\/wp-content\/plugins\/revslider\/sr6\/assets\/assets\/dummy.png\" alt=\"\" title=\"slide-1\" width=\"1920\" height=\"1080\" class=\"rev-slidebg tp-rs-img rs-lazyload\" data-lazyload=\"\/\/www.trilamp.com\/wp-content\/uploads\/slide-1.jpg\" data-no-retina>\n<!---->\t\t\t\t\t<\/rs-slide>\n\t\t\t\t\t\t<rs-slide style=\"position: absolute;\" data-key=\"rs-28\" data-title=\"Slide\" data-anim=\"adpr:false;\" data-in=\"o:0;\" data-out=\"a:false;\">\n\t\t\t\t\t\t\t<img decoding=\"async\" src=\"\/\/www.trilamp.com\/wp-content\/plugins\/revslider\/sr6\/assets\/assets\/dummy.png\" alt=\"\" title=\"slide-3\" width=\"1254\" height=\"718\" class=\"rev-slidebg tp-rs-img rs-lazyload\" data-lazyload=\"\/\/www.trilamp.com\/wp-content\/uploads\/slide-3.png\" data-no-retina>\n<!---->\t\t\t\t\t<\/rs-slide>\n\t\t\t\t\t\t<rs-slide style=\"position: absolute;\" data-key=\"rs-30\" data-title=\"Slide\" data-anim=\"adpr:false;\" data-in=\"o:0;\" data-out=\"a:false;\">\n\t\t\t\t\t\t\t<img decoding=\"async\" src=\"\/\/www.trilamp.com\/wp-content\/plugins\/revslider\/sr6\/assets\/assets\/dummy.png\" alt=\"\" title=\"slide-6\" width=\"1940\" height=\"828\" class=\"rev-slidebg tp-rs-img rs-lazyload\" data-lazyload=\"\/\/www.trilamp.com\/wp-content\/uploads\/slide-6.jpg\" data-no-retina>\n<!---->\t\t\t\t\t<\/rs-slide>\n\t\t\t\t\t<\/rs-slides>\n\t\t\t\t\t<rs-static-layers><!--\n\t\t\t\t\t--><\/rs-static-layers>\n\t\t\t\t<\/rs-module>\n\t\t\t\t<script>\n\t\t\t\t\tsetREVStartSize({c: 'rev_slider_8_2',rl:[1240,1024,778,480],el:[525],gw:[1240],gh:[525],type:'standard',justify:'',layout:'fullwidth',mh:\"0\"});if (window.RS_MODULES!==undefined && window.RS_MODULES.modules!==undefined && window.RS_MODULES.modules[\"revslider82\"]!==undefined) {window.RS_MODULES.modules[\"revslider82\"].once = false;window.revapi8_2 = undefined;if (window.RS_MODULES.checkMinimal!==undefined) window.RS_MODULES.checkMinimal()}\n\t\t\t\t<\/script>\n\t\t\t<\/rs-module-wrap>\n\t\t\t<!-- END REVOLUTION SLIDER -->\nBienvenue Nous sommes une entreprise familiale, depuis plus de 60 ans, situ\u00e9e dans la r\u00e9gion de Barcelone. Nous sommes d\u00e9di\u00e9s \u00e0 la fabrication d&rsquo;\u00e9clairage d\u00e9coratif, nous n&rsquo;importons PAS de produits de Chine. En effet, nous accordons une grande valeur au savoir-faire de nos produits. Nous visons \u00e0 fa\u00e7onner vos id\u00e9es gr\u00e2ce \u00e0 notre exp\u00e9rience, [&hellip;]<\/p>\n","protected":false},"author":4,"featured_media":0,"parent":0,"menu_order":0,"comment_status":"closed","ping_status":"closed","template":"","meta":{"_et_pb_use_builder":"on","_et_pb_old_content":"","_et_gb_content_width":"","footnotes":""},"class_list":["post-867","page","type-page","status-publish","hentry"],"yoast_head":"<!-- This site is optimized with the Yoast SEO plugin v27.5 - https:\/\/yoast.com\/product\/yoast-seo-wordpress\/ -->\n<title>Fabricant de l&#039;\u00e9clairage d\u00e9coratif - Trilamp<\/title>\n<meta name=\"robots\" content=\"index, follow, max-snippet:-1, max-image-preview:large, max-video-preview:-1\" \/>\n<link rel=\"canonical\" href=\"https:\/\/www.trilamp.com\/fr\/\" \/>\n<meta property=\"og:locale\" content=\"fr_FR\" \/>\n<meta property=\"og:type\" content=\"article\" \/>\n<meta property=\"og:title\" content=\"Fabricant de l&#039;\u00e9clairage d\u00e9coratif - Trilamp\" \/>\n<meta property=\"og:description\" content=\"Bienvenue Nous sommes une entreprise familiale, depuis plus de 60 ans, situ\u00e9e dans la r\u00e9gion de Barcelone. Nous sommes d\u00e9di\u00e9s \u00e0 la fabrication d&#039;\u00e9clairage d\u00e9coratif, nous n&#039;importons PAS de produits de Chine. En effet, nous accordons une grande valeur au savoir-faire de nos produits. Nous visons \u00e0 fa\u00e7onner vos id\u00e9es gr\u00e2ce \u00e0 notre exp\u00e9rience, [&hellip;]\" \/>\n<meta property=\"og:url\" content=\"https:\/\/www.trilamp.com\/fr\/\" \/>\n<meta property=\"og:site_name\" content=\"Trilamp\" \/>\n<meta property=\"article:modified_time\" content=\"2021-05-12T14:52:01+00:00\" \/>\n<meta name=\"twitter:label1\" content=\"Dur\u00e9e de lecture estim\u00e9e\" \/>\n\t<meta name=\"twitter:data1\" content=\"2 minutes\" \/>\n<script type=\"application\/ld+json\" class=\"yoast-schema-graph\">{\"@context\":\"https:\\\/\\\/schema.org\",\"@graph\":[{\"@type\":\"WebPage\",\"@id\":\"https:\\\/\\\/www.trilamp.com\\\/fr\\\/\",\"url\":\"https:\\\/\\\/www.trilamp.com\\\/fr\\\/\",\"name\":\"Fabricant de l'\u00e9clairage d\u00e9coratif - Trilamp\",\"isPartOf\":{\"@id\":\"https:\\\/\\\/www.trilamp.com\\\/#website\"},\"datePublished\":\"2015-01-29T14:50:41+00:00\",\"dateModified\":\"2021-05-12T14:52:01+00:00\",\"breadcrumb\":{\"@id\":\"https:\\\/\\\/www.trilamp.com\\\/fr\\\/#breadcrumb\"},\"inLanguage\":\"fr-FR\",\"potentialAction\":[{\"@type\":\"ReadAction\",\"target\":[\"https:\\\/\\\/www.trilamp.com\\\/fr\\\/\"]}]},{\"@type\":\"BreadcrumbList\",\"@id\":\"https:\\\/\\\/www.trilamp.com\\\/fr\\\/#breadcrumb\",\"itemListElement\":[{\"@type\":\"ListItem\",\"position\":1,\"name\":\"Portada\",\"item\":\"https:\\\/\\\/www.trilamp.com\\\/fr\\\/\"},{\"@type\":\"ListItem\",\"position\":2,\"name\":\"Home-Fabricant de l&rsquo;\u00e9clairage d\u00e9coratif\"}]},{\"@type\":\"WebSite\",\"@id\":\"https:\\\/\\\/www.trilamp.com\\\/#website\",\"url\":\"https:\\\/\\\/www.trilamp.com\\\/\",\"name\":\"Trilamp\",\"description\":\"\",\"potentialAction\":[{\"@type\":\"SearchAction\",\"target\":{\"@type\":\"EntryPoint\",\"urlTemplate\":\"https:\\\/\\\/www.trilamp.com\\\/?s={search_term_string}\"},\"query-input\":{\"@type\":\"PropertyValueSpecification\",\"valueRequired\":true,\"valueName\":\"search_term_string\"}}],\"inLanguage\":\"fr-FR\"}]}<\/script>\n<!-- \/ Yoast SEO plugin. -->","yoast_head_json":{"title":"Fabricant de l'\u00e9clairage d\u00e9coratif - Trilamp","robots":{"index":"index","follow":"follow","max-snippet":"max-snippet:-1","max-image-preview":"max-image-preview:large","max-video-preview":"max-video-preview:-1"},"canonical":"https:\/\/www.trilamp.com\/fr\/","og_locale":"fr_FR","og_type":"article","og_title":"Fabricant de l'\u00e9clairage d\u00e9coratif - Trilamp","og_description":"Bienvenue Nous sommes une entreprise familiale, depuis plus de 60 ans, situ\u00e9e dans la r\u00e9gion de Barcelone. Nous sommes d\u00e9di\u00e9s \u00e0 la fabrication d'\u00e9clairage d\u00e9coratif, nous n'importons PAS de produits de Chine. En effet, nous accordons une grande valeur au savoir-faire de nos produits. Nous visons \u00e0 fa\u00e7onner vos id\u00e9es gr\u00e2ce \u00e0 notre exp\u00e9rience, [&hellip;]","og_url":"https:\/\/www.trilamp.com\/fr\/","og_site_name":"Trilamp","article_modified_time":"2021-05-12T14:52:01+00:00","twitter_misc":{"Dur\u00e9e de lecture estim\u00e9e":"2 minutes"},"schema":{"@context":"https:\/\/schema.org","@graph":[{"@type":"WebPage","@id":"https:\/\/www.trilamp.com\/fr\/","url":"https:\/\/www.trilamp.com\/fr\/","name":"Fabricant de l'\u00e9clairage d\u00e9coratif - Trilamp","isPartOf":{"@id":"https:\/\/www.trilamp.com\/#website"},"datePublished":"2015-01-29T14:50:41+00:00","dateModified":"2021-05-12T14:52:01+00:00","breadcrumb":{"@id":"https:\/\/www.trilamp.com\/fr\/#breadcrumb"},"inLanguage":"fr-FR","potentialAction":[{"@type":"ReadAction","target":["https:\/\/www.trilamp.com\/fr\/"]}]},{"@type":"BreadcrumbList","@id":"https:\/\/www.trilamp.com\/fr\/#breadcrumb","itemListElement":[{"@type":"ListItem","position":1,"name":"Portada","item":"https:\/\/www.trilamp.com\/fr\/"},{"@type":"ListItem","position":2,"name":"Home-Fabricant de l&rsquo;\u00e9clairage d\u00e9coratif"}]},{"@type":"WebSite","@id":"https:\/\/www.trilamp.com\/#website","url":"https:\/\/www.trilamp.com\/","name":"Trilamp","description":"","potentialAction":[{"@type":"SearchAction","target":{"@type":"EntryPoint","urlTemplate":"https:\/\/www.trilamp.com\/?s={search_term_string}"},"query-input":{"@type":"PropertyValueSpecification","valueRequired":true,"valueName":"search_term_string"}}],"inLanguage":"fr-FR"}]}},"_links":{"self":[{"href":"https:\/\/www.trilamp.com\/fr\/wp-json\/wp\/v2\/pages\/867","targetHints":{"allow":["GET"]}}],"collection":[{"href":"https:\/\/www.trilamp.com\/fr\/wp-json\/wp\/v2\/pages"}],"about":[{"href":"https:\/\/www.trilamp.com\/fr\/wp-json\/wp\/v2\/types\/page"}],"author":[{"embeddable":true,"href":"https:\/\/www.trilamp.com\/fr\/wp-json\/wp\/v2\/users\/4"}],"replies":[{"embeddable":true,"href":"https:\/\/www.trilamp.com\/fr\/wp-json\/wp\/v2\/comments?post=867"}],"version-history":[{"count":16,"href":"https:\/\/www.trilamp.com\/fr\/wp-json\/wp\/v2\/pages\/867\/revisions"}],"predecessor-version":[{"id":5319,"href":"https:\/\/www.trilamp.com\/fr\/wp-json\/wp\/v2\/pages\/867\/revisions\/5319"}],"wp:attachment":[{"href":"https:\/\/www.trilamp.com\/fr\/wp-json\/wp\/v2\/media?parent=867"}],"curies":[{"name":"wp","href":"https:\/\/api.w.org\/{rel}","templated":true}]}}