{"id":7088,"date":"2024-04-30T12:35:16","date_gmt":"2024-04-30T10:35:16","guid":{"rendered":"https:\/\/www.trilamp.com\/?page_id=7088"},"modified":"2024-04-30T12:39:31","modified_gmt":"2024-04-30T10:39:31","slug":"deduo-2","status":"publish","type":"page","link":"https:\/\/www.trilamp.com\/fr\/deduo-2\/","title":{"rendered":"DEDUO"},"content":{"rendered":"<p>[et_pb_section fb_built=\u00a0\u00bb1&Prime; _builder_version=\u00a0\u00bb4.16&Prime; _module_preset=\u00a0\u00bbdefault\u00a0\u00bb background_image=\u00a0\u00bbhttp:\/\/nueva.trilamp.com\/wp-content\/uploads\/bannerdisenadores.png\u00a0\u00bb custom_padding=\u00a0\u00bb50px||50px|||\u00a0\u00bb global_colors_info=\u00a0\u00bb{}\u00a0\u00bb][et_pb_row _builder_version=\u00a0\u00bb4.16&Prime; _module_preset=\u00a0\u00bbdefault\u00a0\u00bb global_colors_info=\u00a0\u00bb{}\u00a0\u00bb][et_pb_column type=\u00a0\u00bb4_4&Prime; _builder_version=\u00a0\u00bb4.16&Prime; _module_preset=\u00a0\u00bbdefault\u00a0\u00bb global_colors_info=\u00a0\u00bb{}\u00a0\u00bb][et_pb_text _builder_version=\u00a0\u00bb4.16&Prime; _module_preset=\u00a0\u00bbdefault\u00a0\u00bb text_font=\u00a0\u00bb|300|||||||\u00a0\u00bb text_text_color=\u00a0\u00bb#ffffff\u00a0\u00bb text_font_size=\u00a0\u00bb40px\u00a0\u00bb text_letter_spacing=\u00a0\u00bb1px\u00a0\u00bb text_orientation=\u00a0\u00bbcenter\u00a0\u00bb global_colors_info=\u00a0\u00bb{}\u00a0\u00bb]CARRASCO BARCELO[\/et_pb_text][\/et_pb_column][\/et_pb_row][\/et_pb_section][et_pb_section fb_built=\u00a0\u00bb1&Prime; _builder_version=\u00a0\u00bb4.16&Prime; _module_preset=\u00a0\u00bbdefault\u00a0\u00bb custom_padding=\u00a0\u00bb0px||0px|||\u00a0\u00bb global_colors_info=\u00a0\u00bb{}\u00a0\u00bb][et_pb_row _builder_version=\u00a0\u00bb4.16&Prime; _module_preset=\u00a0\u00bbdefault\u00a0\u00bb max_width=\u00a0\u00bb950px\u00a0\u00bb custom_padding=\u00a0\u00bb||33px|||\u00a0\u00bb global_colors_info=\u00a0\u00bb{}\u00a0\u00bb][et_pb_column type=\u00a0\u00bb4_4&Prime; _builder_version=\u00a0\u00bb4.16&Prime; _module_preset=\u00a0\u00bbdefault\u00a0\u00bb global_colors_info=\u00a0\u00bb{}\u00a0\u00bb][et_pb_text _builder_version=\u00a0\u00bb4.25.0&Prime; _module_preset=\u00a0\u00bbdefault\u00a0\u00bb text_orientation=\u00a0\u00bbcenter\u00a0\u00bb custom_margin=\u00a0\u00bb-112px|||||\u00a0\u00bb inline_fonts=\u00a0\u00bbMontserrat\u00a0\u00bb global_colors_info=\u00a0\u00bb{}\u00a0\u00bb]<\/p>\n<h1><em><strong><span style=\"font-size: xx-large; font-family: Montserrat;\">DEDUO<\/span><\/strong><\/em><\/h1>\n<p>[\/et_pb_text][et_pb_text _builder_version=\u00a0\u00bb4.25.0&Prime; _module_preset=\u00a0\u00bbdefault\u00a0\u00bb text_orientation=\u00a0\u00bbcenter\u00a0\u00bb global_colors_info=\u00a0\u00bb{}\u00a0\u00bb]<\/p>\n<p>Eva est designer et joailli\u00e8re, et Gonzalo est designer de produits. Ils ont fond\u00e9 leur studio de design en 2006. Depuis, ils ont fabriqu\u00e9 une grande vari\u00e9t\u00e9 de produits pour diff\u00e9rents secteurs. Ils portent un grand int\u00e9r\u00eat \u00e0 la combinaison du design et de l\u2019artisanat.<\/p>\n<p><em><strong>\u00ab On s&rsquo;amuse, on partage et surtout on est passionn\u00e9 par ce que l&rsquo;on fait \u00bb<\/strong><\/em><\/p>\n<p>[\/et_pb_text][\/et_pb_column][\/et_pb_row][\/et_pb_section][et_pb_section fb_built=\u00a0\u00bb1&Prime; _builder_version=\u00a0\u00bb4.16&Prime; _module_preset=\u00a0\u00bbdefault\u00a0\u00bb custom_padding=\u00a0\u00bb0px||0px|||\u00a0\u00bb global_colors_info=\u00a0\u00bb{}\u00a0\u00bb][et_pb_row _builder_version=\u00a0\u00bb4.16&Prime; _module_preset=\u00a0\u00bbdefault\u00a0\u00bb custom_padding=\u00a0\u00bb0px||50px|||\u00a0\u00bb global_colors_info=\u00a0\u00bb{}\u00a0\u00bb][et_pb_column type=\u00a0\u00bb4_4&Prime; _builder_version=\u00a0\u00bb4.16&Prime; _module_preset=\u00a0\u00bbdefault\u00a0\u00bb global_colors_info=\u00a0\u00bb{}\u00a0\u00bb][et_pb_image src=\u00a0\u00bbhttps:\/\/www.trilamp.com\/wp-content\/uploads\/FOTO-DEDUO-BN-2024.jpg\u00a0\u00bb title_text=\u00a0\u00bbFOTO DEDUO BN 2024&Prime; align=\u00a0\u00bbcenter\u00a0\u00bb _builder_version=\u00a0\u00bb4.25.0&Prime; _module_preset=\u00a0\u00bbdefault\u00a0\u00bb max_width=\u00a0\u00bb350px\u00a0\u00bb global_colors_info=\u00a0\u00bb{}\u00a0\u00bb][\/et_pb_image][\/et_pb_column][\/et_pb_row][\/et_pb_section]<\/p>\n","protected":false},"excerpt":{"rendered":"<p>CARRASCO BARCELODEDUOEva est designer et joailli\u00e8re, et Gonzalo est designer de produits. Ils ont fond\u00e9 leur studio de design en 2006. Depuis, ils ont fabriqu\u00e9 une grande vari\u00e9t\u00e9 de produits pour diff\u00e9rents secteurs. Ils portent un grand int\u00e9r\u00eat \u00e0 la combinaison du design et de l\u2019artisanat. \u00ab On s&rsquo;amuse, on partage et surtout on est [&hellip;]<\/p>\n","protected":false},"author":999,"featured_media":0,"parent":0,"menu_order":0,"comment_status":"closed","ping_status":"closed","template":"","meta":{"_et_pb_use_builder":"on","_et_pb_old_content":"","_et_gb_content_width":"","footnotes":""},"class_list":["post-7088","page","type-page","status-publish","hentry"],"yoast_head":"<!-- This site is optimized with the Yoast SEO plugin v26.8 - https:\/\/yoast.com\/product\/yoast-seo-wordpress\/ -->\n<title>DEDUO - Trilamp<\/title>\n<meta name=\"robots\" content=\"index, follow, max-snippet:-1, max-image-preview:large, max-video-preview:-1\" \/>\n<link rel=\"canonical\" href=\"https:\/\/www.trilamp.com\/fr\/deduo-2\/\" \/>\n<meta property=\"og:locale\" content=\"fr_FR\" \/>\n<meta property=\"og:type\" content=\"article\" \/>\n<meta property=\"og:title\" content=\"DEDUO - Trilamp\" \/>\n<meta property=\"og:description\" content=\"CARRASCO BARCELODEDUOEva est designer et joailli\u00e8re, et Gonzalo est designer de produits. Ils ont fond\u00e9 leur studio de design en 2006. Depuis, ils ont fabriqu\u00e9 une grande vari\u00e9t\u00e9 de produits pour diff\u00e9rents secteurs. Ils portent un grand int\u00e9r\u00eat \u00e0 la combinaison du design et de l\u2019artisanat. \u00ab On s&#039;amuse, on partage et surtout on est [&hellip;]\" \/>\n<meta property=\"og:url\" content=\"https:\/\/www.trilamp.com\/fr\/deduo-2\/\" \/>\n<meta property=\"og:site_name\" content=\"Trilamp\" \/>\n<meta property=\"article:modified_time\" content=\"2024-04-30T10:39:31+00:00\" \/>\n<meta name=\"twitter:label1\" content=\"Dur\u00e9e de lecture estim\u00e9e\" \/>\n\t<meta name=\"twitter:data1\" content=\"1 minute\" \/>\n<script type=\"application\/ld+json\" class=\"yoast-schema-graph\">{\"@context\":\"https:\/\/schema.org\",\"@graph\":[{\"@type\":\"WebPage\",\"@id\":\"https:\/\/www.trilamp.com\/fr\/deduo-2\/\",\"url\":\"https:\/\/www.trilamp.com\/fr\/deduo-2\/\",\"name\":\"DEDUO - Trilamp\",\"isPartOf\":{\"@id\":\"https:\/\/www.trilamp.com\/#website\"},\"datePublished\":\"2024-04-30T10:35:16+00:00\",\"dateModified\":\"2024-04-30T10:39:31+00:00\",\"breadcrumb\":{\"@id\":\"https:\/\/www.trilamp.com\/fr\/deduo-2\/#breadcrumb\"},\"inLanguage\":\"fr-FR\",\"potentialAction\":[{\"@type\":\"ReadAction\",\"target\":[\"https:\/\/www.trilamp.com\/fr\/deduo-2\/\"]}]},{\"@type\":\"BreadcrumbList\",\"@id\":\"https:\/\/www.trilamp.com\/fr\/deduo-2\/#breadcrumb\",\"itemListElement\":[{\"@type\":\"ListItem\",\"position\":1,\"name\":\"Portada\",\"item\":\"https:\/\/www.trilamp.com\/fr\/\"},{\"@type\":\"ListItem\",\"position\":2,\"name\":\"DEDUO\"}]},{\"@type\":\"WebSite\",\"@id\":\"https:\/\/www.trilamp.com\/#website\",\"url\":\"https:\/\/www.trilamp.com\/\",\"name\":\"Trilamp\",\"description\":\"\",\"potentialAction\":[{\"@type\":\"SearchAction\",\"target\":{\"@type\":\"EntryPoint\",\"urlTemplate\":\"https:\/\/www.trilamp.com\/?s={search_term_string}\"},\"query-input\":{\"@type\":\"PropertyValueSpecification\",\"valueRequired\":true,\"valueName\":\"search_term_string\"}}],\"inLanguage\":\"fr-FR\"}]}<\/script>\n<!-- \/ Yoast SEO plugin. -->","yoast_head_json":{"title":"DEDUO - Trilamp","robots":{"index":"index","follow":"follow","max-snippet":"max-snippet:-1","max-image-preview":"max-image-preview:large","max-video-preview":"max-video-preview:-1"},"canonical":"https:\/\/www.trilamp.com\/fr\/deduo-2\/","og_locale":"fr_FR","og_type":"article","og_title":"DEDUO - Trilamp","og_description":"CARRASCO BARCELODEDUOEva est designer et joailli\u00e8re, et Gonzalo est designer de produits. Ils ont fond\u00e9 leur studio de design en 2006. Depuis, ils ont fabriqu\u00e9 une grande vari\u00e9t\u00e9 de produits pour diff\u00e9rents secteurs. Ils portent un grand int\u00e9r\u00eat \u00e0 la combinaison du design et de l\u2019artisanat. \u00ab On s'amuse, on partage et surtout on est [&hellip;]","og_url":"https:\/\/www.trilamp.com\/fr\/deduo-2\/","og_site_name":"Trilamp","article_modified_time":"2024-04-30T10:39:31+00:00","twitter_misc":{"Dur\u00e9e de lecture estim\u00e9e":"1 minute"},"schema":{"@context":"https:\/\/schema.org","@graph":[{"@type":"WebPage","@id":"https:\/\/www.trilamp.com\/fr\/deduo-2\/","url":"https:\/\/www.trilamp.com\/fr\/deduo-2\/","name":"DEDUO - Trilamp","isPartOf":{"@id":"https:\/\/www.trilamp.com\/#website"},"datePublished":"2024-04-30T10:35:16+00:00","dateModified":"2024-04-30T10:39:31+00:00","breadcrumb":{"@id":"https:\/\/www.trilamp.com\/fr\/deduo-2\/#breadcrumb"},"inLanguage":"fr-FR","potentialAction":[{"@type":"ReadAction","target":["https:\/\/www.trilamp.com\/fr\/deduo-2\/"]}]},{"@type":"BreadcrumbList","@id":"https:\/\/www.trilamp.com\/fr\/deduo-2\/#breadcrumb","itemListElement":[{"@type":"ListItem","position":1,"name":"Portada","item":"https:\/\/www.trilamp.com\/fr\/"},{"@type":"ListItem","position":2,"name":"DEDUO"}]},{"@type":"WebSite","@id":"https:\/\/www.trilamp.com\/#website","url":"https:\/\/www.trilamp.com\/","name":"Trilamp","description":"","potentialAction":[{"@type":"SearchAction","target":{"@type":"EntryPoint","urlTemplate":"https:\/\/www.trilamp.com\/?s={search_term_string}"},"query-input":{"@type":"PropertyValueSpecification","valueRequired":true,"valueName":"search_term_string"}}],"inLanguage":"fr-FR"}]}},"_links":{"self":[{"href":"https:\/\/www.trilamp.com\/fr\/wp-json\/wp\/v2\/pages\/7088","targetHints":{"allow":["GET"]}}],"collection":[{"href":"https:\/\/www.trilamp.com\/fr\/wp-json\/wp\/v2\/pages"}],"about":[{"href":"https:\/\/www.trilamp.com\/fr\/wp-json\/wp\/v2\/types\/page"}],"author":[{"embeddable":true,"href":"https:\/\/www.trilamp.com\/fr\/wp-json\/wp\/v2\/users\/999"}],"replies":[{"embeddable":true,"href":"https:\/\/www.trilamp.com\/fr\/wp-json\/wp\/v2\/comments?post=7088"}],"version-history":[{"count":3,"href":"https:\/\/www.trilamp.com\/fr\/wp-json\/wp\/v2\/pages\/7088\/revisions"}],"predecessor-version":[{"id":7115,"href":"https:\/\/www.trilamp.com\/fr\/wp-json\/wp\/v2\/pages\/7088\/revisions\/7115"}],"wp:attachment":[{"href":"https:\/\/www.trilamp.com\/fr\/wp-json\/wp\/v2\/media?parent=7088"}],"curies":[{"name":"wp","href":"https:\/\/api.w.org\/{rel}","templated":true}]}}