{"id":5434,"date":"2021-05-13T13:15:36","date_gmt":"2021-05-13T11:15:36","guid":{"rendered":"http:\/\/nueva.trilamp.com\/carrasco-barcelo"},"modified":"2023-09-28T13:50:12","modified_gmt":"2023-09-28T11:50:12","slug":"carrasco-barcelo","status":"publish","type":"page","link":"https:\/\/www.trilamp.com\/fr\/carrasco-barcelo\/","title":{"rendered":"CARRASCO BARCELO"},"content":{"rendered":"<p>[et_pb_section fb_built=\u00a0\u00bb1&Prime; _builder_version=\u00a0\u00bb4.16&Prime; _module_preset=\u00a0\u00bbdefault\u00a0\u00bb background_image=\u00a0\u00bbhttp:\/\/nueva.trilamp.com\/wp-content\/uploads\/bannerdisenadores.png\u00a0\u00bb custom_padding=\u00a0\u00bb50px||50px|||\u00a0\u00bb global_colors_info=\u00a0\u00bb{}\u00a0\u00bb][et_pb_row _builder_version=\u00a0\u00bb4.16&Prime; _module_preset=\u00a0\u00bbdefault\u00a0\u00bb global_colors_info=\u00a0\u00bb{}\u00a0\u00bb][et_pb_column type=\u00a0\u00bb4_4&Prime; _builder_version=\u00a0\u00bb4.16&Prime; _module_preset=\u00a0\u00bbdefault\u00a0\u00bb global_colors_info=\u00a0\u00bb{}\u00a0\u00bb][et_pb_text _builder_version=\u00a0\u00bb4.16&Prime; _module_preset=\u00a0\u00bbdefault\u00a0\u00bb text_font=\u00a0\u00bb|300|||||||\u00a0\u00bb text_text_color=\u00a0\u00bb#ffffff\u00a0\u00bb text_font_size=\u00a0\u00bb40px\u00a0\u00bb text_letter_spacing=\u00a0\u00bb1px\u00a0\u00bb text_orientation=\u00a0\u00bbcenter\u00a0\u00bb global_colors_info=\u00a0\u00bb{}\u00a0\u00bb]CARRASCO BARCELO[\/et_pb_text][\/et_pb_column][\/et_pb_row][\/et_pb_section][et_pb_section fb_built=\u00a0\u00bb1&Prime; _builder_version=\u00a0\u00bb4.16&Prime; _module_preset=\u00a0\u00bbdefault\u00a0\u00bb custom_padding=\u00a0\u00bb0px||0px|||\u00a0\u00bb global_colors_info=\u00a0\u00bb{}\u00a0\u00bb][et_pb_row _builder_version=\u00a0\u00bb4.16&Prime; _module_preset=\u00a0\u00bbdefault\u00a0\u00bb max_width=\u00a0\u00bb950px\u00a0\u00bb custom_padding=\u00a0\u00bb||33px|||\u00a0\u00bb global_colors_info=\u00a0\u00bb{}\u00a0\u00bb][et_pb_column type=\u00a0\u00bb4_4&Prime; _builder_version=\u00a0\u00bb4.16&Prime; _module_preset=\u00a0\u00bbdefault\u00a0\u00bb global_colors_info=\u00a0\u00bb{}\u00a0\u00bb][et_pb_text _builder_version=\u00a0\u00bb4.16&Prime; _module_preset=\u00a0\u00bbdefault\u00a0\u00bb text_orientation=\u00a0\u00bbcenter\u00a0\u00bb custom_margin=\u00a0\u00bb-112px|||||\u00a0\u00bb inline_fonts=\u00a0\u00bbMontserrat\u00a0\u00bb global_colors_info=\u00a0\u00bb{}\u00a0\u00bb]<\/p>\n<h1><em><strong><span style=\"font-size: xx-large; font-family: Montserrat;\">JOSEP BASTIDA<\/span><\/strong><\/em><\/h1>\n<p>[\/et_pb_text][et_pb_text _builder_version=\u00a0\u00bb4.22.2&Prime; _module_preset=\u00a0\u00bbdefault\u00a0\u00bb text_orientation=\u00a0\u00bbcenter\u00a0\u00bb hover_enabled=\u00a0\u00bb0&Prime; global_colors_info=\u00a0\u00bb{}\u00a0\u00bb sticky_enabled=\u00a0\u00bb0&Prime;]Josep Bastida est un designer produit dipl\u00f4m\u00e9 en 2019 de l&rsquo;IED de Barcelone. Il est passionn\u00e9 par l&rsquo;objet, le savoir-faire artisanal et les bijoux raffin\u00e9s. Leurs cr\u00e9ations recherchent la finesse et l&rsquo;\u00e9l\u00e9gance, aboutissant \u00e0 des objets d\u00e9licats et \u00e9l\u00e9gants. Passionn\u00e9 par les nouvelles technologies, il les applique dans la conception de ses produits pour cr\u00e9er des formes aux g\u00e9om\u00e9tries innovantes et parfois complexes. Il est particuli\u00e8rement attentif aux proc\u00e9d\u00e9s de fabrication et aux mat\u00e9riaux utilis\u00e9s dans son travail.<br \/>\n[\/et_pb_text][\/et_pb_column][\/et_pb_row][\/et_pb_section][et_pb_section fb_built=\u00a0\u00bb1&Prime; _builder_version=\u00a0\u00bb4.16&Prime; _module_preset=\u00a0\u00bbdefault\u00a0\u00bb custom_padding=\u00a0\u00bb0px||0px|||\u00a0\u00bb global_colors_info=\u00a0\u00bb{}\u00a0\u00bb][et_pb_row _builder_version=\u00a0\u00bb4.16&Prime; _module_preset=\u00a0\u00bbdefault\u00a0\u00bb custom_padding=\u00a0\u00bb0px||35px|||\u00a0\u00bb global_colors_info=\u00a0\u00bb{}\u00a0\u00bb][et_pb_column type=\u00a0\u00bb4_4&Prime; _builder_version=\u00a0\u00bb4.16&Prime; _module_preset=\u00a0\u00bbdefault\u00a0\u00bb global_colors_info=\u00a0\u00bb{}\u00a0\u00bb][et_pb_image src=\u00a0\u00bbhttps:\/\/www.trilamp.com\/wp-content\/uploads\/Foto-JosepBW-1.jpg\u00a0\u00bb title_text=\u00a0\u00bbFoto JosepBW\u00a0\u00bb align=\u00a0\u00bbcenter\u00a0\u00bb _builder_version=\u00a0\u00bb4.16&Prime; _module_preset=\u00a0\u00bbdefault\u00a0\u00bb max_width=\u00a0\u00bb350px\u00a0\u00bb global_colors_info=\u00a0\u00bb{}\u00a0\u00bb][\/et_pb_image][\/et_pb_column][\/et_pb_row][\/et_pb_section]<\/p>\n","protected":false},"excerpt":{"rendered":"<p>CARRASCO BARCELOJOSEP BASTIDAJosep Bastida est un designer produit dipl\u00f4m\u00e9 en 2019 de l&rsquo;IED de Barcelone. Il est passionn\u00e9 par l&rsquo;objet, le savoir-faire artisanal et les bijoux raffin\u00e9s. Leurs cr\u00e9ations recherchent la finesse et l&rsquo;\u00e9l\u00e9gance, aboutissant \u00e0 des objets d\u00e9licats et \u00e9l\u00e9gants. Passionn\u00e9 par les nouvelles technologies, il les applique dans la conception de ses produits [&hellip;]<\/p>\n","protected":false},"author":999,"featured_media":0,"parent":0,"menu_order":0,"comment_status":"closed","ping_status":"closed","template":"","meta":{"_et_pb_use_builder":"on","_et_pb_old_content":"","_et_gb_content_width":"","footnotes":""},"class_list":["post-5434","page","type-page","status-publish","hentry"],"yoast_head":"<!-- This site is optimized with the Yoast SEO plugin v26.8 - https:\/\/yoast.com\/product\/yoast-seo-wordpress\/ -->\n<title>CARRASCO BARCELO - Trilamp<\/title>\n<meta name=\"robots\" content=\"index, follow, max-snippet:-1, max-image-preview:large, max-video-preview:-1\" \/>\n<link rel=\"canonical\" href=\"https:\/\/www.trilamp.com\/fr\/carrasco-barcelo\/\" \/>\n<meta property=\"og:locale\" content=\"fr_FR\" \/>\n<meta property=\"og:type\" content=\"article\" \/>\n<meta property=\"og:title\" content=\"CARRASCO BARCELO - Trilamp\" \/>\n<meta property=\"og:description\" content=\"CARRASCO BARCELOJOSEP BASTIDAJosep Bastida est un designer produit dipl\u00f4m\u00e9 en 2019 de l&#039;IED de Barcelone. Il est passionn\u00e9 par l&#039;objet, le savoir-faire artisanal et les bijoux raffin\u00e9s. Leurs cr\u00e9ations recherchent la finesse et l&#039;\u00e9l\u00e9gance, aboutissant \u00e0 des objets d\u00e9licats et \u00e9l\u00e9gants. Passionn\u00e9 par les nouvelles technologies, il les applique dans la conception de ses produits [&hellip;]\" \/>\n<meta property=\"og:url\" content=\"https:\/\/www.trilamp.com\/fr\/carrasco-barcelo\/\" \/>\n<meta property=\"og:site_name\" content=\"Trilamp\" \/>\n<meta property=\"article:modified_time\" content=\"2023-09-28T11:50:12+00:00\" \/>\n<meta name=\"twitter:label1\" content=\"Dur\u00e9e de lecture estim\u00e9e\" \/>\n\t<meta name=\"twitter:data1\" content=\"2 minutes\" \/>\n<script type=\"application\/ld+json\" class=\"yoast-schema-graph\">{\"@context\":\"https:\/\/schema.org\",\"@graph\":[{\"@type\":\"WebPage\",\"@id\":\"https:\/\/www.trilamp.com\/fr\/carrasco-barcelo\/\",\"url\":\"https:\/\/www.trilamp.com\/fr\/carrasco-barcelo\/\",\"name\":\"CARRASCO BARCELO - Trilamp\",\"isPartOf\":{\"@id\":\"https:\/\/www.trilamp.com\/#website\"},\"datePublished\":\"2021-05-13T11:15:36+00:00\",\"dateModified\":\"2023-09-28T11:50:12+00:00\",\"breadcrumb\":{\"@id\":\"https:\/\/www.trilamp.com\/fr\/carrasco-barcelo\/#breadcrumb\"},\"inLanguage\":\"fr-FR\",\"potentialAction\":[{\"@type\":\"ReadAction\",\"target\":[\"https:\/\/www.trilamp.com\/fr\/carrasco-barcelo\/\"]}]},{\"@type\":\"BreadcrumbList\",\"@id\":\"https:\/\/www.trilamp.com\/fr\/carrasco-barcelo\/#breadcrumb\",\"itemListElement\":[{\"@type\":\"ListItem\",\"position\":1,\"name\":\"Portada\",\"item\":\"https:\/\/www.trilamp.com\/fr\/\"},{\"@type\":\"ListItem\",\"position\":2,\"name\":\"CARRASCO BARCELO\"}]},{\"@type\":\"WebSite\",\"@id\":\"https:\/\/www.trilamp.com\/#website\",\"url\":\"https:\/\/www.trilamp.com\/\",\"name\":\"Trilamp\",\"description\":\"\",\"potentialAction\":[{\"@type\":\"SearchAction\",\"target\":{\"@type\":\"EntryPoint\",\"urlTemplate\":\"https:\/\/www.trilamp.com\/?s={search_term_string}\"},\"query-input\":{\"@type\":\"PropertyValueSpecification\",\"valueRequired\":true,\"valueName\":\"search_term_string\"}}],\"inLanguage\":\"fr-FR\"}]}<\/script>\n<!-- \/ Yoast SEO plugin. -->","yoast_head_json":{"title":"CARRASCO BARCELO - Trilamp","robots":{"index":"index","follow":"follow","max-snippet":"max-snippet:-1","max-image-preview":"max-image-preview:large","max-video-preview":"max-video-preview:-1"},"canonical":"https:\/\/www.trilamp.com\/fr\/carrasco-barcelo\/","og_locale":"fr_FR","og_type":"article","og_title":"CARRASCO BARCELO - Trilamp","og_description":"CARRASCO BARCELOJOSEP BASTIDAJosep Bastida est un designer produit dipl\u00f4m\u00e9 en 2019 de l'IED de Barcelone. Il est passionn\u00e9 par l'objet, le savoir-faire artisanal et les bijoux raffin\u00e9s. Leurs cr\u00e9ations recherchent la finesse et l'\u00e9l\u00e9gance, aboutissant \u00e0 des objets d\u00e9licats et \u00e9l\u00e9gants. Passionn\u00e9 par les nouvelles technologies, il les applique dans la conception de ses produits [&hellip;]","og_url":"https:\/\/www.trilamp.com\/fr\/carrasco-barcelo\/","og_site_name":"Trilamp","article_modified_time":"2023-09-28T11:50:12+00:00","twitter_misc":{"Dur\u00e9e de lecture estim\u00e9e":"2 minutes"},"schema":{"@context":"https:\/\/schema.org","@graph":[{"@type":"WebPage","@id":"https:\/\/www.trilamp.com\/fr\/carrasco-barcelo\/","url":"https:\/\/www.trilamp.com\/fr\/carrasco-barcelo\/","name":"CARRASCO BARCELO - Trilamp","isPartOf":{"@id":"https:\/\/www.trilamp.com\/#website"},"datePublished":"2021-05-13T11:15:36+00:00","dateModified":"2023-09-28T11:50:12+00:00","breadcrumb":{"@id":"https:\/\/www.trilamp.com\/fr\/carrasco-barcelo\/#breadcrumb"},"inLanguage":"fr-FR","potentialAction":[{"@type":"ReadAction","target":["https:\/\/www.trilamp.com\/fr\/carrasco-barcelo\/"]}]},{"@type":"BreadcrumbList","@id":"https:\/\/www.trilamp.com\/fr\/carrasco-barcelo\/#breadcrumb","itemListElement":[{"@type":"ListItem","position":1,"name":"Portada","item":"https:\/\/www.trilamp.com\/fr\/"},{"@type":"ListItem","position":2,"name":"CARRASCO BARCELO"}]},{"@type":"WebSite","@id":"https:\/\/www.trilamp.com\/#website","url":"https:\/\/www.trilamp.com\/","name":"Trilamp","description":"","potentialAction":[{"@type":"SearchAction","target":{"@type":"EntryPoint","urlTemplate":"https:\/\/www.trilamp.com\/?s={search_term_string}"},"query-input":{"@type":"PropertyValueSpecification","valueRequired":true,"valueName":"search_term_string"}}],"inLanguage":"fr-FR"}]}},"_links":{"self":[{"href":"https:\/\/www.trilamp.com\/fr\/wp-json\/wp\/v2\/pages\/5434","targetHints":{"allow":["GET"]}}],"collection":[{"href":"https:\/\/www.trilamp.com\/fr\/wp-json\/wp\/v2\/pages"}],"about":[{"href":"https:\/\/www.trilamp.com\/fr\/wp-json\/wp\/v2\/types\/page"}],"author":[{"embeddable":true,"href":"https:\/\/www.trilamp.com\/fr\/wp-json\/wp\/v2\/users\/999"}],"replies":[{"embeddable":true,"href":"https:\/\/www.trilamp.com\/fr\/wp-json\/wp\/v2\/comments?post=5434"}],"version-history":[{"count":3,"href":"https:\/\/www.trilamp.com\/fr\/wp-json\/wp\/v2\/pages\/5434\/revisions"}],"predecessor-version":[{"id":7011,"href":"https:\/\/www.trilamp.com\/fr\/wp-json\/wp\/v2\/pages\/5434\/revisions\/7011"}],"wp:attachment":[{"href":"https:\/\/www.trilamp.com\/fr\/wp-json\/wp\/v2\/media?parent=5434"}],"curies":[{"name":"wp","href":"https:\/\/api.w.org\/{rel}","templated":true}]}}