{"id":5420,"date":"2021-05-13T13:06:39","date_gmt":"2021-05-13T11:06:39","guid":{"rendered":"http:\/\/nueva.trilamp.com\/gauzak"},"modified":"2024-05-29T12:12:00","modified_gmt":"2024-05-29T10:12:00","slug":"gauzak","status":"publish","type":"page","link":"https:\/\/www.trilamp.com\/fr\/gauzak\/","title":{"rendered":"GAUZAK"},"content":{"rendered":"<p>[et_pb_section fb_built=\u00a0\u00bb1&Prime; _builder_version=\u00a0\u00bb4.16&Prime; _module_preset=\u00a0\u00bbdefault\u00a0\u00bb custom_padding=\u00a0\u00bb0px||0px|||\u00a0\u00bb global_colors_info=\u00a0\u00bb{}\u00a0\u00bb][et_pb_row _builder_version=\u00a0\u00bb4.16&Prime; _module_preset=\u00a0\u00bbdefault\u00a0\u00bb max_width=\u00a0\u00bb950px\u00a0\u00bb custom_padding=\u00a0\u00bb||33px|||\u00a0\u00bb global_colors_info=\u00a0\u00bb{}\u00a0\u00bb][et_pb_column type=\u00a0\u00bb4_4&Prime; _builder_version=\u00a0\u00bb4.16&Prime; _module_preset=\u00a0\u00bbdefault\u00a0\u00bb global_colors_info=\u00a0\u00bb{}\u00a0\u00bb][et_pb_text _builder_version=\u00a0\u00bb4.16&Prime; _module_preset=\u00a0\u00bbdefault\u00a0\u00bb text_orientation=\u00a0\u00bbcenter\u00a0\u00bb custom_padding=\u00a0\u00bb70px|||||\u00a0\u00bb inline_fonts=\u00a0\u00bbMontserrat\u00a0\u00bb global_colors_info=\u00a0\u00bb{}\u00a0\u00bb]<\/p>\n<h1><span style=\"font-size: xx-large; font-family: Montserrat;\"><em><strong>GAUZAK\u00a0<\/strong><\/em><\/span><\/h1>\n<p>[\/et_pb_text][\/et_pb_column][\/et_pb_row][et_pb_row _builder_version=\u00a0\u00bb4.16&Prime; _module_preset=\u00a0\u00bbdefault\u00a0\u00bb max_width=\u00a0\u00bb950px\u00a0\u00bb custom_padding=\u00a0\u00bb4px||33px|||\u00a0\u00bb global_colors_info=\u00a0\u00bb{}\u00a0\u00bb][et_pb_column type=\u00a0\u00bb4_4&Prime; _builder_version=\u00a0\u00bb4.16&Prime; _module_preset=\u00a0\u00bbdefault\u00a0\u00bb global_colors_info=\u00a0\u00bb{}\u00a0\u00bb][et_pb_text _builder_version=\u00a0\u00bb4.25.1&Prime; _module_preset=\u00a0\u00bbdefault\u00a0\u00bb text_orientation=\u00a0\u00bbcenter\u00a0\u00bb hover_enabled=\u00a0\u00bb0&Prime; global_colors_info=\u00a0\u00bb{}\u00a0\u00bb sticky_enabled=\u00a0\u00bb0&Prime;]<\/p>\n<p><strong>Gauzak<\/strong> est un studio de design industriel fond\u00e9 en 2011 par <strong>Juan T. Carboneras et Leire Guede.<\/strong><\/p>\n<p>Depuis, ils ont d\u00e9velopp\u00e9 les projets les plus divers, comme des produits de gym, des produits pour enfants, des luminaires, des chaises ou des tireuses \u00e0 bi\u00e8re. Ils se caract\u00e9risent par leur capacit\u00e9 cr\u00e9ative \u00e0 op\u00e9rer dans diff\u00e9rents secteurs au-del\u00e0 du meuble.<\/p>\n<p>Sa philosophie face \u00e0 un nouveau projet est d&rsquo;observer avec un \u0153il nouveau et sans pr\u00e9jug\u00e9s pour concevoir des produits innovants. Ils cherchent \u00e0 \u00eatre les premiers \u00e0 se surprendre par les r\u00e9sultats qu&rsquo;ils cr\u00e9ent.<\/p>\n<p>Ils aiment relever de nouveaux d\u00e9fis, offrant cr\u00e9ativit\u00e9 et r\u00e9flexion dans chacune des propositions.<\/p>\n<p><strong>Juan et Leire forment une \u00e9quipe soud\u00e9e et dynamique, ouverte \u00e0 recevoir de nouveaux d\u00e9fis de conception quel que soit le secteur.<\/strong><\/p>\n<p>[\/et_pb_text][\/et_pb_column][\/et_pb_row][\/et_pb_section][et_pb_section fb_built=\u00a0\u00bb1&Prime; _builder_version=\u00a0\u00bb4.16&Prime; _module_preset=\u00a0\u00bbdefault\u00a0\u00bb custom_padding=\u00a0\u00bb0px||0px|||\u00a0\u00bb global_colors_info=\u00a0\u00bb{}\u00a0\u00bb][et_pb_row _builder_version=\u00a0\u00bb4.16&Prime; _module_preset=\u00a0\u00bbdefault\u00a0\u00bb custom_padding=\u00a0\u00bb0px||35px|||\u00a0\u00bb global_colors_info=\u00a0\u00bb{}\u00a0\u00bb][et_pb_column type=\u00a0\u00bb4_4&Prime; _builder_version=\u00a0\u00bb4.16&Prime; _module_preset=\u00a0\u00bbdefault\u00a0\u00bb global_colors_info=\u00a0\u00bb{}\u00a0\u00bb][et_pb_image src=\u00a0\u00bbhttps:\/\/www.trilamp.com\/wp-content\/uploads\/Foto_Gauzak_2024.jpg\u00a0\u00bb title_text=\u00a0\u00bbFoto_Gauzak_2024&Prime; url=\u00a0\u00bb@ET-DC@eyJkeW5hbWljIjp0cnVlLCJjb250ZW50IjoicG9zdF9saW5rX3VybF9wYWdlIiwic2V0dGluZ3MiOnsicG9zdF9pZCI6IjM4NyJ9fQ==@\u00a0\u00bb align=\u00a0\u00bbcenter\u00a0\u00bb _builder_version=\u00a0\u00bb4.25.1&Prime; _dynamic_attributes=\u00a0\u00bburl\u00a0\u00bb _module_preset=\u00a0\u00bbdefault\u00a0\u00bb max_width=\u00a0\u00bb400px\u00a0\u00bb custom_margin=\u00a0\u00bb||17px|||\u00a0\u00bb global_colors_info=\u00a0\u00bb{}\u00a0\u00bb][\/et_pb_image][\/et_pb_column][\/et_pb_row][\/et_pb_section]<\/p>\n","protected":false},"excerpt":{"rendered":"<p>GAUZAK\u00a0Gauzak est un studio de design industriel fond\u00e9 en 2011 par Juan T. Carboneras et Leire Guede. Depuis, ils ont d\u00e9velopp\u00e9 les projets les plus divers, comme des produits de gym, des produits pour enfants, des luminaires, des chaises ou des tireuses \u00e0 bi\u00e8re. Ils se caract\u00e9risent par leur capacit\u00e9 cr\u00e9ative \u00e0 op\u00e9rer dans diff\u00e9rents [&hellip;]<\/p>\n","protected":false},"author":999,"featured_media":0,"parent":0,"menu_order":0,"comment_status":"closed","ping_status":"closed","template":"","meta":{"_et_pb_use_builder":"on","_et_pb_old_content":"","_et_gb_content_width":"","footnotes":""},"class_list":["post-5420","page","type-page","status-publish","hentry"],"yoast_head":"<!-- This site is optimized with the Yoast SEO plugin v27.5 - https:\/\/yoast.com\/product\/yoast-seo-wordpress\/ -->\n<title>GAUZAK - Trilamp<\/title>\n<meta name=\"robots\" content=\"index, follow, max-snippet:-1, max-image-preview:large, max-video-preview:-1\" \/>\n<link rel=\"canonical\" href=\"https:\/\/www.trilamp.com\/fr\/gauzak\/\" \/>\n<meta property=\"og:locale\" content=\"fr_FR\" \/>\n<meta property=\"og:type\" content=\"article\" \/>\n<meta property=\"og:title\" content=\"GAUZAK - Trilamp\" \/>\n<meta property=\"og:description\" content=\"GAUZAK\u00a0Gauzak est un studio de design industriel fond\u00e9 en 2011 par Juan T. Carboneras et Leire Guede. Depuis, ils ont d\u00e9velopp\u00e9 les projets les plus divers, comme des produits de gym, des produits pour enfants, des luminaires, des chaises ou des tireuses \u00e0 bi\u00e8re. Ils se caract\u00e9risent par leur capacit\u00e9 cr\u00e9ative \u00e0 op\u00e9rer dans diff\u00e9rents [&hellip;]\" \/>\n<meta property=\"og:url\" content=\"https:\/\/www.trilamp.com\/fr\/gauzak\/\" \/>\n<meta property=\"og:site_name\" content=\"Trilamp\" \/>\n<meta property=\"article:modified_time\" content=\"2024-05-29T10:12:00+00:00\" \/>\n<meta name=\"twitter:label1\" content=\"Dur\u00e9e de lecture estim\u00e9e\" \/>\n\t<meta name=\"twitter:data1\" content=\"2 minutes\" \/>\n<script type=\"application\/ld+json\" class=\"yoast-schema-graph\">{\"@context\":\"https:\\\/\\\/schema.org\",\"@graph\":[{\"@type\":\"WebPage\",\"@id\":\"https:\\\/\\\/www.trilamp.com\\\/fr\\\/gauzak\\\/\",\"url\":\"https:\\\/\\\/www.trilamp.com\\\/fr\\\/gauzak\\\/\",\"name\":\"GAUZAK - Trilamp\",\"isPartOf\":{\"@id\":\"https:\\\/\\\/www.trilamp.com\\\/#website\"},\"datePublished\":\"2021-05-13T11:06:39+00:00\",\"dateModified\":\"2024-05-29T10:12:00+00:00\",\"breadcrumb\":{\"@id\":\"https:\\\/\\\/www.trilamp.com\\\/fr\\\/gauzak\\\/#breadcrumb\"},\"inLanguage\":\"fr-FR\",\"potentialAction\":[{\"@type\":\"ReadAction\",\"target\":[\"https:\\\/\\\/www.trilamp.com\\\/fr\\\/gauzak\\\/\"]}]},{\"@type\":\"BreadcrumbList\",\"@id\":\"https:\\\/\\\/www.trilamp.com\\\/fr\\\/gauzak\\\/#breadcrumb\",\"itemListElement\":[{\"@type\":\"ListItem\",\"position\":1,\"name\":\"Portada\",\"item\":\"https:\\\/\\\/www.trilamp.com\\\/fr\\\/\"},{\"@type\":\"ListItem\",\"position\":2,\"name\":\"GAUZAK\"}]},{\"@type\":\"WebSite\",\"@id\":\"https:\\\/\\\/www.trilamp.com\\\/#website\",\"url\":\"https:\\\/\\\/www.trilamp.com\\\/\",\"name\":\"Trilamp\",\"description\":\"\",\"potentialAction\":[{\"@type\":\"SearchAction\",\"target\":{\"@type\":\"EntryPoint\",\"urlTemplate\":\"https:\\\/\\\/www.trilamp.com\\\/?s={search_term_string}\"},\"query-input\":{\"@type\":\"PropertyValueSpecification\",\"valueRequired\":true,\"valueName\":\"search_term_string\"}}],\"inLanguage\":\"fr-FR\"}]}<\/script>\n<!-- \/ Yoast SEO plugin. -->","yoast_head_json":{"title":"GAUZAK - Trilamp","robots":{"index":"index","follow":"follow","max-snippet":"max-snippet:-1","max-image-preview":"max-image-preview:large","max-video-preview":"max-video-preview:-1"},"canonical":"https:\/\/www.trilamp.com\/fr\/gauzak\/","og_locale":"fr_FR","og_type":"article","og_title":"GAUZAK - Trilamp","og_description":"GAUZAK\u00a0Gauzak est un studio de design industriel fond\u00e9 en 2011 par Juan T. Carboneras et Leire Guede. Depuis, ils ont d\u00e9velopp\u00e9 les projets les plus divers, comme des produits de gym, des produits pour enfants, des luminaires, des chaises ou des tireuses \u00e0 bi\u00e8re. Ils se caract\u00e9risent par leur capacit\u00e9 cr\u00e9ative \u00e0 op\u00e9rer dans diff\u00e9rents [&hellip;]","og_url":"https:\/\/www.trilamp.com\/fr\/gauzak\/","og_site_name":"Trilamp","article_modified_time":"2024-05-29T10:12:00+00:00","twitter_misc":{"Dur\u00e9e de lecture estim\u00e9e":"2 minutes"},"schema":{"@context":"https:\/\/schema.org","@graph":[{"@type":"WebPage","@id":"https:\/\/www.trilamp.com\/fr\/gauzak\/","url":"https:\/\/www.trilamp.com\/fr\/gauzak\/","name":"GAUZAK - Trilamp","isPartOf":{"@id":"https:\/\/www.trilamp.com\/#website"},"datePublished":"2021-05-13T11:06:39+00:00","dateModified":"2024-05-29T10:12:00+00:00","breadcrumb":{"@id":"https:\/\/www.trilamp.com\/fr\/gauzak\/#breadcrumb"},"inLanguage":"fr-FR","potentialAction":[{"@type":"ReadAction","target":["https:\/\/www.trilamp.com\/fr\/gauzak\/"]}]},{"@type":"BreadcrumbList","@id":"https:\/\/www.trilamp.com\/fr\/gauzak\/#breadcrumb","itemListElement":[{"@type":"ListItem","position":1,"name":"Portada","item":"https:\/\/www.trilamp.com\/fr\/"},{"@type":"ListItem","position":2,"name":"GAUZAK"}]},{"@type":"WebSite","@id":"https:\/\/www.trilamp.com\/#website","url":"https:\/\/www.trilamp.com\/","name":"Trilamp","description":"","potentialAction":[{"@type":"SearchAction","target":{"@type":"EntryPoint","urlTemplate":"https:\/\/www.trilamp.com\/?s={search_term_string}"},"query-input":{"@type":"PropertyValueSpecification","valueRequired":true,"valueName":"search_term_string"}}],"inLanguage":"fr-FR"}]}},"_links":{"self":[{"href":"https:\/\/www.trilamp.com\/fr\/wp-json\/wp\/v2\/pages\/5420","targetHints":{"allow":["GET"]}}],"collection":[{"href":"https:\/\/www.trilamp.com\/fr\/wp-json\/wp\/v2\/pages"}],"about":[{"href":"https:\/\/www.trilamp.com\/fr\/wp-json\/wp\/v2\/types\/page"}],"author":[{"embeddable":true,"href":"https:\/\/www.trilamp.com\/fr\/wp-json\/wp\/v2\/users\/999"}],"replies":[{"embeddable":true,"href":"https:\/\/www.trilamp.com\/fr\/wp-json\/wp\/v2\/comments?post=5420"}],"version-history":[{"count":4,"href":"https:\/\/www.trilamp.com\/fr\/wp-json\/wp\/v2\/pages\/5420\/revisions"}],"predecessor-version":[{"id":7148,"href":"https:\/\/www.trilamp.com\/fr\/wp-json\/wp\/v2\/pages\/5420\/revisions\/7148"}],"wp:attachment":[{"href":"https:\/\/www.trilamp.com\/fr\/wp-json\/wp\/v2\/media?parent=5420"}],"curies":[{"name":"wp","href":"https:\/\/api.w.org\/{rel}","templated":true}]}}