{"id":5158,"date":"2021-04-30T10:52:06","date_gmt":"2021-04-30T08:52:06","guid":{"rendered":"http:\/\/nueva.trilamp.com\/?page_id=5158"},"modified":"2021-06-14T17:02:30","modified_gmt":"2021-06-14T15:02:30","slug":"pres-de-nous","status":"publish","type":"page","link":"https:\/\/www.trilamp.com\/fr\/pres-de-nous\/","title":{"rendered":"Pr\u00e8s de nous"},"content":{"rendered":"<p>[et_pb_section fb_built=\u00a0\u00bb1&Prime; _builder_version=\u00a0\u00bb4.9.6&Prime; _module_preset=\u00a0\u00bbdefault\u00a0\u00bb background_image=\u00a0\u00bbhttps:\/\/www.trilamp.com\/wp-content\/uploads\/pexels-fauxels-3184418-scaled.jpg\u00a0\u00bb custom_padding=\u00a0\u00bb50px||50px|||\u00a0\u00bb hover_enabled=\u00a0\u00bb0&Prime; title_text=\u00a0\u00bbpexels-fauxels-3184418&Prime; sticky_enabled=\u00a0\u00bb0&Prime;][et_pb_row _builder_version=\u00a0\u00bb4.7.4&Prime; _module_preset=\u00a0\u00bbdefault\u00a0\u00bb][et_pb_column type=\u00a0\u00bb4_4&Prime; _builder_version=\u00a0\u00bb4.7.4&Prime; _module_preset=\u00a0\u00bbdefault\u00a0\u00bb][et_pb_text _builder_version=\u00a0\u00bb4.9.4&Prime; _module_preset=\u00a0\u00bbdefault\u00a0\u00bb text_font=\u00a0\u00bb|300|||||||\u00a0\u00bb text_text_color=\u00a0\u00bb#ffffff\u00a0\u00bb text_font_size=\u00a0\u00bb40px\u00a0\u00bb text_letter_spacing=\u00a0\u00bb1px\u00a0\u00bb text_orientation=\u00a0\u00bbcenter\u00a0\u00bb]PR\u00c8S DE NOUS[\/et_pb_text][\/et_pb_column][\/et_pb_row][\/et_pb_section][et_pb_section fb_built=\u00a0\u00bb1&Prime; _builder_version=\u00a0\u00bb4.9.0&Prime; _module_preset=\u00a0\u00bbdefault\u00a0\u00bb custom_padding=\u00a0\u00bb0px||0px|||\u00a0\u00bb][et_pb_row make_equal=\u00a0\u00bbon\u00a0\u00bb _builder_version=\u00a0\u00bb4.9.1&Prime; _module_preset=\u00a0\u00bbdefault\u00a0\u00bb custom_padding=\u00a0\u00bb23px||0px|||\u00a0\u00bb custom_css_main_element=\u00a0\u00bbalign-items: center;\u00a0\u00bb][et_pb_column type=\u00a0\u00bb4_4&Prime; _builder_version=\u00a0\u00bb4.9.0&Prime; _module_preset=\u00a0\u00bbdefault\u00a0\u00bb][et_pb_text _builder_version=\u00a0\u00bb4.9.4&Prime; _module_preset=\u00a0\u00bbdefault\u00a0\u00bb text_font_size=\u00a0\u00bb25px\u00a0\u00bb text_line_height=\u00a0\u00bb30px\u00a0\u00bb text_orientation=\u00a0\u00bbcenter\u00a0\u00bb custom_margin=\u00a0\u00bb||18px|||\u00a0\u00bb]<\/p>\n<p>Nous proposons des services aux entreprises, aux architectes d&rsquo;int\u00e9rieur et aux professionnels.<\/p>\n<p>[\/et_pb_text][et_pb_text _builder_version=\u00a0\u00bb4.9.4&Prime; _module_preset=\u00a0\u00bbdefault\u00a0\u00bb text_line_height=\u00a0\u00bb20px\u00a0\u00bb text_orientation=\u00a0\u00bbcenter\u00a0\u00bb]<\/p>\n<p>Chez <strong>Trilamp<\/strong> nous sommes flexibles. Nous nous adaptons en permanence \u00e0 l&rsquo;\u00e9volution du monde de l&rsquo;\u00e9clairage.<br \/>\nNous r\u00e9pondons \u00e0 toute demande sp\u00e9cifique li\u00e9e \u00e0 la restauration ou \u00e0 la cr\u00e9ation de lampes.<\/p>\n<p>[\/et_pb_text][\/et_pb_column][\/et_pb_row][\/et_pb_section][et_pb_section fb_built=\u00a0\u00bb1&Prime; _builder_version=\u00a0\u00bb4.9.0&Prime; _module_preset=\u00a0\u00bbdefault\u00a0\u00bb custom_padding=\u00a0\u00bb0px||0px|||\u00a0\u00bb][et_pb_row column_structure=\u00a0\u00bb1_3,2_3&Prime; make_equal=\u00a0\u00bbon\u00a0\u00bb _builder_version=\u00a0\u00bb4.9.1&Prime; _module_preset=\u00a0\u00bbdefault\u00a0\u00bb custom_css_main_element=\u00a0\u00bbalign-items: center;\u00a0\u00bb][et_pb_column type=\u00a0\u00bb1_3&Prime; _builder_version=\u00a0\u00bb4.9.1&Prime; _module_preset=\u00a0\u00bbdefault\u00a0\u00bb][et_pb_image src=\u00a0\u00bbhttps:\/\/www.trilamp.com\/wp-content\/uploads\/origens-fabrica2.png\u00a0\u00bb title_text=\u00a0\u00bborigens-fabrica2&Prime; align=\u00a0\u00bbcenter\u00a0\u00bb _builder_version=\u00a0\u00bb4.9.4&Prime; _module_preset=\u00a0\u00bbdefault\u00a0\u00bb width=\u00a0\u00bb85%\u00a0\u00bb custom_margin=\u00a0\u00bb||11px|||\u00a0\u00bb][\/et_pb_image][et_pb_text _builder_version=\u00a0\u00bb4.9.4&Prime; _module_preset=\u00a0\u00bbdefault\u00a0\u00bb text_line_height=\u00a0\u00bb22px\u00a0\u00bb text_orientation=\u00a0\u00bbcenter\u00a0\u00bb]<\/p>\n<p><em>\u00ab\u00a0La satisfaction est le r\u00e9sultat et la connaissance d&rsquo;un travail acharn\u00e9 bien fait.\u00a0\u00bb<\/em><\/p>\n<p><strong>Domingo Oriol Pages, Barcelona<br \/><\/strong><\/p>\n<p>Fondateur de l&rsquo;entreprise 1959<\/p>\n<p>[\/et_pb_text][\/et_pb_column][et_pb_column type=\u00a0\u00bb2_3&Prime; _builder_version=\u00a0\u00bb4.9.1&Prime; _module_preset=\u00a0\u00bbdefault\u00a0\u00bb][et_pb_text _builder_version=\u00a0\u00bb4.9.4&Prime; _module_preset=\u00a0\u00bbdefault\u00a0\u00bb text_orientation=\u00a0\u00bbjustified\u00a0\u00bb]<\/p>\n<h4><strong>Qui sommes nous<\/strong><\/h4>\n<p>Trilamp est une entreprise familiale d\u00e9di\u00e9e \u00e0 la conception et \u00e0 la fabrication de lampes d\u00e9coratives de haute qualit\u00e9, avec une histoire de plus de 60 ans. Nous proposons de nombreux styles et familles de produits adapt\u00e9s aux besoins de nos march\u00e9s: Appliques, lampadaires, plafonniers, lampes, lampes de table, plafonniers &#8230;<\/p>\n<p>De plus, gr\u00e2ce \u00e0 notre trajectoire et \u00e0 notre exp\u00e9rience de tant d&rsquo;ann\u00e9es, nous sommes en mesure de comprendre et d&rsquo;interpr\u00e9ter les besoins de nos clients, en leur offrant des concepts sur mesure qui fa\u00e7onnent leurs conceptions et d\u00e9corations particuli\u00e8res.<\/p>\n<p>Notre fa\u00e7on de travailler est productive, approfondie, ouverte et efficace. Nous traitons toutes sortes de mat\u00e9riaux et de formes, ce qui facilite la r\u00e9alisation de toute conception que vous proposez de r\u00e9aliser.<\/p>\n<h4><strong>Plans et strat\u00e9gies<\/strong><\/h4>\n<p>Compte tenu de l&rsquo;\u00e9volution du march\u00e9 de l&rsquo;\u00e9clairage int\u00e9rieur d\u00e9coratif, du grand besoin d&rsquo;adaptation et des changements continus, nos produits sont aujourd&rsquo;hui con\u00e7us pour satisfaire la demande de diff\u00e9rents secteurs tels que l&rsquo;h\u00f4tellerie, le contract, les architectes d&rsquo;int\u00e9rieur et les magasins.<\/p>\n<p>Nous pouvons affirmer fi\u00e8rement qu&rsquo;aujourd&rsquo;hui, nous sommes d\u00e9j\u00e0 pr\u00e9sents sur le march\u00e9 de la d\u00e9coration et du design d&rsquo;int\u00e9rieur dans des pays comme le Royaume-Uni, l&rsquo;Irlande, la Hollande et la France.<\/p>\n<p>Nous \u00e9voluons de jour en jour. Pour cette raison, nous adaptons chacun de nos plans pour s&rsquo;adapter et satisfaire express\u00e9ment vos besoins. Chaque client est unique, c&rsquo;est pourquoi chez Trilamp nous sommes fiers de dire que nous r\u00e9alisons des projets sur mesure. Notre objectif est de cr\u00e9er une partie d&rsquo;un environnement qui ravit vos go\u00fbts et r\u00e9pond \u00e0 vos besoins de mani\u00e8re cr\u00e9ative.<\/p>\n<p>[\/et_pb_text][\/et_pb_column][\/et_pb_row][\/et_pb_section]<\/p>\n","protected":false},"excerpt":{"rendered":"<p>PR\u00c8S DE NOUSNous proposons des services aux entreprises, aux architectes d&rsquo;int\u00e9rieur et aux professionnels.Chez Trilamp nous sommes flexibles. Nous nous adaptons en permanence \u00e0 l&rsquo;\u00e9volution du monde de l&rsquo;\u00e9clairage. Nous r\u00e9pondons \u00e0 toute demande sp\u00e9cifique li\u00e9e \u00e0 la restauration ou \u00e0 la cr\u00e9ation de lampes.\u00a0\u00bbLa satisfaction est le r\u00e9sultat et la connaissance d&rsquo;un travail acharn\u00e9 [&hellip;]<\/p>\n","protected":false},"author":999,"featured_media":0,"parent":0,"menu_order":0,"comment_status":"closed","ping_status":"closed","template":"","meta":{"_et_pb_use_builder":"on","_et_pb_old_content":"","_et_gb_content_width":"","footnotes":""},"class_list":["post-5158","page","type-page","status-publish","hentry"],"yoast_head":"<!-- This site is optimized with the Yoast SEO plugin v26.8 - https:\/\/yoast.com\/product\/yoast-seo-wordpress\/ -->\n<title>Pr\u00e8s de nous - Trilamp<\/title>\n<meta name=\"robots\" content=\"index, follow, max-snippet:-1, max-image-preview:large, max-video-preview:-1\" \/>\n<link rel=\"canonical\" href=\"https:\/\/www.trilamp.com\/fr\/pres-de-nous\/\" \/>\n<meta property=\"og:locale\" content=\"fr_FR\" \/>\n<meta property=\"og:type\" content=\"article\" \/>\n<meta property=\"og:title\" content=\"Pr\u00e8s de nous - Trilamp\" \/>\n<meta property=\"og:description\" content=\"PR\u00c8S DE NOUSNous proposons des services aux entreprises, aux architectes d&#039;int\u00e9rieur et aux professionnels.Chez Trilamp nous sommes flexibles. Nous nous adaptons en permanence \u00e0 l&#039;\u00e9volution du monde de l&#039;\u00e9clairage. Nous r\u00e9pondons \u00e0 toute demande sp\u00e9cifique li\u00e9e \u00e0 la restauration ou \u00e0 la cr\u00e9ation de lampes.&quot;La satisfaction est le r\u00e9sultat et la connaissance d&#039;un travail acharn\u00e9 [&hellip;]\" \/>\n<meta property=\"og:url\" content=\"https:\/\/www.trilamp.com\/fr\/pres-de-nous\/\" \/>\n<meta property=\"og:site_name\" content=\"Trilamp\" \/>\n<meta property=\"article:modified_time\" content=\"2021-06-14T15:02:30+00:00\" \/>\n<meta name=\"twitter:label1\" content=\"Dur\u00e9e de lecture estim\u00e9e\" \/>\n\t<meta name=\"twitter:data1\" content=\"3 minutes\" \/>\n<script type=\"application\/ld+json\" class=\"yoast-schema-graph\">{\"@context\":\"https:\/\/schema.org\",\"@graph\":[{\"@type\":\"WebPage\",\"@id\":\"https:\/\/www.trilamp.com\/fr\/pres-de-nous\/\",\"url\":\"https:\/\/www.trilamp.com\/fr\/pres-de-nous\/\",\"name\":\"Pr\u00e8s de nous - Trilamp\",\"isPartOf\":{\"@id\":\"https:\/\/www.trilamp.com\/#website\"},\"datePublished\":\"2021-04-30T08:52:06+00:00\",\"dateModified\":\"2021-06-14T15:02:30+00:00\",\"breadcrumb\":{\"@id\":\"https:\/\/www.trilamp.com\/fr\/pres-de-nous\/#breadcrumb\"},\"inLanguage\":\"fr-FR\",\"potentialAction\":[{\"@type\":\"ReadAction\",\"target\":[\"https:\/\/www.trilamp.com\/fr\/pres-de-nous\/\"]}]},{\"@type\":\"BreadcrumbList\",\"@id\":\"https:\/\/www.trilamp.com\/fr\/pres-de-nous\/#breadcrumb\",\"itemListElement\":[{\"@type\":\"ListItem\",\"position\":1,\"name\":\"Portada\",\"item\":\"https:\/\/www.trilamp.com\/fr\/\"},{\"@type\":\"ListItem\",\"position\":2,\"name\":\"Pr\u00e8s de nous\"}]},{\"@type\":\"WebSite\",\"@id\":\"https:\/\/www.trilamp.com\/#website\",\"url\":\"https:\/\/www.trilamp.com\/\",\"name\":\"Trilamp\",\"description\":\"\",\"potentialAction\":[{\"@type\":\"SearchAction\",\"target\":{\"@type\":\"EntryPoint\",\"urlTemplate\":\"https:\/\/www.trilamp.com\/?s={search_term_string}\"},\"query-input\":{\"@type\":\"PropertyValueSpecification\",\"valueRequired\":true,\"valueName\":\"search_term_string\"}}],\"inLanguage\":\"fr-FR\"}]}<\/script>\n<!-- \/ Yoast SEO plugin. -->","yoast_head_json":{"title":"Pr\u00e8s de nous - Trilamp","robots":{"index":"index","follow":"follow","max-snippet":"max-snippet:-1","max-image-preview":"max-image-preview:large","max-video-preview":"max-video-preview:-1"},"canonical":"https:\/\/www.trilamp.com\/fr\/pres-de-nous\/","og_locale":"fr_FR","og_type":"article","og_title":"Pr\u00e8s de nous - Trilamp","og_description":"PR\u00c8S DE NOUSNous proposons des services aux entreprises, aux architectes d'int\u00e9rieur et aux professionnels.Chez Trilamp nous sommes flexibles. Nous nous adaptons en permanence \u00e0 l'\u00e9volution du monde de l'\u00e9clairage. Nous r\u00e9pondons \u00e0 toute demande sp\u00e9cifique li\u00e9e \u00e0 la restauration ou \u00e0 la cr\u00e9ation de lampes.\"La satisfaction est le r\u00e9sultat et la connaissance d'un travail acharn\u00e9 [&hellip;]","og_url":"https:\/\/www.trilamp.com\/fr\/pres-de-nous\/","og_site_name":"Trilamp","article_modified_time":"2021-06-14T15:02:30+00:00","twitter_misc":{"Dur\u00e9e de lecture estim\u00e9e":"3 minutes"},"schema":{"@context":"https:\/\/schema.org","@graph":[{"@type":"WebPage","@id":"https:\/\/www.trilamp.com\/fr\/pres-de-nous\/","url":"https:\/\/www.trilamp.com\/fr\/pres-de-nous\/","name":"Pr\u00e8s de nous - Trilamp","isPartOf":{"@id":"https:\/\/www.trilamp.com\/#website"},"datePublished":"2021-04-30T08:52:06+00:00","dateModified":"2021-06-14T15:02:30+00:00","breadcrumb":{"@id":"https:\/\/www.trilamp.com\/fr\/pres-de-nous\/#breadcrumb"},"inLanguage":"fr-FR","potentialAction":[{"@type":"ReadAction","target":["https:\/\/www.trilamp.com\/fr\/pres-de-nous\/"]}]},{"@type":"BreadcrumbList","@id":"https:\/\/www.trilamp.com\/fr\/pres-de-nous\/#breadcrumb","itemListElement":[{"@type":"ListItem","position":1,"name":"Portada","item":"https:\/\/www.trilamp.com\/fr\/"},{"@type":"ListItem","position":2,"name":"Pr\u00e8s de nous"}]},{"@type":"WebSite","@id":"https:\/\/www.trilamp.com\/#website","url":"https:\/\/www.trilamp.com\/","name":"Trilamp","description":"","potentialAction":[{"@type":"SearchAction","target":{"@type":"EntryPoint","urlTemplate":"https:\/\/www.trilamp.com\/?s={search_term_string}"},"query-input":{"@type":"PropertyValueSpecification","valueRequired":true,"valueName":"search_term_string"}}],"inLanguage":"fr-FR"}]}},"_links":{"self":[{"href":"https:\/\/www.trilamp.com\/fr\/wp-json\/wp\/v2\/pages\/5158","targetHints":{"allow":["GET"]}}],"collection":[{"href":"https:\/\/www.trilamp.com\/fr\/wp-json\/wp\/v2\/pages"}],"about":[{"href":"https:\/\/www.trilamp.com\/fr\/wp-json\/wp\/v2\/types\/page"}],"author":[{"embeddable":true,"href":"https:\/\/www.trilamp.com\/fr\/wp-json\/wp\/v2\/users\/999"}],"replies":[{"embeddable":true,"href":"https:\/\/www.trilamp.com\/fr\/wp-json\/wp\/v2\/comments?post=5158"}],"version-history":[{"count":5,"href":"https:\/\/www.trilamp.com\/fr\/wp-json\/wp\/v2\/pages\/5158\/revisions"}],"predecessor-version":[{"id":6756,"href":"https:\/\/www.trilamp.com\/fr\/wp-json\/wp\/v2\/pages\/5158\/revisions\/6756"}],"wp:attachment":[{"href":"https:\/\/www.trilamp.com\/fr\/wp-json\/wp\/v2\/media?parent=5158"}],"curies":[{"name":"wp","href":"https:\/\/api.w.org\/{rel}","templated":true}]}}