{"id":1711,"date":"2015-03-20T15:26:56","date_gmt":"2015-03-20T13:26:56","guid":{"rendered":"http:\/\/www.trilamp.com\/?page_id=1711"},"modified":"2015-03-20T15:27:34","modified_gmt":"2015-03-20T13:27:34","slug":"boutiques-eclairage","status":"publish","type":"page","link":"https:\/\/www.trilamp.com\/fr\/boutiques-eclairage\/","title":{"rendered":"Boutiques"},"content":{"rendered":"<p><a href=\"http:\/\/www.trilamp.com\/wp-content\/uploads\/Tiendas-iluminacion-trilamp.jpg\"><img loading=\"lazy\" decoding=\"async\" class=\"alignleft size-full wp-image-1486\" src=\"http:\/\/www.trilamp.com\/wp-content\/uploads\/Tiendas-iluminacion-trilamp.jpg\" alt=\"Tiendas iluminacion trilamp\" width=\"400\" height=\"400\" \/><\/a><br \/>\nComme entreprise familale, pour nous la vente en d\u00e9tail ou la boutique individuelle avec son service personnalis\u00e9, constituent l&rsquo;anneau principal de la cha\u00eene de distribution.<br \/>\nSans doute, la maison TRILAMP peut vous aider aussi pour accentuer ce service adapt\u00e9 aux d\u00e9sirs et besoins de vos clients individuels. A cet effet, nous vous offrons toute notre gamme de luminaires attractifs qui combleront leurs expectatives.<br \/>\nUne partie importante de notre catalogue comprend les articles pour l&rsquo;\u00e9clairage des salles de bain, pour lesquelles nous pouvons founir des lampes en toute une vari\u00e9t\u00e9 de mod\u00e8les, mat\u00e9riaux et d&rsquo;intensit\u00e9 de lumi\u00e8re lesquelles apporteront les d\u00e9tails d&rsquo;intimit\u00e9 et de confort personnel que ces espaces requi\u00e8rent aujourd&rsquo;hui. Il va sans dire que tous ces mod\u00e8les sont s\u00e9curis\u00e9s \u00e9lectriquement selon les normes europ\u00e9ennes.<\/p>\n","protected":false},"excerpt":{"rendered":"<p>Comme entreprise familale, pour nous la vente en d\u00e9tail ou la boutique individuelle avec son service personnalis\u00e9, constituent l&rsquo;anneau principal de la cha\u00eene de distribution. Sans doute, la maison TRILAMP peut vous aider aussi pour accentuer ce service adapt\u00e9 aux d\u00e9sirs et besoins de vos clients individuels. A cet effet, nous vous offrons toute notre [&hellip;]<\/p>\n","protected":false},"author":4,"featured_media":0,"parent":0,"menu_order":0,"comment_status":"closed","ping_status":"closed","template":"","meta":{"_et_pb_use_builder":"","_et_pb_old_content":"","_et_gb_content_width":"","footnotes":""},"class_list":["post-1711","page","type-page","status-publish","hentry"],"yoast_head":"<!-- This site is optimized with the Yoast SEO plugin v26.8 - https:\/\/yoast.com\/product\/yoast-seo-wordpress\/ -->\n<title>\u00c9clairage boutiques<\/title>\n<meta name=\"robots\" content=\"index, follow, max-snippet:-1, max-image-preview:large, max-video-preview:-1\" \/>\n<link rel=\"canonical\" href=\"https:\/\/www.trilamp.com\/fr\/boutiques-eclairage\/\" \/>\n<meta property=\"og:locale\" content=\"fr_FR\" \/>\n<meta property=\"og:type\" content=\"article\" \/>\n<meta property=\"og:title\" content=\"\u00c9clairage boutiques\" \/>\n<meta property=\"og:description\" content=\"Comme entreprise familale, pour nous la vente en d\u00e9tail ou la boutique individuelle avec son service personnalis\u00e9, constituent l&rsquo;anneau principal de la cha\u00eene de distribution. Sans doute, la maison TRILAMP peut vous aider aussi pour accentuer ce service adapt\u00e9 aux d\u00e9sirs et besoins de vos clients individuels. A cet effet, nous vous offrons toute notre [&hellip;]\" \/>\n<meta property=\"og:url\" content=\"https:\/\/www.trilamp.com\/fr\/boutiques-eclairage\/\" \/>\n<meta property=\"og:site_name\" content=\"Trilamp\" \/>\n<meta property=\"article:modified_time\" content=\"2015-03-20T13:27:34+00:00\" \/>\n<meta property=\"og:image\" content=\"http:\/\/www.trilamp.com\/wp-content\/uploads\/Tiendas-iluminacion-trilamp.jpg\" \/>\n<meta name=\"twitter:label1\" content=\"Dur\u00e9e de lecture estim\u00e9e\" \/>\n\t<meta name=\"twitter:data1\" content=\"1 minute\" \/>\n<script type=\"application\/ld+json\" class=\"yoast-schema-graph\">{\"@context\":\"https:\/\/schema.org\",\"@graph\":[{\"@type\":\"WebPage\",\"@id\":\"https:\/\/www.trilamp.com\/fr\/boutiques-eclairage\/\",\"url\":\"https:\/\/www.trilamp.com\/fr\/boutiques-eclairage\/\",\"name\":\"\u00c9clairage boutiques\",\"isPartOf\":{\"@id\":\"https:\/\/www.trilamp.com\/#website\"},\"primaryImageOfPage\":{\"@id\":\"https:\/\/www.trilamp.com\/fr\/boutiques-eclairage\/#primaryimage\"},\"image\":{\"@id\":\"https:\/\/www.trilamp.com\/fr\/boutiques-eclairage\/#primaryimage\"},\"thumbnailUrl\":\"http:\/\/www.trilamp.com\/wp-content\/uploads\/Tiendas-iluminacion-trilamp.jpg\",\"datePublished\":\"2015-03-20T13:26:56+00:00\",\"dateModified\":\"2015-03-20T13:27:34+00:00\",\"breadcrumb\":{\"@id\":\"https:\/\/www.trilamp.com\/fr\/boutiques-eclairage\/#breadcrumb\"},\"inLanguage\":\"fr-FR\",\"potentialAction\":[{\"@type\":\"ReadAction\",\"target\":[\"https:\/\/www.trilamp.com\/fr\/boutiques-eclairage\/\"]}]},{\"@type\":\"ImageObject\",\"inLanguage\":\"fr-FR\",\"@id\":\"https:\/\/www.trilamp.com\/fr\/boutiques-eclairage\/#primaryimage\",\"url\":\"http:\/\/www.trilamp.com\/wp-content\/uploads\/Tiendas-iluminacion-trilamp.jpg\",\"contentUrl\":\"http:\/\/www.trilamp.com\/wp-content\/uploads\/Tiendas-iluminacion-trilamp.jpg\"},{\"@type\":\"BreadcrumbList\",\"@id\":\"https:\/\/www.trilamp.com\/fr\/boutiques-eclairage\/#breadcrumb\",\"itemListElement\":[{\"@type\":\"ListItem\",\"position\":1,\"name\":\"Portada\",\"item\":\"https:\/\/www.trilamp.com\/fr\/\"},{\"@type\":\"ListItem\",\"position\":2,\"name\":\"Boutiques\"}]},{\"@type\":\"WebSite\",\"@id\":\"https:\/\/www.trilamp.com\/#website\",\"url\":\"https:\/\/www.trilamp.com\/\",\"name\":\"Trilamp\",\"description\":\"\",\"potentialAction\":[{\"@type\":\"SearchAction\",\"target\":{\"@type\":\"EntryPoint\",\"urlTemplate\":\"https:\/\/www.trilamp.com\/?s={search_term_string}\"},\"query-input\":{\"@type\":\"PropertyValueSpecification\",\"valueRequired\":true,\"valueName\":\"search_term_string\"}}],\"inLanguage\":\"fr-FR\"}]}<\/script>\n<!-- \/ Yoast SEO plugin. -->","yoast_head_json":{"title":"\u00c9clairage boutiques","robots":{"index":"index","follow":"follow","max-snippet":"max-snippet:-1","max-image-preview":"max-image-preview:large","max-video-preview":"max-video-preview:-1"},"canonical":"https:\/\/www.trilamp.com\/fr\/boutiques-eclairage\/","og_locale":"fr_FR","og_type":"article","og_title":"\u00c9clairage boutiques","og_description":"Comme entreprise familale, pour nous la vente en d\u00e9tail ou la boutique individuelle avec son service personnalis\u00e9, constituent l&rsquo;anneau principal de la cha\u00eene de distribution. Sans doute, la maison TRILAMP peut vous aider aussi pour accentuer ce service adapt\u00e9 aux d\u00e9sirs et besoins de vos clients individuels. A cet effet, nous vous offrons toute notre [&hellip;]","og_url":"https:\/\/www.trilamp.com\/fr\/boutiques-eclairage\/","og_site_name":"Trilamp","article_modified_time":"2015-03-20T13:27:34+00:00","og_image":[{"url":"http:\/\/www.trilamp.com\/wp-content\/uploads\/Tiendas-iluminacion-trilamp.jpg","type":"","width":"","height":""}],"twitter_misc":{"Dur\u00e9e de lecture estim\u00e9e":"1 minute"},"schema":{"@context":"https:\/\/schema.org","@graph":[{"@type":"WebPage","@id":"https:\/\/www.trilamp.com\/fr\/boutiques-eclairage\/","url":"https:\/\/www.trilamp.com\/fr\/boutiques-eclairage\/","name":"\u00c9clairage boutiques","isPartOf":{"@id":"https:\/\/www.trilamp.com\/#website"},"primaryImageOfPage":{"@id":"https:\/\/www.trilamp.com\/fr\/boutiques-eclairage\/#primaryimage"},"image":{"@id":"https:\/\/www.trilamp.com\/fr\/boutiques-eclairage\/#primaryimage"},"thumbnailUrl":"http:\/\/www.trilamp.com\/wp-content\/uploads\/Tiendas-iluminacion-trilamp.jpg","datePublished":"2015-03-20T13:26:56+00:00","dateModified":"2015-03-20T13:27:34+00:00","breadcrumb":{"@id":"https:\/\/www.trilamp.com\/fr\/boutiques-eclairage\/#breadcrumb"},"inLanguage":"fr-FR","potentialAction":[{"@type":"ReadAction","target":["https:\/\/www.trilamp.com\/fr\/boutiques-eclairage\/"]}]},{"@type":"ImageObject","inLanguage":"fr-FR","@id":"https:\/\/www.trilamp.com\/fr\/boutiques-eclairage\/#primaryimage","url":"http:\/\/www.trilamp.com\/wp-content\/uploads\/Tiendas-iluminacion-trilamp.jpg","contentUrl":"http:\/\/www.trilamp.com\/wp-content\/uploads\/Tiendas-iluminacion-trilamp.jpg"},{"@type":"BreadcrumbList","@id":"https:\/\/www.trilamp.com\/fr\/boutiques-eclairage\/#breadcrumb","itemListElement":[{"@type":"ListItem","position":1,"name":"Portada","item":"https:\/\/www.trilamp.com\/fr\/"},{"@type":"ListItem","position":2,"name":"Boutiques"}]},{"@type":"WebSite","@id":"https:\/\/www.trilamp.com\/#website","url":"https:\/\/www.trilamp.com\/","name":"Trilamp","description":"","potentialAction":[{"@type":"SearchAction","target":{"@type":"EntryPoint","urlTemplate":"https:\/\/www.trilamp.com\/?s={search_term_string}"},"query-input":{"@type":"PropertyValueSpecification","valueRequired":true,"valueName":"search_term_string"}}],"inLanguage":"fr-FR"}]}},"_links":{"self":[{"href":"https:\/\/www.trilamp.com\/fr\/wp-json\/wp\/v2\/pages\/1711","targetHints":{"allow":["GET"]}}],"collection":[{"href":"https:\/\/www.trilamp.com\/fr\/wp-json\/wp\/v2\/pages"}],"about":[{"href":"https:\/\/www.trilamp.com\/fr\/wp-json\/wp\/v2\/types\/page"}],"author":[{"embeddable":true,"href":"https:\/\/www.trilamp.com\/fr\/wp-json\/wp\/v2\/users\/4"}],"replies":[{"embeddable":true,"href":"https:\/\/www.trilamp.com\/fr\/wp-json\/wp\/v2\/comments?post=1711"}],"version-history":[{"count":1,"href":"https:\/\/www.trilamp.com\/fr\/wp-json\/wp\/v2\/pages\/1711\/revisions"}],"predecessor-version":[{"id":1712,"href":"https:\/\/www.trilamp.com\/fr\/wp-json\/wp\/v2\/pages\/1711\/revisions\/1712"}],"wp:attachment":[{"href":"https:\/\/www.trilamp.com\/fr\/wp-json\/wp\/v2\/media?parent=1711"}],"curies":[{"name":"wp","href":"https:\/\/api.w.org\/{rel}","templated":true}]}}