{"id":1702,"date":"2015-03-20T15:07:57","date_gmt":"2015-03-20T13:07:57","guid":{"rendered":"http:\/\/www.trilamp.com\/?page_id=1702"},"modified":"2015-04-16T09:04:42","modified_gmt":"2015-04-16T07:04:42","slug":"eclairage-hotels","status":"publish","type":"page","link":"https:\/\/www.trilamp.com\/fr\/eclairage-hotels\/","title":{"rendered":"H\u00f4tels"},"content":{"rendered":"<p>[vc_column_text width=\u00a0\u00bb1\/1&Prime; el_position=\u00a0\u00bbfirst last\u00a0\u00bb]<\/p>\n<p style=\"text-align: justify;\"><a href=\"http:\/\/www.trilamp.com\/wp-content\/uploads\/FotoHOTELES.jpg\"><img loading=\"lazy\" decoding=\"async\" class=\"alignleft wp-image-239 size-medium\" src=\"http:\/\/www.trilamp.com\/wp-content\/uploads\/FotoHOTELES.jpg\" alt=\"iluminacion decorativa para hoteles\" width=\"300\" height=\"300\" \/><\/a><\/p>\n<p>Pour le secteur h\u00f4telier nous vous offrons l&rsquo;\u00e9clairage qui non seulement apporte de la lumi\u00e8re, mais \u00e0 la fois ces d\u00e9tails typiques de confort personnalis\u00e9 et d&rsquo;harmonie dont l&rsquo;int\u00e9rieur puisse avoir besoin.<\/p>\n<p>En plus, nous pouvons vous servir avec la modernisation ou restauration de l&rsquo;installation d&rsquo;\u00e9clairage existante.<\/p>\n<p>[\/vc_column_text]<\/p>\n","protected":false},"excerpt":{"rendered":"<p>[vc_column_text width=\u00a0\u00bb1\/1&Prime; el_position=\u00a0\u00bbfirst last\u00a0\u00bb] Pour le secteur h\u00f4telier nous vous offrons l&rsquo;\u00e9clairage qui non seulement apporte de la lumi\u00e8re, mais \u00e0 la fois ces d\u00e9tails typiques de confort personnalis\u00e9 et d&rsquo;harmonie dont l&rsquo;int\u00e9rieur puisse avoir besoin. En plus, nous pouvons vous servir avec la modernisation ou restauration de l&rsquo;installation d&rsquo;\u00e9clairage existante. [\/vc_column_text]<\/p>\n","protected":false},"author":4,"featured_media":0,"parent":0,"menu_order":0,"comment_status":"closed","ping_status":"closed","template":"","meta":{"_et_pb_use_builder":"","_et_pb_old_content":"","_et_gb_content_width":"","footnotes":""},"class_list":["post-1702","page","type-page","status-publish","hentry"],"yoast_head":"<!-- This site is optimized with the Yoast SEO plugin v26.8 - https:\/\/yoast.com\/product\/yoast-seo-wordpress\/ -->\n<title>\u00c9clairage H\u00f4tels - Trilamp<\/title>\n<meta name=\"description\" content=\"Pour le secteur h\u00f4telier nous vous offrons l&#039;\u00e9clairage qui non seulement apporte de la lumi\u00e8re, mais \u00e0 la fois ces d\u00e9tails typiques de confort personnalis\u00e9 et d&#039;harmonie dont l&#039;int\u00e9rieur puisse avoir besoin. En plus, nous pouvons vous servir avec la modernisation ou restauration de l&#039;installation d&#039;\u00e9clairage existante.\" \/>\n<meta name=\"robots\" content=\"index, follow, max-snippet:-1, max-image-preview:large, max-video-preview:-1\" \/>\n<link rel=\"canonical\" href=\"https:\/\/www.trilamp.com\/fr\/eclairage-hotels\/\" \/>\n<meta property=\"og:locale\" content=\"fr_FR\" \/>\n<meta property=\"og:type\" content=\"article\" \/>\n<meta property=\"og:title\" content=\"\u00c9clairage H\u00f4tels - Trilamp\" \/>\n<meta property=\"og:description\" content=\"Pour le secteur h\u00f4telier nous vous offrons l&#039;\u00e9clairage qui non seulement apporte de la lumi\u00e8re, mais \u00e0 la fois ces d\u00e9tails typiques de confort personnalis\u00e9 et d&#039;harmonie dont l&#039;int\u00e9rieur puisse avoir besoin. En plus, nous pouvons vous servir avec la modernisation ou restauration de l&#039;installation d&#039;\u00e9clairage existante.\" \/>\n<meta property=\"og:url\" content=\"https:\/\/www.trilamp.com\/fr\/eclairage-hotels\/\" \/>\n<meta property=\"og:site_name\" content=\"Trilamp\" \/>\n<meta property=\"article:modified_time\" content=\"2015-04-16T07:04:42+00:00\" \/>\n<meta property=\"og:image\" content=\"http:\/\/www.trilamp.com\/wp-content\/uploads\/FotoHOTELES.jpg\" \/>\n<script type=\"application\/ld+json\" class=\"yoast-schema-graph\">{\"@context\":\"https:\/\/schema.org\",\"@graph\":[{\"@type\":\"WebPage\",\"@id\":\"https:\/\/www.trilamp.com\/fr\/eclairage-hotels\/\",\"url\":\"https:\/\/www.trilamp.com\/fr\/eclairage-hotels\/\",\"name\":\"\u00c9clairage H\u00f4tels - Trilamp\",\"isPartOf\":{\"@id\":\"https:\/\/www.trilamp.com\/#website\"},\"primaryImageOfPage\":{\"@id\":\"https:\/\/www.trilamp.com\/fr\/eclairage-hotels\/#primaryimage\"},\"image\":{\"@id\":\"https:\/\/www.trilamp.com\/fr\/eclairage-hotels\/#primaryimage\"},\"thumbnailUrl\":\"http:\/\/www.trilamp.com\/wp-content\/uploads\/FotoHOTELES.jpg\",\"datePublished\":\"2015-03-20T13:07:57+00:00\",\"dateModified\":\"2015-04-16T07:04:42+00:00\",\"description\":\"Pour le secteur h\u00f4telier nous vous offrons l'\u00e9clairage qui non seulement apporte de la lumi\u00e8re, mais \u00e0 la fois ces d\u00e9tails typiques de confort personnalis\u00e9 et d'harmonie dont l'int\u00e9rieur puisse avoir besoin. En plus, nous pouvons vous servir avec la modernisation ou restauration de l'installation d'\u00e9clairage existante.\",\"breadcrumb\":{\"@id\":\"https:\/\/www.trilamp.com\/fr\/eclairage-hotels\/#breadcrumb\"},\"inLanguage\":\"fr-FR\",\"potentialAction\":[{\"@type\":\"ReadAction\",\"target\":[\"https:\/\/www.trilamp.com\/fr\/eclairage-hotels\/\"]}]},{\"@type\":\"ImageObject\",\"inLanguage\":\"fr-FR\",\"@id\":\"https:\/\/www.trilamp.com\/fr\/eclairage-hotels\/#primaryimage\",\"url\":\"http:\/\/www.trilamp.com\/wp-content\/uploads\/FotoHOTELES.jpg\",\"contentUrl\":\"http:\/\/www.trilamp.com\/wp-content\/uploads\/FotoHOTELES.jpg\"},{\"@type\":\"BreadcrumbList\",\"@id\":\"https:\/\/www.trilamp.com\/fr\/eclairage-hotels\/#breadcrumb\",\"itemListElement\":[{\"@type\":\"ListItem\",\"position\":1,\"name\":\"Portada\",\"item\":\"https:\/\/www.trilamp.com\/fr\/\"},{\"@type\":\"ListItem\",\"position\":2,\"name\":\"H\u00f4tels\"}]},{\"@type\":\"WebSite\",\"@id\":\"https:\/\/www.trilamp.com\/#website\",\"url\":\"https:\/\/www.trilamp.com\/\",\"name\":\"Trilamp\",\"description\":\"\",\"potentialAction\":[{\"@type\":\"SearchAction\",\"target\":{\"@type\":\"EntryPoint\",\"urlTemplate\":\"https:\/\/www.trilamp.com\/?s={search_term_string}\"},\"query-input\":{\"@type\":\"PropertyValueSpecification\",\"valueRequired\":true,\"valueName\":\"search_term_string\"}}],\"inLanguage\":\"fr-FR\"}]}<\/script>\n<!-- \/ Yoast SEO plugin. -->","yoast_head_json":{"title":"\u00c9clairage H\u00f4tels - Trilamp","description":"Pour le secteur h\u00f4telier nous vous offrons l'\u00e9clairage qui non seulement apporte de la lumi\u00e8re, mais \u00e0 la fois ces d\u00e9tails typiques de confort personnalis\u00e9 et d'harmonie dont l'int\u00e9rieur puisse avoir besoin. En plus, nous pouvons vous servir avec la modernisation ou restauration de l'installation d'\u00e9clairage existante.","robots":{"index":"index","follow":"follow","max-snippet":"max-snippet:-1","max-image-preview":"max-image-preview:large","max-video-preview":"max-video-preview:-1"},"canonical":"https:\/\/www.trilamp.com\/fr\/eclairage-hotels\/","og_locale":"fr_FR","og_type":"article","og_title":"\u00c9clairage H\u00f4tels - Trilamp","og_description":"Pour le secteur h\u00f4telier nous vous offrons l'\u00e9clairage qui non seulement apporte de la lumi\u00e8re, mais \u00e0 la fois ces d\u00e9tails typiques de confort personnalis\u00e9 et d'harmonie dont l'int\u00e9rieur puisse avoir besoin. En plus, nous pouvons vous servir avec la modernisation ou restauration de l'installation d'\u00e9clairage existante.","og_url":"https:\/\/www.trilamp.com\/fr\/eclairage-hotels\/","og_site_name":"Trilamp","article_modified_time":"2015-04-16T07:04:42+00:00","og_image":[{"url":"http:\/\/www.trilamp.com\/wp-content\/uploads\/FotoHOTELES.jpg","type":"","width":"","height":""}],"schema":{"@context":"https:\/\/schema.org","@graph":[{"@type":"WebPage","@id":"https:\/\/www.trilamp.com\/fr\/eclairage-hotels\/","url":"https:\/\/www.trilamp.com\/fr\/eclairage-hotels\/","name":"\u00c9clairage H\u00f4tels - Trilamp","isPartOf":{"@id":"https:\/\/www.trilamp.com\/#website"},"primaryImageOfPage":{"@id":"https:\/\/www.trilamp.com\/fr\/eclairage-hotels\/#primaryimage"},"image":{"@id":"https:\/\/www.trilamp.com\/fr\/eclairage-hotels\/#primaryimage"},"thumbnailUrl":"http:\/\/www.trilamp.com\/wp-content\/uploads\/FotoHOTELES.jpg","datePublished":"2015-03-20T13:07:57+00:00","dateModified":"2015-04-16T07:04:42+00:00","description":"Pour le secteur h\u00f4telier nous vous offrons l'\u00e9clairage qui non seulement apporte de la lumi\u00e8re, mais \u00e0 la fois ces d\u00e9tails typiques de confort personnalis\u00e9 et d'harmonie dont l'int\u00e9rieur puisse avoir besoin. En plus, nous pouvons vous servir avec la modernisation ou restauration de l'installation d'\u00e9clairage existante.","breadcrumb":{"@id":"https:\/\/www.trilamp.com\/fr\/eclairage-hotels\/#breadcrumb"},"inLanguage":"fr-FR","potentialAction":[{"@type":"ReadAction","target":["https:\/\/www.trilamp.com\/fr\/eclairage-hotels\/"]}]},{"@type":"ImageObject","inLanguage":"fr-FR","@id":"https:\/\/www.trilamp.com\/fr\/eclairage-hotels\/#primaryimage","url":"http:\/\/www.trilamp.com\/wp-content\/uploads\/FotoHOTELES.jpg","contentUrl":"http:\/\/www.trilamp.com\/wp-content\/uploads\/FotoHOTELES.jpg"},{"@type":"BreadcrumbList","@id":"https:\/\/www.trilamp.com\/fr\/eclairage-hotels\/#breadcrumb","itemListElement":[{"@type":"ListItem","position":1,"name":"Portada","item":"https:\/\/www.trilamp.com\/fr\/"},{"@type":"ListItem","position":2,"name":"H\u00f4tels"}]},{"@type":"WebSite","@id":"https:\/\/www.trilamp.com\/#website","url":"https:\/\/www.trilamp.com\/","name":"Trilamp","description":"","potentialAction":[{"@type":"SearchAction","target":{"@type":"EntryPoint","urlTemplate":"https:\/\/www.trilamp.com\/?s={search_term_string}"},"query-input":{"@type":"PropertyValueSpecification","valueRequired":true,"valueName":"search_term_string"}}],"inLanguage":"fr-FR"}]}},"_links":{"self":[{"href":"https:\/\/www.trilamp.com\/fr\/wp-json\/wp\/v2\/pages\/1702","targetHints":{"allow":["GET"]}}],"collection":[{"href":"https:\/\/www.trilamp.com\/fr\/wp-json\/wp\/v2\/pages"}],"about":[{"href":"https:\/\/www.trilamp.com\/fr\/wp-json\/wp\/v2\/types\/page"}],"author":[{"embeddable":true,"href":"https:\/\/www.trilamp.com\/fr\/wp-json\/wp\/v2\/users\/4"}],"replies":[{"embeddable":true,"href":"https:\/\/www.trilamp.com\/fr\/wp-json\/wp\/v2\/comments?post=1702"}],"version-history":[{"count":2,"href":"https:\/\/www.trilamp.com\/fr\/wp-json\/wp\/v2\/pages\/1702\/revisions"}],"predecessor-version":[{"id":2011,"href":"https:\/\/www.trilamp.com\/fr\/wp-json\/wp\/v2\/pages\/1702\/revisions\/2011"}],"wp:attachment":[{"href":"https:\/\/www.trilamp.com\/fr\/wp-json\/wp\/v2\/media?parent=1702"}],"curies":[{"name":"wp","href":"https:\/\/api.w.org\/{rel}","templated":true}]}}