{"id":1673,"date":"2015-03-20T13:54:49","date_gmt":"2015-03-20T11:54:49","guid":{"rendered":"http:\/\/www.trilamp.com\/?page_id=1673"},"modified":"2015-04-16T09:01:42","modified_gmt":"2015-04-16T07:01:42","slug":"contract-4","status":"publish","type":"page","link":"https:\/\/www.trilamp.com\/fr\/contract-4\/","title":{"rendered":"Contract"},"content":{"rendered":"<p>[vc_column_text width=\u00a0\u00bb1\/1&Prime; el_position=\u00a0\u00bbfirst last\u00a0\u00bb]<\/p>\n<p style=\"text-align: justify;\"><a href=\"http:\/\/www.trilamp.com\/wp-content\/uploads\/CONTRACT.jpg\"><img loading=\"lazy\" decoding=\"async\" class=\"alignleft wp-image-1422\" src=\"http:\/\/www.trilamp.com\/wp-content\/uploads\/CONTRACT.jpg\" alt=\"l\u00e1mparas contract Trilamp\" width=\"400\" height=\"300\" \/><\/a>Gr\u00e2ce \u00e0 notre assortiment tr\u00e8s ample, un des secteurs sp\u00e9cifiques que nous fournissons, c&rsquo;est le march\u00e9 \u00ab\u00a0CONTRACT\u00a0\u00bb pour lequel les mod\u00e8les les plus sollicit\u00e9s proc\u00e8dent des s\u00e9ries Crystal, Antique et Salles de Bain.<\/p>\n<p>[\/vc_column_text]<\/p>\n","protected":false},"excerpt":{"rendered":"<p>[vc_column_text width=\u00a0\u00bb1\/1&Prime; el_position=\u00a0\u00bbfirst last\u00a0\u00bb] Gr\u00e2ce \u00e0 notre assortiment tr\u00e8s ample, un des secteurs sp\u00e9cifiques que nous fournissons, c&rsquo;est le march\u00e9 \u00ab\u00a0CONTRACT\u00a0\u00bb pour lequel les mod\u00e8les les plus sollicit\u00e9s proc\u00e8dent des s\u00e9ries Crystal, Antique et Salles de Bain. [\/vc_column_text]<\/p>\n","protected":false},"author":4,"featured_media":0,"parent":0,"menu_order":0,"comment_status":"closed","ping_status":"closed","template":"","meta":{"_et_pb_use_builder":"","_et_pb_old_content":"","_et_gb_content_width":"","footnotes":""},"class_list":["post-1673","page","type-page","status-publish","hentry"],"yoast_head":"<!-- This site is optimized with the Yoast SEO plugin v26.8 - https:\/\/yoast.com\/product\/yoast-seo-wordpress\/ -->\n<title>\u00c9clairage contract<\/title>\n<meta name=\"description\" content=\"Gr\u00e2ce \u00e0 notre assortiment tr\u00e8s ample, un des secteurs sp\u00e9cifiques que nous fournissons, c&#039;est le march\u00e9 &quot;CONTRACT&quot; pour lequel les mod\u00e8les les plus sollicit\u00e9s proc\u00e8dent des s\u00e9ries Crystal, Antique et Salles de Bain.\" \/>\n<meta name=\"robots\" content=\"index, follow, max-snippet:-1, max-image-preview:large, max-video-preview:-1\" \/>\n<link rel=\"canonical\" href=\"https:\/\/www.trilamp.com\/fr\/contract-4\/\" \/>\n<meta property=\"og:locale\" content=\"fr_FR\" \/>\n<meta property=\"og:type\" content=\"article\" \/>\n<meta property=\"og:title\" content=\"\u00c9clairage contract\" \/>\n<meta property=\"og:description\" content=\"Gr\u00e2ce \u00e0 notre assortiment tr\u00e8s ample, un des secteurs sp\u00e9cifiques que nous fournissons, c&#039;est le march\u00e9 &quot;CONTRACT&quot; pour lequel les mod\u00e8les les plus sollicit\u00e9s proc\u00e8dent des s\u00e9ries Crystal, Antique et Salles de Bain.\" \/>\n<meta property=\"og:url\" content=\"https:\/\/www.trilamp.com\/fr\/contract-4\/\" \/>\n<meta property=\"og:site_name\" content=\"Trilamp\" \/>\n<meta property=\"article:modified_time\" content=\"2015-04-16T07:01:42+00:00\" \/>\n<meta property=\"og:image\" content=\"http:\/\/www.trilamp.com\/wp-content\/uploads\/CONTRACT.jpg\" \/>\n<script type=\"application\/ld+json\" class=\"yoast-schema-graph\">{\"@context\":\"https:\/\/schema.org\",\"@graph\":[{\"@type\":\"WebPage\",\"@id\":\"https:\/\/www.trilamp.com\/fr\/contract-4\/\",\"url\":\"https:\/\/www.trilamp.com\/fr\/contract-4\/\",\"name\":\"\u00c9clairage contract\",\"isPartOf\":{\"@id\":\"https:\/\/www.trilamp.com\/#website\"},\"primaryImageOfPage\":{\"@id\":\"https:\/\/www.trilamp.com\/fr\/contract-4\/#primaryimage\"},\"image\":{\"@id\":\"https:\/\/www.trilamp.com\/fr\/contract-4\/#primaryimage\"},\"thumbnailUrl\":\"http:\/\/www.trilamp.com\/wp-content\/uploads\/CONTRACT.jpg\",\"datePublished\":\"2015-03-20T11:54:49+00:00\",\"dateModified\":\"2015-04-16T07:01:42+00:00\",\"description\":\"Gr\u00e2ce \u00e0 notre assortiment tr\u00e8s ample, un des secteurs sp\u00e9cifiques que nous fournissons, c'est le march\u00e9 \\\"CONTRACT\\\" pour lequel les mod\u00e8les les plus sollicit\u00e9s proc\u00e8dent des s\u00e9ries Crystal, Antique et Salles de Bain.\",\"breadcrumb\":{\"@id\":\"https:\/\/www.trilamp.com\/fr\/contract-4\/#breadcrumb\"},\"inLanguage\":\"fr-FR\",\"potentialAction\":[{\"@type\":\"ReadAction\",\"target\":[\"https:\/\/www.trilamp.com\/fr\/contract-4\/\"]}]},{\"@type\":\"ImageObject\",\"inLanguage\":\"fr-FR\",\"@id\":\"https:\/\/www.trilamp.com\/fr\/contract-4\/#primaryimage\",\"url\":\"http:\/\/www.trilamp.com\/wp-content\/uploads\/CONTRACT.jpg\",\"contentUrl\":\"http:\/\/www.trilamp.com\/wp-content\/uploads\/CONTRACT.jpg\"},{\"@type\":\"BreadcrumbList\",\"@id\":\"https:\/\/www.trilamp.com\/fr\/contract-4\/#breadcrumb\",\"itemListElement\":[{\"@type\":\"ListItem\",\"position\":1,\"name\":\"Portada\",\"item\":\"https:\/\/www.trilamp.com\/fr\/\"},{\"@type\":\"ListItem\",\"position\":2,\"name\":\"Contract\"}]},{\"@type\":\"WebSite\",\"@id\":\"https:\/\/www.trilamp.com\/#website\",\"url\":\"https:\/\/www.trilamp.com\/\",\"name\":\"Trilamp\",\"description\":\"\",\"potentialAction\":[{\"@type\":\"SearchAction\",\"target\":{\"@type\":\"EntryPoint\",\"urlTemplate\":\"https:\/\/www.trilamp.com\/?s={search_term_string}\"},\"query-input\":{\"@type\":\"PropertyValueSpecification\",\"valueRequired\":true,\"valueName\":\"search_term_string\"}}],\"inLanguage\":\"fr-FR\"}]}<\/script>\n<!-- \/ Yoast SEO plugin. -->","yoast_head_json":{"title":"\u00c9clairage contract","description":"Gr\u00e2ce \u00e0 notre assortiment tr\u00e8s ample, un des secteurs sp\u00e9cifiques que nous fournissons, c'est le march\u00e9 \"CONTRACT\" pour lequel les mod\u00e8les les plus sollicit\u00e9s proc\u00e8dent des s\u00e9ries Crystal, Antique et Salles de Bain.","robots":{"index":"index","follow":"follow","max-snippet":"max-snippet:-1","max-image-preview":"max-image-preview:large","max-video-preview":"max-video-preview:-1"},"canonical":"https:\/\/www.trilamp.com\/fr\/contract-4\/","og_locale":"fr_FR","og_type":"article","og_title":"\u00c9clairage contract","og_description":"Gr\u00e2ce \u00e0 notre assortiment tr\u00e8s ample, un des secteurs sp\u00e9cifiques que nous fournissons, c'est le march\u00e9 \"CONTRACT\" pour lequel les mod\u00e8les les plus sollicit\u00e9s proc\u00e8dent des s\u00e9ries Crystal, Antique et Salles de Bain.","og_url":"https:\/\/www.trilamp.com\/fr\/contract-4\/","og_site_name":"Trilamp","article_modified_time":"2015-04-16T07:01:42+00:00","og_image":[{"url":"http:\/\/www.trilamp.com\/wp-content\/uploads\/CONTRACT.jpg","type":"","width":"","height":""}],"schema":{"@context":"https:\/\/schema.org","@graph":[{"@type":"WebPage","@id":"https:\/\/www.trilamp.com\/fr\/contract-4\/","url":"https:\/\/www.trilamp.com\/fr\/contract-4\/","name":"\u00c9clairage contract","isPartOf":{"@id":"https:\/\/www.trilamp.com\/#website"},"primaryImageOfPage":{"@id":"https:\/\/www.trilamp.com\/fr\/contract-4\/#primaryimage"},"image":{"@id":"https:\/\/www.trilamp.com\/fr\/contract-4\/#primaryimage"},"thumbnailUrl":"http:\/\/www.trilamp.com\/wp-content\/uploads\/CONTRACT.jpg","datePublished":"2015-03-20T11:54:49+00:00","dateModified":"2015-04-16T07:01:42+00:00","description":"Gr\u00e2ce \u00e0 notre assortiment tr\u00e8s ample, un des secteurs sp\u00e9cifiques que nous fournissons, c'est le march\u00e9 \"CONTRACT\" pour lequel les mod\u00e8les les plus sollicit\u00e9s proc\u00e8dent des s\u00e9ries Crystal, Antique et Salles de Bain.","breadcrumb":{"@id":"https:\/\/www.trilamp.com\/fr\/contract-4\/#breadcrumb"},"inLanguage":"fr-FR","potentialAction":[{"@type":"ReadAction","target":["https:\/\/www.trilamp.com\/fr\/contract-4\/"]}]},{"@type":"ImageObject","inLanguage":"fr-FR","@id":"https:\/\/www.trilamp.com\/fr\/contract-4\/#primaryimage","url":"http:\/\/www.trilamp.com\/wp-content\/uploads\/CONTRACT.jpg","contentUrl":"http:\/\/www.trilamp.com\/wp-content\/uploads\/CONTRACT.jpg"},{"@type":"BreadcrumbList","@id":"https:\/\/www.trilamp.com\/fr\/contract-4\/#breadcrumb","itemListElement":[{"@type":"ListItem","position":1,"name":"Portada","item":"https:\/\/www.trilamp.com\/fr\/"},{"@type":"ListItem","position":2,"name":"Contract"}]},{"@type":"WebSite","@id":"https:\/\/www.trilamp.com\/#website","url":"https:\/\/www.trilamp.com\/","name":"Trilamp","description":"","potentialAction":[{"@type":"SearchAction","target":{"@type":"EntryPoint","urlTemplate":"https:\/\/www.trilamp.com\/?s={search_term_string}"},"query-input":{"@type":"PropertyValueSpecification","valueRequired":true,"valueName":"search_term_string"}}],"inLanguage":"fr-FR"}]}},"_links":{"self":[{"href":"https:\/\/www.trilamp.com\/fr\/wp-json\/wp\/v2\/pages\/1673","targetHints":{"allow":["GET"]}}],"collection":[{"href":"https:\/\/www.trilamp.com\/fr\/wp-json\/wp\/v2\/pages"}],"about":[{"href":"https:\/\/www.trilamp.com\/fr\/wp-json\/wp\/v2\/types\/page"}],"author":[{"embeddable":true,"href":"https:\/\/www.trilamp.com\/fr\/wp-json\/wp\/v2\/users\/4"}],"replies":[{"embeddable":true,"href":"https:\/\/www.trilamp.com\/fr\/wp-json\/wp\/v2\/comments?post=1673"}],"version-history":[{"count":2,"href":"https:\/\/www.trilamp.com\/fr\/wp-json\/wp\/v2\/pages\/1673\/revisions"}],"predecessor-version":[{"id":2008,"href":"https:\/\/www.trilamp.com\/fr\/wp-json\/wp\/v2\/pages\/1673\/revisions\/2008"}],"wp:attachment":[{"href":"https:\/\/www.trilamp.com\/fr\/wp-json\/wp\/v2\/media?parent=1673"}],"curies":[{"name":"wp","href":"https:\/\/api.w.org\/{rel}","templated":true}]}}