{"id":7086,"date":"2024-04-30T12:38:25","date_gmt":"2024-04-30T10:38:25","guid":{"rendered":"https:\/\/www.trilamp.com\/?page_id=7086"},"modified":"2024-04-30T12:38:53","modified_gmt":"2024-04-30T10:38:53","slug":"deduo-2","status":"publish","type":"page","link":"https:\/\/www.trilamp.com\/de\/deduo-2\/","title":{"rendered":"DEDUO"},"content":{"rendered":"<p>[et_pb_section fb_built=&#8220;1&#8243; _builder_version=&#8220;4.16&#8243; _module_preset=&#8220;default&#8220; background_image=&#8220;http:\/\/nueva.trilamp.com\/wp-content\/uploads\/bannerdisenadores.png&#8220; custom_padding=&#8220;50px||50px|||&#8220; global_colors_info=&#8220;{}&#8220;][et_pb_row _builder_version=&#8220;4.16&#8243; _module_preset=&#8220;default&#8220; global_colors_info=&#8220;{}&#8220;][et_pb_column type=&#8220;4_4&#8243; _builder_version=&#8220;4.16&#8243; _module_preset=&#8220;default&#8220; global_colors_info=&#8220;{}&#8220;][et_pb_text _builder_version=&#8220;4.16&#8243; _module_preset=&#8220;default&#8220; text_font=&#8220;|300|||||||&#8220; text_text_color=&#8220;#ffffff&#8220; text_font_size=&#8220;40px&#8220; text_letter_spacing=&#8220;1px&#8220; text_orientation=&#8220;center&#8220; global_colors_info=&#8220;{}&#8220;]CARRASCO BARCELO[\/et_pb_text][\/et_pb_column][\/et_pb_row][\/et_pb_section][et_pb_section fb_built=&#8220;1&#8243; _builder_version=&#8220;4.16&#8243; _module_preset=&#8220;default&#8220; custom_padding=&#8220;0px||0px|||&#8220; global_colors_info=&#8220;{}&#8220;][et_pb_row _builder_version=&#8220;4.16&#8243; _module_preset=&#8220;default&#8220; max_width=&#8220;950px&#8220; custom_padding=&#8220;||33px|||&#8220; global_colors_info=&#8220;{}&#8220;][et_pb_column type=&#8220;4_4&#8243; _builder_version=&#8220;4.16&#8243; _module_preset=&#8220;default&#8220; global_colors_info=&#8220;{}&#8220;][et_pb_text _builder_version=&#8220;4.25.0&#8243; _module_preset=&#8220;default&#8220; text_orientation=&#8220;center&#8220; custom_margin=&#8220;-112px|||||&#8220; inline_fonts=&#8220;Montserrat&#8220; global_colors_info=&#8220;{}&#8220;]<\/p>\n<h1><em><strong><span style=\"font-size: xx-large; font-family: Montserrat;\">DEDUO<\/span><\/strong><\/em><\/h1>\n<p>[\/et_pb_text][et_pb_text _builder_version=&#8220;4.25.0&#8243; _module_preset=&#8220;default&#8220; text_orientation=&#8220;center&#8220; global_colors_info=&#8220;{}&#8220;]<\/p>\n<p>Eva ist Designerin und Juwelierin und Gonzalo ist Produktdesigner. Sie gr\u00fcndeten ihr Designstudio im Jahr 2006. Seitdem haben sie eine Vielzahl von Produkten f\u00fcr verschiedene Branchen hergestellt. Sie haben ein gro\u00dfes Interesse an der Kombination von Design und Handwerkskunst.<\/p>\n<p><em><strong>\u201eWir haben Spa\u00df, wir teilen und vor allem sind wir leidenschaftlich bei dem, was wir tun\u201c<\/strong><\/em><\/p>\n<p>[\/et_pb_text][\/et_pb_column][\/et_pb_row][\/et_pb_section][et_pb_section fb_built=&#8220;1&#8243; _builder_version=&#8220;4.16&#8243; _module_preset=&#8220;default&#8220; custom_padding=&#8220;0px||0px|||&#8220; global_colors_info=&#8220;{}&#8220;][et_pb_row _builder_version=&#8220;4.16&#8243; _module_preset=&#8220;default&#8220; custom_padding=&#8220;0px||50px|||&#8220; global_colors_info=&#8220;{}&#8220;][et_pb_column type=&#8220;4_4&#8243; _builder_version=&#8220;4.16&#8243; _module_preset=&#8220;default&#8220; global_colors_info=&#8220;{}&#8220;][et_pb_image src=&#8220;https:\/\/www.trilamp.com\/wp-content\/uploads\/FOTO-DEDUO-BN-2024.jpg&#8220; title_text=&#8220;FOTO DEDUO BN 2024&#8243; align=&#8220;center&#8220; _builder_version=&#8220;4.25.0&#8243; _module_preset=&#8220;default&#8220; max_width=&#8220;350px&#8220; global_colors_info=&#8220;{}&#8220;][\/et_pb_image][\/et_pb_column][\/et_pb_row][\/et_pb_section]<\/p>\n","protected":false},"excerpt":{"rendered":"<p>CARRASCO BARCELODEDUOEva ist Designerin und Juwelierin und Gonzalo ist Produktdesigner. Sie gr\u00fcndeten ihr Designstudio im Jahr 2006. Seitdem haben sie eine Vielzahl von Produkten f\u00fcr verschiedene Branchen hergestellt. Sie haben ein gro\u00dfes Interesse an der Kombination von Design und Handwerkskunst. \u201eWir haben Spa\u00df, wir teilen und vor allem sind wir leidenschaftlich bei dem, was wir [&hellip;]<\/p>\n","protected":false},"author":999,"featured_media":0,"parent":0,"menu_order":0,"comment_status":"closed","ping_status":"closed","template":"","meta":{"_et_pb_use_builder":"on","_et_pb_old_content":"","_et_gb_content_width":"","footnotes":""},"class_list":["post-7086","page","type-page","status-publish","hentry"],"yoast_head":"<!-- This site is optimized with the Yoast SEO plugin v26.8 - https:\/\/yoast.com\/product\/yoast-seo-wordpress\/ -->\n<title>DEDUO - Trilamp<\/title>\n<meta name=\"robots\" content=\"index, follow, max-snippet:-1, max-image-preview:large, max-video-preview:-1\" \/>\n<link rel=\"canonical\" href=\"https:\/\/www.trilamp.com\/de\/deduo-2\/\" \/>\n<meta property=\"og:locale\" content=\"de_DE\" \/>\n<meta property=\"og:type\" content=\"article\" \/>\n<meta property=\"og:title\" content=\"DEDUO - Trilamp\" \/>\n<meta property=\"og:description\" content=\"CARRASCO BARCELODEDUOEva ist Designerin und Juwelierin und Gonzalo ist Produktdesigner. Sie gr\u00fcndeten ihr Designstudio im Jahr 2006. Seitdem haben sie eine Vielzahl von Produkten f\u00fcr verschiedene Branchen hergestellt. Sie haben ein gro\u00dfes Interesse an der Kombination von Design und Handwerkskunst. \u201eWir haben Spa\u00df, wir teilen und vor allem sind wir leidenschaftlich bei dem, was wir [&hellip;]\" \/>\n<meta property=\"og:url\" content=\"https:\/\/www.trilamp.com\/de\/deduo-2\/\" \/>\n<meta property=\"og:site_name\" content=\"Trilamp\" \/>\n<meta property=\"article:modified_time\" content=\"2024-04-30T10:38:53+00:00\" \/>\n<meta name=\"twitter:label1\" content=\"Gesch\u00e4tzte Lesezeit\" \/>\n\t<meta name=\"twitter:data1\" content=\"1\u00a0Minute\" \/>\n<script type=\"application\/ld+json\" class=\"yoast-schema-graph\">{\"@context\":\"https:\/\/schema.org\",\"@graph\":[{\"@type\":\"WebPage\",\"@id\":\"https:\/\/www.trilamp.com\/de\/deduo-2\/\",\"url\":\"https:\/\/www.trilamp.com\/de\/deduo-2\/\",\"name\":\"DEDUO - Trilamp\",\"isPartOf\":{\"@id\":\"https:\/\/www.trilamp.com\/#website\"},\"datePublished\":\"2024-04-30T10:38:25+00:00\",\"dateModified\":\"2024-04-30T10:38:53+00:00\",\"breadcrumb\":{\"@id\":\"https:\/\/www.trilamp.com\/de\/deduo-2\/#breadcrumb\"},\"inLanguage\":\"de\",\"potentialAction\":[{\"@type\":\"ReadAction\",\"target\":[\"https:\/\/www.trilamp.com\/de\/deduo-2\/\"]}]},{\"@type\":\"BreadcrumbList\",\"@id\":\"https:\/\/www.trilamp.com\/de\/deduo-2\/#breadcrumb\",\"itemListElement\":[{\"@type\":\"ListItem\",\"position\":1,\"name\":\"Portada\",\"item\":\"https:\/\/www.trilamp.com\/de\/\"},{\"@type\":\"ListItem\",\"position\":2,\"name\":\"DEDUO\"}]},{\"@type\":\"WebSite\",\"@id\":\"https:\/\/www.trilamp.com\/#website\",\"url\":\"https:\/\/www.trilamp.com\/\",\"name\":\"Trilamp\",\"description\":\"\",\"potentialAction\":[{\"@type\":\"SearchAction\",\"target\":{\"@type\":\"EntryPoint\",\"urlTemplate\":\"https:\/\/www.trilamp.com\/?s={search_term_string}\"},\"query-input\":{\"@type\":\"PropertyValueSpecification\",\"valueRequired\":true,\"valueName\":\"search_term_string\"}}],\"inLanguage\":\"de\"}]}<\/script>\n<!-- \/ Yoast SEO plugin. -->","yoast_head_json":{"title":"DEDUO - Trilamp","robots":{"index":"index","follow":"follow","max-snippet":"max-snippet:-1","max-image-preview":"max-image-preview:large","max-video-preview":"max-video-preview:-1"},"canonical":"https:\/\/www.trilamp.com\/de\/deduo-2\/","og_locale":"de_DE","og_type":"article","og_title":"DEDUO - Trilamp","og_description":"CARRASCO BARCELODEDUOEva ist Designerin und Juwelierin und Gonzalo ist Produktdesigner. Sie gr\u00fcndeten ihr Designstudio im Jahr 2006. Seitdem haben sie eine Vielzahl von Produkten f\u00fcr verschiedene Branchen hergestellt. Sie haben ein gro\u00dfes Interesse an der Kombination von Design und Handwerkskunst. \u201eWir haben Spa\u00df, wir teilen und vor allem sind wir leidenschaftlich bei dem, was wir [&hellip;]","og_url":"https:\/\/www.trilamp.com\/de\/deduo-2\/","og_site_name":"Trilamp","article_modified_time":"2024-04-30T10:38:53+00:00","twitter_misc":{"Gesch\u00e4tzte Lesezeit":"1\u00a0Minute"},"schema":{"@context":"https:\/\/schema.org","@graph":[{"@type":"WebPage","@id":"https:\/\/www.trilamp.com\/de\/deduo-2\/","url":"https:\/\/www.trilamp.com\/de\/deduo-2\/","name":"DEDUO - Trilamp","isPartOf":{"@id":"https:\/\/www.trilamp.com\/#website"},"datePublished":"2024-04-30T10:38:25+00:00","dateModified":"2024-04-30T10:38:53+00:00","breadcrumb":{"@id":"https:\/\/www.trilamp.com\/de\/deduo-2\/#breadcrumb"},"inLanguage":"de","potentialAction":[{"@type":"ReadAction","target":["https:\/\/www.trilamp.com\/de\/deduo-2\/"]}]},{"@type":"BreadcrumbList","@id":"https:\/\/www.trilamp.com\/de\/deduo-2\/#breadcrumb","itemListElement":[{"@type":"ListItem","position":1,"name":"Portada","item":"https:\/\/www.trilamp.com\/de\/"},{"@type":"ListItem","position":2,"name":"DEDUO"}]},{"@type":"WebSite","@id":"https:\/\/www.trilamp.com\/#website","url":"https:\/\/www.trilamp.com\/","name":"Trilamp","description":"","potentialAction":[{"@type":"SearchAction","target":{"@type":"EntryPoint","urlTemplate":"https:\/\/www.trilamp.com\/?s={search_term_string}"},"query-input":{"@type":"PropertyValueSpecification","valueRequired":true,"valueName":"search_term_string"}}],"inLanguage":"de"}]}},"_links":{"self":[{"href":"https:\/\/www.trilamp.com\/de\/wp-json\/wp\/v2\/pages\/7086","targetHints":{"allow":["GET"]}}],"collection":[{"href":"https:\/\/www.trilamp.com\/de\/wp-json\/wp\/v2\/pages"}],"about":[{"href":"https:\/\/www.trilamp.com\/de\/wp-json\/wp\/v2\/types\/page"}],"author":[{"embeddable":true,"href":"https:\/\/www.trilamp.com\/de\/wp-json\/wp\/v2\/users\/999"}],"replies":[{"embeddable":true,"href":"https:\/\/www.trilamp.com\/de\/wp-json\/wp\/v2\/comments?post=7086"}],"version-history":[{"count":3,"href":"https:\/\/www.trilamp.com\/de\/wp-json\/wp\/v2\/pages\/7086\/revisions"}],"predecessor-version":[{"id":7112,"href":"https:\/\/www.trilamp.com\/de\/wp-json\/wp\/v2\/pages\/7086\/revisions\/7112"}],"wp:attachment":[{"href":"https:\/\/www.trilamp.com\/de\/wp-json\/wp\/v2\/media?parent=7086"}],"curies":[{"name":"wp","href":"https:\/\/api.w.org\/{rel}","templated":true}]}}