{"id":5421,"date":"2021-05-13T13:06:39","date_gmt":"2021-05-13T11:06:39","guid":{"rendered":"http:\/\/nueva.trilamp.com\/gauzak"},"modified":"2024-05-29T12:06:37","modified_gmt":"2024-05-29T10:06:37","slug":"gauzak","status":"publish","type":"page","link":"https:\/\/www.trilamp.com\/de\/gauzak\/","title":{"rendered":"GAUZAK"},"content":{"rendered":"<p>[et_pb_section fb_built=&#8220;1&#8243; _builder_version=&#8220;4.16&#8243; _module_preset=&#8220;default&#8220; custom_padding=&#8220;0px||0px|||&#8220; global_colors_info=&#8220;{}&#8220;][et_pb_row _builder_version=&#8220;4.16&#8243; _module_preset=&#8220;default&#8220; max_width=&#8220;950px&#8220; custom_padding=&#8220;||33px|||&#8220; global_colors_info=&#8220;{}&#8220;][et_pb_column type=&#8220;4_4&#8243; _builder_version=&#8220;4.16&#8243; _module_preset=&#8220;default&#8220; global_colors_info=&#8220;{}&#8220;][et_pb_text _builder_version=&#8220;4.16&#8243; _module_preset=&#8220;default&#8220; text_orientation=&#8220;center&#8220; custom_padding=&#8220;70px|||||&#8220; inline_fonts=&#8220;Montserrat&#8220; global_colors_info=&#8220;{}&#8220;]<\/p>\n<h1><span style=\"font-size: xx-large; font-family: Montserrat;\"><em><strong>GAUZAK\u00a0<\/strong><\/em><\/span><\/h1>\n<p>[\/et_pb_text][\/et_pb_column][\/et_pb_row][et_pb_row _builder_version=&#8220;4.16&#8243; _module_preset=&#8220;default&#8220; max_width=&#8220;950px&#8220; custom_padding=&#8220;4px||33px|||&#8220; global_colors_info=&#8220;{}&#8220;][et_pb_column type=&#8220;4_4&#8243; _builder_version=&#8220;4.16&#8243; _module_preset=&#8220;default&#8220; global_colors_info=&#8220;{}&#8220;][et_pb_text _builder_version=&#8220;4.25.1&#8243; _module_preset=&#8220;default&#8220; text_orientation=&#8220;center&#8220; hover_enabled=&#8220;0&#8243; global_colors_info=&#8220;{}&#8220; sticky_enabled=&#8220;0&#8243;]<\/p>\n<p><strong>Gauzak<\/strong> es un estudio de dise\u00f1o industrial constituido en 2011 por <strong>Juan T. Carboneras y Leire Guede.<\/strong><\/p>\n<p>Desde entonces han desarrollado proyectos de lo m\u00e1s diversos, como productos de gimnasio, productos para ni\u00f1os, iluminaci\u00f3n, sillas o grifos de cerveza. Se caracterizan por su capacidad creativa para desenvolverse en diferentes sectores m\u00e1s all\u00e1 del mobiliario.<\/p>\n<p>Su filosof\u00eda a la hora de encarar un nuevo proyecto trata de observar con una mirada nueva y sin prejuicios para dise\u00f1ar productos innovadores. Buscan ser los primeros en sorprenderse ellos mismos con los resultados que van creando.<\/p>\n<p>Les gusta afrontar nuevos retos ofreciendo creatividad y reflexi\u00f3n en cada una de las propuestas.<\/p>\n<p><strong>Juan y Leire forman un equipo cercano y din\u00e1mico abierto a recibir nuevos retos de dise\u00f1o sean del sector que sean.<\/strong><\/p>\n<p>[\/et_pb_text][\/et_pb_column][\/et_pb_row][\/et_pb_section][et_pb_section fb_built=&#8220;1&#8243; _builder_version=&#8220;4.16&#8243; _module_preset=&#8220;default&#8220; custom_padding=&#8220;0px||0px|||&#8220; global_colors_info=&#8220;{}&#8220;][et_pb_row _builder_version=&#8220;4.16&#8243; _module_preset=&#8220;default&#8220; custom_padding=&#8220;0px||35px|||&#8220; global_colors_info=&#8220;{}&#8220;][et_pb_column type=&#8220;4_4&#8243; _builder_version=&#8220;4.16&#8243; _module_preset=&#8220;default&#8220; global_colors_info=&#8220;{}&#8220;][et_pb_image src=&#8220;https:\/\/www.trilamp.com\/wp-content\/uploads\/Foto_Gauzak_2024.jpg&#8220; title_text=&#8220;Foto_Gauzak_2024&#8243; url=&#8220;@ET-DC@eyJkeW5hbWljIjp0cnVlLCJjb250ZW50IjoicG9zdF9saW5rX3VybF9wYWdlIiwic2V0dGluZ3MiOnsicG9zdF9pZCI6IjM4NyJ9fQ==@&#8220; align=&#8220;center&#8220; _builder_version=&#8220;4.25.1&#8243; _dynamic_attributes=&#8220;url&#8220; _module_preset=&#8220;default&#8220; max_width=&#8220;400px&#8220; custom_margin=&#8220;||17px|||&#8220; hover_enabled=&#8220;0&#8243; global_colors_info=&#8220;{}&#8220; sticky_enabled=&#8220;0&#8243;][\/et_pb_image][\/et_pb_column][\/et_pb_row][\/et_pb_section]<\/p>\n","protected":false},"excerpt":{"rendered":"<p>GAUZAK\u00a0Gauzak es un estudio de dise\u00f1o industrial constituido en 2011 por Juan T. Carboneras y Leire Guede. Desde entonces han desarrollado proyectos de lo m\u00e1s diversos, como productos de gimnasio, productos para ni\u00f1os, iluminaci\u00f3n, sillas o grifos de cerveza. Se caracterizan por su capacidad creativa para desenvolverse en diferentes sectores m\u00e1s all\u00e1 del mobiliario. Su [&hellip;]<\/p>\n","protected":false},"author":999,"featured_media":0,"parent":0,"menu_order":0,"comment_status":"closed","ping_status":"closed","template":"","meta":{"_et_pb_use_builder":"on","_et_pb_old_content":"","_et_gb_content_width":"","footnotes":""},"class_list":["post-5421","page","type-page","status-publish","hentry"],"yoast_head":"<!-- This site is optimized with the Yoast SEO plugin v27.5 - https:\/\/yoast.com\/product\/yoast-seo-wordpress\/ -->\n<title>GAUZAK - Trilamp<\/title>\n<meta name=\"robots\" content=\"index, follow, max-snippet:-1, max-image-preview:large, max-video-preview:-1\" \/>\n<link rel=\"canonical\" href=\"https:\/\/www.trilamp.com\/de\/gauzak\/\" \/>\n<meta property=\"og:locale\" content=\"de_DE\" \/>\n<meta property=\"og:type\" content=\"article\" \/>\n<meta property=\"og:title\" content=\"GAUZAK - Trilamp\" \/>\n<meta property=\"og:description\" content=\"GAUZAK\u00a0Gauzak es un estudio de dise\u00f1o industrial constituido en 2011 por Juan T. Carboneras y Leire Guede. Desde entonces han desarrollado proyectos de lo m\u00e1s diversos, como productos de gimnasio, productos para ni\u00f1os, iluminaci\u00f3n, sillas o grifos de cerveza. Se caracterizan por su capacidad creativa para desenvolverse en diferentes sectores m\u00e1s all\u00e1 del mobiliario. Su [&hellip;]\" \/>\n<meta property=\"og:url\" content=\"https:\/\/www.trilamp.com\/de\/gauzak\/\" \/>\n<meta property=\"og:site_name\" content=\"Trilamp\" \/>\n<meta property=\"article:modified_time\" content=\"2024-05-29T10:06:37+00:00\" \/>\n<meta name=\"twitter:label1\" content=\"Gesch\u00e4tzte Lesezeit\" \/>\n\t<meta name=\"twitter:data1\" content=\"2\u00a0Minuten\" \/>\n<script type=\"application\/ld+json\" class=\"yoast-schema-graph\">{\"@context\":\"https:\\\/\\\/schema.org\",\"@graph\":[{\"@type\":\"WebPage\",\"@id\":\"https:\\\/\\\/www.trilamp.com\\\/de\\\/gauzak\\\/\",\"url\":\"https:\\\/\\\/www.trilamp.com\\\/de\\\/gauzak\\\/\",\"name\":\"GAUZAK - Trilamp\",\"isPartOf\":{\"@id\":\"https:\\\/\\\/www.trilamp.com\\\/#website\"},\"datePublished\":\"2021-05-13T11:06:39+00:00\",\"dateModified\":\"2024-05-29T10:06:37+00:00\",\"breadcrumb\":{\"@id\":\"https:\\\/\\\/www.trilamp.com\\\/de\\\/gauzak\\\/#breadcrumb\"},\"inLanguage\":\"de\",\"potentialAction\":[{\"@type\":\"ReadAction\",\"target\":[\"https:\\\/\\\/www.trilamp.com\\\/de\\\/gauzak\\\/\"]}]},{\"@type\":\"BreadcrumbList\",\"@id\":\"https:\\\/\\\/www.trilamp.com\\\/de\\\/gauzak\\\/#breadcrumb\",\"itemListElement\":[{\"@type\":\"ListItem\",\"position\":1,\"name\":\"Portada\",\"item\":\"https:\\\/\\\/www.trilamp.com\\\/de\\\/\"},{\"@type\":\"ListItem\",\"position\":2,\"name\":\"GAUZAK\"}]},{\"@type\":\"WebSite\",\"@id\":\"https:\\\/\\\/www.trilamp.com\\\/#website\",\"url\":\"https:\\\/\\\/www.trilamp.com\\\/\",\"name\":\"Trilamp\",\"description\":\"\",\"potentialAction\":[{\"@type\":\"SearchAction\",\"target\":{\"@type\":\"EntryPoint\",\"urlTemplate\":\"https:\\\/\\\/www.trilamp.com\\\/?s={search_term_string}\"},\"query-input\":{\"@type\":\"PropertyValueSpecification\",\"valueRequired\":true,\"valueName\":\"search_term_string\"}}],\"inLanguage\":\"de\"}]}<\/script>\n<!-- \/ Yoast SEO plugin. -->","yoast_head_json":{"title":"GAUZAK - Trilamp","robots":{"index":"index","follow":"follow","max-snippet":"max-snippet:-1","max-image-preview":"max-image-preview:large","max-video-preview":"max-video-preview:-1"},"canonical":"https:\/\/www.trilamp.com\/de\/gauzak\/","og_locale":"de_DE","og_type":"article","og_title":"GAUZAK - Trilamp","og_description":"GAUZAK\u00a0Gauzak es un estudio de dise\u00f1o industrial constituido en 2011 por Juan T. Carboneras y Leire Guede. Desde entonces han desarrollado proyectos de lo m\u00e1s diversos, como productos de gimnasio, productos para ni\u00f1os, iluminaci\u00f3n, sillas o grifos de cerveza. Se caracterizan por su capacidad creativa para desenvolverse en diferentes sectores m\u00e1s all\u00e1 del mobiliario. Su [&hellip;]","og_url":"https:\/\/www.trilamp.com\/de\/gauzak\/","og_site_name":"Trilamp","article_modified_time":"2024-05-29T10:06:37+00:00","twitter_misc":{"Gesch\u00e4tzte Lesezeit":"2\u00a0Minuten"},"schema":{"@context":"https:\/\/schema.org","@graph":[{"@type":"WebPage","@id":"https:\/\/www.trilamp.com\/de\/gauzak\/","url":"https:\/\/www.trilamp.com\/de\/gauzak\/","name":"GAUZAK - Trilamp","isPartOf":{"@id":"https:\/\/www.trilamp.com\/#website"},"datePublished":"2021-05-13T11:06:39+00:00","dateModified":"2024-05-29T10:06:37+00:00","breadcrumb":{"@id":"https:\/\/www.trilamp.com\/de\/gauzak\/#breadcrumb"},"inLanguage":"de","potentialAction":[{"@type":"ReadAction","target":["https:\/\/www.trilamp.com\/de\/gauzak\/"]}]},{"@type":"BreadcrumbList","@id":"https:\/\/www.trilamp.com\/de\/gauzak\/#breadcrumb","itemListElement":[{"@type":"ListItem","position":1,"name":"Portada","item":"https:\/\/www.trilamp.com\/de\/"},{"@type":"ListItem","position":2,"name":"GAUZAK"}]},{"@type":"WebSite","@id":"https:\/\/www.trilamp.com\/#website","url":"https:\/\/www.trilamp.com\/","name":"Trilamp","description":"","potentialAction":[{"@type":"SearchAction","target":{"@type":"EntryPoint","urlTemplate":"https:\/\/www.trilamp.com\/?s={search_term_string}"},"query-input":{"@type":"PropertyValueSpecification","valueRequired":true,"valueName":"search_term_string"}}],"inLanguage":"de"}]}},"_links":{"self":[{"href":"https:\/\/www.trilamp.com\/de\/wp-json\/wp\/v2\/pages\/5421","targetHints":{"allow":["GET"]}}],"collection":[{"href":"https:\/\/www.trilamp.com\/de\/wp-json\/wp\/v2\/pages"}],"about":[{"href":"https:\/\/www.trilamp.com\/de\/wp-json\/wp\/v2\/types\/page"}],"author":[{"embeddable":true,"href":"https:\/\/www.trilamp.com\/de\/wp-json\/wp\/v2\/users\/999"}],"replies":[{"embeddable":true,"href":"https:\/\/www.trilamp.com\/de\/wp-json\/wp\/v2\/comments?post=5421"}],"version-history":[{"count":3,"href":"https:\/\/www.trilamp.com\/de\/wp-json\/wp\/v2\/pages\/5421\/revisions"}],"predecessor-version":[{"id":7143,"href":"https:\/\/www.trilamp.com\/de\/wp-json\/wp\/v2\/pages\/5421\/revisions\/7143"}],"wp:attachment":[{"href":"https:\/\/www.trilamp.com\/de\/wp-json\/wp\/v2\/media?parent=5421"}],"curies":[{"name":"wp","href":"https:\/\/api.w.org\/{rel}","templated":true}]}}