{"id":5227,"date":"2021-04-30T11:51:06","date_gmt":"2021-04-30T09:51:06","guid":{"rendered":"http:\/\/nueva.trilamp.com\/?page_id=5227"},"modified":"2021-06-15T10:44:02","modified_gmt":"2021-06-15T08:44:02","slug":"ueber-uns","status":"publish","type":"page","link":"https:\/\/www.trilamp.com\/de\/ueber-uns\/","title":{"rendered":"\u00dcber uns"},"content":{"rendered":"<p>[et_pb_section fb_built=&#8220;1&#8243; _builder_version=&#8220;4.9.7&#8243; _module_preset=&#8220;default&#8220; background_image=&#8220;https:\/\/www.trilamp.com\/wp-content\/uploads\/pexels-fauxels-3184418-scaled.jpg&#8220; custom_padding=&#8220;50px||50px|||&#8220; hover_enabled=&#8220;0&#8243; title_text=&#8220;pexels-fauxels-3184418&#8243; sticky_enabled=&#8220;0&#8243;][et_pb_row _builder_version=&#8220;4.7.4&#8243; _module_preset=&#8220;default&#8220;][et_pb_column type=&#8220;4_4&#8243; _builder_version=&#8220;4.7.4&#8243; _module_preset=&#8220;default&#8220;][et_pb_text _builder_version=&#8220;4.9.4&#8243; _module_preset=&#8220;default&#8220; text_font=&#8220;|300|||||||&#8220; text_text_color=&#8220;#ffffff&#8220; text_font_size=&#8220;40px&#8220; text_letter_spacing=&#8220;1px&#8220; text_orientation=&#8220;center&#8220;]\u00dcBER UNS[\/et_pb_text][\/et_pb_column][\/et_pb_row][\/et_pb_section][et_pb_section fb_built=&#8220;1&#8243; _builder_version=&#8220;4.9.0&#8243; _module_preset=&#8220;default&#8220; custom_padding=&#8220;0px||0px|||&#8220;][et_pb_row make_equal=&#8220;on&#8220; _builder_version=&#8220;4.9.1&#8243; _module_preset=&#8220;default&#8220; custom_padding=&#8220;23px||0px|||&#8220; custom_css_main_element=&#8220;align-items: center;&#8220;][et_pb_column type=&#8220;4_4&#8243; _builder_version=&#8220;4.9.0&#8243; _module_preset=&#8220;default&#8220;][et_pb_text _builder_version=&#8220;4.9.4&#8243; _module_preset=&#8220;default&#8220; text_font_size=&#8220;25px&#8220; text_line_height=&#8220;30px&#8220; text_orientation=&#8220;center&#8220; custom_margin=&#8220;||18px|||&#8220;]<\/p>\n<p>Wir bieten Dienstleistungen f\u00fcr Unternehmen, Innenarchitekten und Fachleute.<\/p>\n<p>[\/et_pb_text][et_pb_text _builder_version=&#8220;4.9.4&#8243; _module_preset=&#8220;default&#8220; text_line_height=&#8220;20px&#8220; text_orientation=&#8220;center&#8220;]<\/p>\n<p>Bei <strong>Trilamp<\/strong> wir flexibel. Wir passen uns kontinuierlich an die Entwicklung der Lichtwelt an.<br \/>\nWir l\u00f6sen alle spezifischen Anforderungen im Zusammenhang mit der Restaurierung oder Herstellung von Lampen.<\/p>\n<p>[\/et_pb_text][\/et_pb_column][\/et_pb_row][\/et_pb_section][et_pb_section fb_built=&#8220;1&#8243; _builder_version=&#8220;4.9.0&#8243; _module_preset=&#8220;default&#8220; custom_padding=&#8220;0px||0px|||&#8220;][et_pb_row column_structure=&#8220;1_3,2_3&#8243; make_equal=&#8220;on&#8220; _builder_version=&#8220;4.9.1&#8243; _module_preset=&#8220;default&#8220; custom_css_main_element=&#8220;align-items: center;&#8220;][et_pb_column type=&#8220;1_3&#8243; _builder_version=&#8220;4.9.1&#8243; _module_preset=&#8220;default&#8220;][et_pb_image src=&#8220;https:\/\/www.trilamp.com\/wp-content\/uploads\/origens-fabrica2.png&#8220; title_text=&#8220;origens-fabrica2&#8243; align=&#8220;center&#8220; _builder_version=&#8220;4.9.4&#8243; _module_preset=&#8220;default&#8220; width=&#8220;85%&#8220; custom_margin=&#8220;||11px|||&#8220;][\/et_pb_image][et_pb_text _builder_version=&#8220;4.9.4&#8243; _module_preset=&#8220;default&#8220; text_line_height=&#8220;22px&#8220; text_orientation=&#8220;center&#8220;]<\/p>\n<p><em>&#8222;ufriedenheit ist das Ergebnis und das Wissen \u00fcber gut geleistete harte Arbeit.&#8220;<\/em><\/p>\n<p><strong>Domingo Oriol Pages, Barcelona<br \/><\/strong><\/p>\n<p>Firmengr\u00fcnder 1959<\/p>\n<p>[\/et_pb_text][\/et_pb_column][et_pb_column type=&#8220;2_3&#8243; _builder_version=&#8220;4.9.1&#8243; _module_preset=&#8220;default&#8220;][et_pb_text _builder_version=&#8220;4.9.4&#8243; _module_preset=&#8220;default&#8220; text_orientation=&#8220;justified&#8220;]<\/p>\n<h4><strong>\u00dcber uns<\/strong><\/h4>\n<p>Trilamp ist ein Familienunternehmen, das sich der Entwicklung und Herstellung hochwertiger dekorativer Lampen widmet und eine mehr als 60-j\u00e4hrige Geschichte hat. Wir bieten viele Stile und Produktfamilien an, die an die Bed\u00fcrfnisse unserer M\u00e4rkte angepasst sind: Wandlampen, Stehlampen, Deckenlampen, Lampen, Tischlampen, Deckenlampen &#8230;<\/p>\n<p>Dar\u00fcber hinaus sind wir dank unserer langj\u00e4hrigen Erfahrung und Erfahrung in der Lage, die Bed\u00fcrfnisse unserer Kunden zu verstehen und zu interpretieren und ihnen ma\u00dfgeschneiderte Konzepte anzubieten, die ihre jeweiligen Designs und Dekorationen formen.<\/p>\n<p>Unsere Arbeitsweise ist produktiv, gr\u00fcndlich, offen und effizient. Wir besch\u00e4ftigen uns mit allen Arten von Materialien und Formen, die es jedem Design, das Sie ausf\u00fchren m\u00f6chten, leicht machen.<\/p>\n<h4><strong>Pl\u00e4ne und Strategien<\/strong><\/h4>\n<p>Angesichts der Entwicklung des Marktes f\u00fcr dekorative Innenbeleuchtung, des gro\u00dfen Anpassungsbedarfs und des st\u00e4ndigen Wandels sind unsere Produkte heute darauf ausgelegt, die Anforderungen verschiedener Branchen wie Hotels, Auftraggeber, Innenarchitekten und Gesch\u00e4fte zu erf\u00fcllen.<\/p>\n<p>Wir k\u00f6nnen stolz best\u00e4tigen, dass wir bereits heute auf dem Markt f\u00fcr Dekoration und Innenarchitektur in L\u00e4ndern wie Gro\u00dfbritannien, Irland, Holland und Frankreich pr\u00e4sent sind.<\/p>\n<p>Wir entwickeln uns Tag f\u00fcr Tag weiter. Aus diesem Grund passen wir jeden unserer Pl\u00e4ne an, um Ihre Bed\u00fcrfnisse ausdr\u00fccklich anzupassen und zu befriedigen. Jeder Kunde ist einzigartig, deshalb sind wir bei Trilamp stolz darauf, ma\u00dfgeschneiderte Projekte durchf\u00fchren zu k\u00f6nnen. Unser Ziel ist es, einen Teil einer Umgebung zu schaffen, die Ihren Geschmack erfreut und Ihre Bed\u00fcrfnisse kreativ erf\u00fcllt.<\/p>\n<p>[\/et_pb_text][\/et_pb_column][\/et_pb_row][\/et_pb_section]<\/p>\n","protected":false},"excerpt":{"rendered":"<p>\u00dcBER UNSWir bieten Dienstleistungen f\u00fcr Unternehmen, Innenarchitekten und Fachleute.Bei Trilamp wir flexibel. Wir passen uns kontinuierlich an die Entwicklung der Lichtwelt an. Wir l\u00f6sen alle spezifischen Anforderungen im Zusammenhang mit der Restaurierung oder Herstellung von Lampen.&#8220;ufriedenheit ist das Ergebnis und das Wissen \u00fcber gut geleistete harte Arbeit.&#8220; Domingo Oriol Pages, Barcelona Firmengr\u00fcnder 1959\u00dcber uns Trilamp [&hellip;]<\/p>\n","protected":false},"author":999,"featured_media":0,"parent":0,"menu_order":0,"comment_status":"closed","ping_status":"closed","template":"","meta":{"_et_pb_use_builder":"on","_et_pb_old_content":"","_et_gb_content_width":"","footnotes":""},"class_list":["post-5227","page","type-page","status-publish","hentry"],"yoast_head":"<!-- This site is optimized with the Yoast SEO plugin v26.8 - https:\/\/yoast.com\/product\/yoast-seo-wordpress\/ -->\n<title>\u00dcber uns - Trilamp<\/title>\n<meta name=\"robots\" content=\"index, follow, max-snippet:-1, max-image-preview:large, max-video-preview:-1\" \/>\n<link rel=\"canonical\" href=\"https:\/\/www.trilamp.com\/de\/ueber-uns\/\" \/>\n<meta property=\"og:locale\" content=\"de_DE\" \/>\n<meta property=\"og:type\" content=\"article\" \/>\n<meta property=\"og:title\" content=\"\u00dcber uns - Trilamp\" \/>\n<meta property=\"og:description\" content=\"\u00dcBER UNSWir bieten Dienstleistungen f\u00fcr Unternehmen, Innenarchitekten und Fachleute.Bei Trilamp wir flexibel. Wir passen uns kontinuierlich an die Entwicklung der Lichtwelt an. Wir l\u00f6sen alle spezifischen Anforderungen im Zusammenhang mit der Restaurierung oder Herstellung von Lampen.&quot;ufriedenheit ist das Ergebnis und das Wissen \u00fcber gut geleistete harte Arbeit.&quot; Domingo Oriol Pages, Barcelona Firmengr\u00fcnder 1959\u00dcber uns Trilamp [&hellip;]\" \/>\n<meta property=\"og:url\" content=\"https:\/\/www.trilamp.com\/de\/ueber-uns\/\" \/>\n<meta property=\"og:site_name\" content=\"Trilamp\" \/>\n<meta property=\"article:modified_time\" content=\"2021-06-15T08:44:02+00:00\" \/>\n<meta name=\"twitter:label1\" content=\"Gesch\u00e4tzte Lesezeit\" \/>\n\t<meta name=\"twitter:data1\" content=\"3\u00a0Minuten\" \/>\n<script type=\"application\/ld+json\" class=\"yoast-schema-graph\">{\"@context\":\"https:\/\/schema.org\",\"@graph\":[{\"@type\":\"WebPage\",\"@id\":\"https:\/\/www.trilamp.com\/de\/ueber-uns\/\",\"url\":\"https:\/\/www.trilamp.com\/de\/ueber-uns\/\",\"name\":\"\u00dcber uns - Trilamp\",\"isPartOf\":{\"@id\":\"https:\/\/www.trilamp.com\/#website\"},\"datePublished\":\"2021-04-30T09:51:06+00:00\",\"dateModified\":\"2021-06-15T08:44:02+00:00\",\"breadcrumb\":{\"@id\":\"https:\/\/www.trilamp.com\/de\/ueber-uns\/#breadcrumb\"},\"inLanguage\":\"de\",\"potentialAction\":[{\"@type\":\"ReadAction\",\"target\":[\"https:\/\/www.trilamp.com\/de\/ueber-uns\/\"]}]},{\"@type\":\"BreadcrumbList\",\"@id\":\"https:\/\/www.trilamp.com\/de\/ueber-uns\/#breadcrumb\",\"itemListElement\":[{\"@type\":\"ListItem\",\"position\":1,\"name\":\"Portada\",\"item\":\"https:\/\/www.trilamp.com\/de\/\"},{\"@type\":\"ListItem\",\"position\":2,\"name\":\"\u00dcber uns\"}]},{\"@type\":\"WebSite\",\"@id\":\"https:\/\/www.trilamp.com\/#website\",\"url\":\"https:\/\/www.trilamp.com\/\",\"name\":\"Trilamp\",\"description\":\"\",\"potentialAction\":[{\"@type\":\"SearchAction\",\"target\":{\"@type\":\"EntryPoint\",\"urlTemplate\":\"https:\/\/www.trilamp.com\/?s={search_term_string}\"},\"query-input\":{\"@type\":\"PropertyValueSpecification\",\"valueRequired\":true,\"valueName\":\"search_term_string\"}}],\"inLanguage\":\"de\"}]}<\/script>\n<!-- \/ Yoast SEO plugin. -->","yoast_head_json":{"title":"\u00dcber uns - Trilamp","robots":{"index":"index","follow":"follow","max-snippet":"max-snippet:-1","max-image-preview":"max-image-preview:large","max-video-preview":"max-video-preview:-1"},"canonical":"https:\/\/www.trilamp.com\/de\/ueber-uns\/","og_locale":"de_DE","og_type":"article","og_title":"\u00dcber uns - Trilamp","og_description":"\u00dcBER UNSWir bieten Dienstleistungen f\u00fcr Unternehmen, Innenarchitekten und Fachleute.Bei Trilamp wir flexibel. Wir passen uns kontinuierlich an die Entwicklung der Lichtwelt an. Wir l\u00f6sen alle spezifischen Anforderungen im Zusammenhang mit der Restaurierung oder Herstellung von Lampen.\"ufriedenheit ist das Ergebnis und das Wissen \u00fcber gut geleistete harte Arbeit.\" Domingo Oriol Pages, Barcelona Firmengr\u00fcnder 1959\u00dcber uns Trilamp [&hellip;]","og_url":"https:\/\/www.trilamp.com\/de\/ueber-uns\/","og_site_name":"Trilamp","article_modified_time":"2021-06-15T08:44:02+00:00","twitter_misc":{"Gesch\u00e4tzte Lesezeit":"3\u00a0Minuten"},"schema":{"@context":"https:\/\/schema.org","@graph":[{"@type":"WebPage","@id":"https:\/\/www.trilamp.com\/de\/ueber-uns\/","url":"https:\/\/www.trilamp.com\/de\/ueber-uns\/","name":"\u00dcber uns - Trilamp","isPartOf":{"@id":"https:\/\/www.trilamp.com\/#website"},"datePublished":"2021-04-30T09:51:06+00:00","dateModified":"2021-06-15T08:44:02+00:00","breadcrumb":{"@id":"https:\/\/www.trilamp.com\/de\/ueber-uns\/#breadcrumb"},"inLanguage":"de","potentialAction":[{"@type":"ReadAction","target":["https:\/\/www.trilamp.com\/de\/ueber-uns\/"]}]},{"@type":"BreadcrumbList","@id":"https:\/\/www.trilamp.com\/de\/ueber-uns\/#breadcrumb","itemListElement":[{"@type":"ListItem","position":1,"name":"Portada","item":"https:\/\/www.trilamp.com\/de\/"},{"@type":"ListItem","position":2,"name":"\u00dcber uns"}]},{"@type":"WebSite","@id":"https:\/\/www.trilamp.com\/#website","url":"https:\/\/www.trilamp.com\/","name":"Trilamp","description":"","potentialAction":[{"@type":"SearchAction","target":{"@type":"EntryPoint","urlTemplate":"https:\/\/www.trilamp.com\/?s={search_term_string}"},"query-input":{"@type":"PropertyValueSpecification","valueRequired":true,"valueName":"search_term_string"}}],"inLanguage":"de"}]}},"_links":{"self":[{"href":"https:\/\/www.trilamp.com\/de\/wp-json\/wp\/v2\/pages\/5227","targetHints":{"allow":["GET"]}}],"collection":[{"href":"https:\/\/www.trilamp.com\/de\/wp-json\/wp\/v2\/pages"}],"about":[{"href":"https:\/\/www.trilamp.com\/de\/wp-json\/wp\/v2\/types\/page"}],"author":[{"embeddable":true,"href":"https:\/\/www.trilamp.com\/de\/wp-json\/wp\/v2\/users\/999"}],"replies":[{"embeddable":true,"href":"https:\/\/www.trilamp.com\/de\/wp-json\/wp\/v2\/comments?post=5227"}],"version-history":[{"count":7,"href":"https:\/\/www.trilamp.com\/de\/wp-json\/wp\/v2\/pages\/5227\/revisions"}],"predecessor-version":[{"id":6772,"href":"https:\/\/www.trilamp.com\/de\/wp-json\/wp\/v2\/pages\/5227\/revisions\/6772"}],"wp:attachment":[{"href":"https:\/\/www.trilamp.com\/de\/wp-json\/wp\/v2\/media?parent=5227"}],"curies":[{"name":"wp","href":"https:\/\/api.w.org\/{rel}","templated":true}]}}