{"id":5222,"date":"2021-04-30T11:49:16","date_gmt":"2021-04-30T09:49:16","guid":{"rendered":"http:\/\/nueva.trilamp.com\/?page_id=5222"},"modified":"2024-05-29T12:14:32","modified_gmt":"2024-05-29T10:14:32","slug":"designer","status":"publish","type":"page","link":"https:\/\/www.trilamp.com\/de\/designer\/","title":{"rendered":"Designer"},"content":{"rendered":"<p>[et_pb_section fb_built=&#8220;1&#8243; _builder_version=&#8220;4.16&#8243; _module_preset=&#8220;default&#8220; background_image=&#8220;https:\/\/www.trilamp.com\/wp-content\/uploads\/pexels-anete-lusina-5239919-scaled.jpg&#8220; custom_padding=&#8220;50px||50px|||&#8220; global_colors_info=&#8220;{}&#8220;][et_pb_row _builder_version=&#8220;4.16&#8243; _module_preset=&#8220;default&#8220; global_colors_info=&#8220;{}&#8220;][et_pb_column type=&#8220;4_4&#8243; _builder_version=&#8220;4.16&#8243; _module_preset=&#8220;default&#8220; global_colors_info=&#8220;{}&#8220;][et_pb_text _builder_version=&#8220;4.16&#8243; _module_preset=&#8220;default&#8220; text_font=&#8220;|300|||||||&#8220; text_text_color=&#8220;#ffffff&#8220; text_font_size=&#8220;40px&#8220; text_letter_spacing=&#8220;1px&#8220; text_orientation=&#8220;center&#8220; global_colors_info=&#8220;{}&#8220;]DESIGNER[\/et_pb_text][\/et_pb_column][\/et_pb_row][\/et_pb_section][et_pb_section fb_built=&#8220;1&#8243; _builder_version=&#8220;4.16&#8243; _module_preset=&#8220;default&#8220; custom_padding=&#8220;0px||0px|||&#8220; global_colors_info=&#8220;{}&#8220;][et_pb_row _builder_version=&#8220;4.16&#8243; _module_preset=&#8220;default&#8220; max_width=&#8220;950px&#8220; custom_padding=&#8220;||33px|||&#8220; global_colors_info=&#8220;{}&#8220;][et_pb_column type=&#8220;4_4&#8243; _builder_version=&#8220;4.16&#8243; _module_preset=&#8220;default&#8220; global_colors_info=&#8220;{}&#8220;][et_pb_text _builder_version=&#8220;4.16&#8243; _module_preset=&#8220;default&#8220; text_orientation=&#8220;center&#8220; global_colors_info=&#8220;{}&#8220;]Treffen Sie die Menschen, die alles m\u00f6glich machen. In jedem Moment sehen wir gro\u00dfes Potenzial und legen gro\u00dfen Wert auf neue Designs und richtungsweisende Stile. Unsere exklusive Entwicklung garantiert, dass wir Fachleute in der Branche haben, um das beste Produkt f\u00fcr Sie zu kreieren. Unser Team hat viele innovative Ideen, die Sie nicht verpassen d\u00fcrfen.[\/et_pb_text][\/et_pb_column][\/et_pb_row][\/et_pb_section][et_pb_section fb_built=&#8220;1&#8243; _builder_version=&#8220;4.16&#8243; _module_preset=&#8220;default&#8220; custom_padding=&#8220;0px||0px|||&#8220; global_colors_info=&#8220;{}&#8220;][et_pb_row column_structure=&#8220;1_4,1_4,1_4,1_4&#8243; _builder_version=&#8220;4.25.0&#8243; _module_preset=&#8220;default&#8220; custom_padding=&#8220;0px||35px|||&#8220; global_colors_info=&#8220;{}&#8220;][et_pb_column type=&#8220;1_4&#8243; _builder_version=&#8220;4.16&#8243; _module_preset=&#8220;default&#8220; global_colors_info=&#8220;{}&#8220;][et_pb_image src=&#8220;https:\/\/www.trilamp.com\/wp-content\/uploads\/IMG_2164-COPY.png&#8220; title_text=&#8220;IMG_2164 COPY&#8220; url=&#8220;\/de\/deduo&#8220; align=&#8220;center&#8220; _builder_version=&#8220;4.16&#8243; _module_preset=&#8220;default&#8220; max_width=&#8220;400px&#8220; custom_margin=&#8220;||17px|||&#8220; global_colors_info=&#8220;{}&#8220;][\/et_pb_image][et_pb_text _builder_version=&#8220;4.16&#8243; _module_preset=&#8220;default&#8220; text_orientation=&#8220;justified&#8220; custom_margin=&#8220;||15px||false|false&#8220; global_colors_info=&#8220;{}&#8220;]<\/p>\n<h3 style=\"text-align: center;\">OFFICE-SHOPHOUSE<\/h3>\n<p>[\/et_pb_text][\/et_pb_column][et_pb_column type=&#8220;1_4&#8243; _builder_version=&#8220;4.16&#8243; _module_preset=&#8220;default&#8220; global_colors_info=&#8220;{}&#8220;][et_pb_image src=&#8220;https:\/\/www.trilamp.com\/wp-content\/uploads\/Foto_Gauzak_2024bien.jpg&#8220; title_text=&#8220;Foto_Gauzak_2024bien&#8220; url=&#8220;\/de\/gauzak&#8220; align=&#8220;center&#8220; _builder_version=&#8220;4.25.1&#8243; _module_preset=&#8220;default&#8220; max_width=&#8220;400px&#8220; custom_margin=&#8220;||17px|||&#8220; hover_enabled=&#8220;0&#8243; global_colors_info=&#8220;{}&#8220; sticky_enabled=&#8220;0&#8243;][\/et_pb_image][et_pb_text _builder_version=&#8220;4.16&#8243; _module_preset=&#8220;default&#8220; text_orientation=&#8220;justified&#8220; custom_margin=&#8220;||15px||false|false&#8220; global_colors_info=&#8220;{}&#8220;]<\/p>\n<h3 style=\"text-align: center;\">GAUZAK<\/h3>\n<p>[\/et_pb_text][\/et_pb_column][et_pb_column type=&#8220;1_4&#8243; _builder_version=&#8220;4.16&#8243; _module_preset=&#8220;default&#8220; global_colors_info=&#8220;{}&#8220;][et_pb_image src=&#8220;https:\/\/www.trilamp.com\/wp-content\/uploads\/Foto-JosepBW-323&#215;472-1.jpg&#8220; title_text=&#8220;Foto JosepBW 323&#215;472&#8243; url=&#8220;\/de\/carrasco-barcelo&#8220; align=&#8220;center&#8220; _builder_version=&#8220;4.16&#8243; _module_preset=&#8220;default&#8220; max_width=&#8220;400px&#8220; custom_margin=&#8220;||17px|||&#8220; global_colors_info=&#8220;{}&#8220;][\/et_pb_image][et_pb_text _builder_version=&#8220;4.16&#8243; _module_preset=&#8220;default&#8220; text_orientation=&#8220;justified&#8220; custom_margin=&#8220;||15px||false|false&#8220; global_colors_info=&#8220;{}&#8220;]<\/p>\n<h3 style=\"text-align: center;\">JOSEP BASTIDA<\/h3>\n<p>[\/et_pb_text][\/et_pb_column][et_pb_column type=&#8220;1_4&#8243; _builder_version=&#8220;4.25.0&#8243; _dynamic_attributes=&#8220;link_option_url&#8220; _module_preset=&#8220;default&#8220; link_option_url=&#8220;@ET-DC@eyJkeW5hbWljIjp0cnVlLCJjb250ZW50IjoicG9zdF9saW5rX3VybF9wYWdlIiwic2V0dGluZ3MiOnsicG9zdF9pZCI6IjcwODYifX0=@&#8220; global_colors_info=&#8220;{}&#8220;][et_pb_image src=&#8220;https:\/\/www.trilamp.com\/wp-content\/uploads\/FOTO-DEDUO-BN-2024.jpg&#8220; title_text=&#8220;FOTO DEDUO BN 2024&#8243; align=&#8220;center&#8220; _builder_version=&#8220;4.25.0&#8243; _module_preset=&#8220;default&#8220; max_width=&#8220;400px&#8220; custom_margin=&#8220;||17px|||&#8220; global_colors_info=&#8220;{}&#8220;][\/et_pb_image][et_pb_text _builder_version=&#8220;4.25.0&#8243; _module_preset=&#8220;default&#8220; text_orientation=&#8220;justified&#8220; custom_margin=&#8220;||15px||false|false&#8220; global_colors_info=&#8220;{}&#8220;]<\/p>\n<h3 style=\"text-align: center;\">DEDUO<\/h3>\n<p>[\/et_pb_text][\/et_pb_column][\/et_pb_row][\/et_pb_section]<\/p>\n","protected":false},"excerpt":{"rendered":"<p>DESIGNERTreffen Sie die Menschen, die alles m\u00f6glich machen. In jedem Moment sehen wir gro\u00dfes Potenzial und legen gro\u00dfen Wert auf neue Designs und richtungsweisende Stile. Unsere exklusive Entwicklung garantiert, dass wir Fachleute in der Branche haben, um das beste Produkt f\u00fcr Sie zu kreieren. Unser Team hat viele innovative Ideen, die Sie nicht verpassen d\u00fcrfen.OFFICE-SHOPHOUSEGAUZAKJOSEP [&hellip;]<\/p>\n","protected":false},"author":999,"featured_media":0,"parent":0,"menu_order":0,"comment_status":"closed","ping_status":"closed","template":"","meta":{"_et_pb_use_builder":"on","_et_pb_old_content":"","_et_gb_content_width":"","footnotes":""},"class_list":["post-5222","page","type-page","status-publish","hentry"],"yoast_head":"<!-- This site is optimized with the Yoast SEO plugin v26.8 - https:\/\/yoast.com\/product\/yoast-seo-wordpress\/ -->\n<title>Designer - Trilamp<\/title>\n<meta name=\"robots\" content=\"index, follow, max-snippet:-1, max-image-preview:large, max-video-preview:-1\" \/>\n<link rel=\"canonical\" href=\"https:\/\/www.trilamp.com\/de\/designer\/\" \/>\n<meta property=\"og:locale\" content=\"de_DE\" \/>\n<meta property=\"og:type\" content=\"article\" \/>\n<meta property=\"og:title\" content=\"Designer - Trilamp\" \/>\n<meta property=\"og:description\" content=\"DESIGNERTreffen Sie die Menschen, die alles m\u00f6glich machen. In jedem Moment sehen wir gro\u00dfes Potenzial und legen gro\u00dfen Wert auf neue Designs und richtungsweisende Stile. Unsere exklusive Entwicklung garantiert, dass wir Fachleute in der Branche haben, um das beste Produkt f\u00fcr Sie zu kreieren. Unser Team hat viele innovative Ideen, die Sie nicht verpassen d\u00fcrfen.OFFICE-SHOPHOUSEGAUZAKJOSEP [&hellip;]\" \/>\n<meta property=\"og:url\" content=\"https:\/\/www.trilamp.com\/de\/designer\/\" \/>\n<meta property=\"og:site_name\" content=\"Trilamp\" \/>\n<meta property=\"article:modified_time\" content=\"2024-05-29T10:14:32+00:00\" \/>\n<meta name=\"twitter:label1\" content=\"Gesch\u00e4tzte Lesezeit\" \/>\n\t<meta name=\"twitter:data1\" content=\"3\u00a0Minuten\" \/>\n<script type=\"application\/ld+json\" class=\"yoast-schema-graph\">{\"@context\":\"https:\/\/schema.org\",\"@graph\":[{\"@type\":\"WebPage\",\"@id\":\"https:\/\/www.trilamp.com\/de\/designer\/\",\"url\":\"https:\/\/www.trilamp.com\/de\/designer\/\",\"name\":\"Designer - Trilamp\",\"isPartOf\":{\"@id\":\"https:\/\/www.trilamp.com\/#website\"},\"datePublished\":\"2021-04-30T09:49:16+00:00\",\"dateModified\":\"2024-05-29T10:14:32+00:00\",\"breadcrumb\":{\"@id\":\"https:\/\/www.trilamp.com\/de\/designer\/#breadcrumb\"},\"inLanguage\":\"de\",\"potentialAction\":[{\"@type\":\"ReadAction\",\"target\":[\"https:\/\/www.trilamp.com\/de\/designer\/\"]}]},{\"@type\":\"BreadcrumbList\",\"@id\":\"https:\/\/www.trilamp.com\/de\/designer\/#breadcrumb\",\"itemListElement\":[{\"@type\":\"ListItem\",\"position\":1,\"name\":\"Portada\",\"item\":\"https:\/\/www.trilamp.com\/de\/\"},{\"@type\":\"ListItem\",\"position\":2,\"name\":\"Designer\"}]},{\"@type\":\"WebSite\",\"@id\":\"https:\/\/www.trilamp.com\/#website\",\"url\":\"https:\/\/www.trilamp.com\/\",\"name\":\"Trilamp\",\"description\":\"\",\"potentialAction\":[{\"@type\":\"SearchAction\",\"target\":{\"@type\":\"EntryPoint\",\"urlTemplate\":\"https:\/\/www.trilamp.com\/?s={search_term_string}\"},\"query-input\":{\"@type\":\"PropertyValueSpecification\",\"valueRequired\":true,\"valueName\":\"search_term_string\"}}],\"inLanguage\":\"de\"}]}<\/script>\n<!-- \/ Yoast SEO plugin. -->","yoast_head_json":{"title":"Designer - Trilamp","robots":{"index":"index","follow":"follow","max-snippet":"max-snippet:-1","max-image-preview":"max-image-preview:large","max-video-preview":"max-video-preview:-1"},"canonical":"https:\/\/www.trilamp.com\/de\/designer\/","og_locale":"de_DE","og_type":"article","og_title":"Designer - Trilamp","og_description":"DESIGNERTreffen Sie die Menschen, die alles m\u00f6glich machen. In jedem Moment sehen wir gro\u00dfes Potenzial und legen gro\u00dfen Wert auf neue Designs und richtungsweisende Stile. Unsere exklusive Entwicklung garantiert, dass wir Fachleute in der Branche haben, um das beste Produkt f\u00fcr Sie zu kreieren. Unser Team hat viele innovative Ideen, die Sie nicht verpassen d\u00fcrfen.OFFICE-SHOPHOUSEGAUZAKJOSEP [&hellip;]","og_url":"https:\/\/www.trilamp.com\/de\/designer\/","og_site_name":"Trilamp","article_modified_time":"2024-05-29T10:14:32+00:00","twitter_misc":{"Gesch\u00e4tzte Lesezeit":"3\u00a0Minuten"},"schema":{"@context":"https:\/\/schema.org","@graph":[{"@type":"WebPage","@id":"https:\/\/www.trilamp.com\/de\/designer\/","url":"https:\/\/www.trilamp.com\/de\/designer\/","name":"Designer - Trilamp","isPartOf":{"@id":"https:\/\/www.trilamp.com\/#website"},"datePublished":"2021-04-30T09:49:16+00:00","dateModified":"2024-05-29T10:14:32+00:00","breadcrumb":{"@id":"https:\/\/www.trilamp.com\/de\/designer\/#breadcrumb"},"inLanguage":"de","potentialAction":[{"@type":"ReadAction","target":["https:\/\/www.trilamp.com\/de\/designer\/"]}]},{"@type":"BreadcrumbList","@id":"https:\/\/www.trilamp.com\/de\/designer\/#breadcrumb","itemListElement":[{"@type":"ListItem","position":1,"name":"Portada","item":"https:\/\/www.trilamp.com\/de\/"},{"@type":"ListItem","position":2,"name":"Designer"}]},{"@type":"WebSite","@id":"https:\/\/www.trilamp.com\/#website","url":"https:\/\/www.trilamp.com\/","name":"Trilamp","description":"","potentialAction":[{"@type":"SearchAction","target":{"@type":"EntryPoint","urlTemplate":"https:\/\/www.trilamp.com\/?s={search_term_string}"},"query-input":{"@type":"PropertyValueSpecification","valueRequired":true,"valueName":"search_term_string"}}],"inLanguage":"de"}]}},"_links":{"self":[{"href":"https:\/\/www.trilamp.com\/de\/wp-json\/wp\/v2\/pages\/5222","targetHints":{"allow":["GET"]}}],"collection":[{"href":"https:\/\/www.trilamp.com\/de\/wp-json\/wp\/v2\/pages"}],"about":[{"href":"https:\/\/www.trilamp.com\/de\/wp-json\/wp\/v2\/types\/page"}],"author":[{"embeddable":true,"href":"https:\/\/www.trilamp.com\/de\/wp-json\/wp\/v2\/users\/999"}],"replies":[{"embeddable":true,"href":"https:\/\/www.trilamp.com\/de\/wp-json\/wp\/v2\/comments?post=5222"}],"version-history":[{"count":12,"href":"https:\/\/www.trilamp.com\/de\/wp-json\/wp\/v2\/pages\/5222\/revisions"}],"predecessor-version":[{"id":7152,"href":"https:\/\/www.trilamp.com\/de\/wp-json\/wp\/v2\/pages\/5222\/revisions\/7152"}],"wp:attachment":[{"href":"https:\/\/www.trilamp.com\/de\/wp-json\/wp\/v2\/media?parent=5222"}],"curies":[{"name":"wp","href":"https:\/\/api.w.org\/{rel}","templated":true}]}}