{"id":1721,"date":"2015-03-20T15:46:10","date_gmt":"2015-03-20T13:46:10","guid":{"rendered":"http:\/\/www.trilamp.com\/?page_id=1721"},"modified":"2015-03-20T20:44:14","modified_gmt":"2015-03-20T18:44:14","slug":"tiendas","status":"publish","type":"page","link":"https:\/\/www.trilamp.com\/de\/tiendas\/","title":{"rendered":"Gesch\u00e4ft"},"content":{"rendered":"<p><a href=\"http:\/\/www.trilamp.com\/wp-content\/uploads\/Tiendas-iluminacion-trilamp.jpg\"><img loading=\"lazy\" decoding=\"async\" class=\"alignleft size-full wp-image-1486\" src=\"http:\/\/www.trilamp.com\/wp-content\/uploads\/Tiendas-iluminacion-trilamp.jpg\" alt=\"Tiendas iluminacion trilamp\" width=\"400\" height=\"400\" \/><\/a><br \/>\nAls Familienbetrieb betrachten wir die spezialisierten Fachgesch\u00e4fte mit ihrem pers\u00f6nlichem Service als das Hauptglied der Distributionskette.<br \/>\nZweifelsohne kann auch TRILAMP Ihnen helfen, diesen Service noch zu verbessern durch Anpassung an die spezifischen Bed\u00fcrfnisse und W\u00fcnsche Ihrer individuellen Kunden. Wir verf\u00fcgen \u00fcber ein breites Angebot van attraktiven Leuchten, welche ihre Erwartungen erf\u00fcllen werden.<br \/>\nEinem bedeutenden Teil unseres Lieferkataloges ist die Beleuchtung von Badezimmern gewidmet. Wir k\u00f6nnen Leuchten in verschiedenen Modellen, Materialien und Lichtintensit\u00e4t liefern, welche in diesen R\u00e4umen die Intimit\u00e4t und das pers\u00f6nliche Wohlbefinden unterstreichen. Selbstverst\u00e4ndlich sind alle diese Leuchten extra gesch\u00fctzt.<\/p>\n","protected":false},"excerpt":{"rendered":"<p>Als Familienbetrieb betrachten wir die spezialisierten Fachgesch\u00e4fte mit ihrem pers\u00f6nlichem Service als das Hauptglied der Distributionskette. Zweifelsohne kann auch TRILAMP Ihnen helfen, diesen Service noch zu verbessern durch Anpassung an die spezifischen Bed\u00fcrfnisse und W\u00fcnsche Ihrer individuellen Kunden. Wir verf\u00fcgen \u00fcber ein breites Angebot van attraktiven Leuchten, welche ihre Erwartungen erf\u00fcllen werden. Einem bedeutenden Teil [&hellip;]<\/p>\n","protected":false},"author":4,"featured_media":0,"parent":0,"menu_order":0,"comment_status":"closed","ping_status":"closed","template":"","meta":{"_et_pb_use_builder":"","_et_pb_old_content":"","_et_gb_content_width":"","footnotes":""},"class_list":["post-1721","page","type-page","status-publish","hentry"],"yoast_head":"<!-- This site is optimized with the Yoast SEO plugin v26.8 - https:\/\/yoast.com\/product\/yoast-seo-wordpress\/ -->\n<title>Beleuchtung Gesch\u00e4ft - Trilamp<\/title>\n<meta name=\"description\" content=\"Als Familienbetrieb betrachten wir die spezialisierten Fachgesch\u00e4fte mit ihrem pers\u00f6nlichem Service als das Hauptglied der Distributionskette.\" \/>\n<meta name=\"robots\" content=\"index, follow, max-snippet:-1, max-image-preview:large, max-video-preview:-1\" \/>\n<link rel=\"canonical\" href=\"https:\/\/www.trilamp.com\/de\/tiendas\/\" \/>\n<meta property=\"og:locale\" content=\"de_DE\" \/>\n<meta property=\"og:type\" content=\"article\" \/>\n<meta property=\"og:title\" content=\"Beleuchtung Gesch\u00e4ft - Trilamp\" \/>\n<meta property=\"og:description\" content=\"Als Familienbetrieb betrachten wir die spezialisierten Fachgesch\u00e4fte mit ihrem pers\u00f6nlichem Service als das Hauptglied der Distributionskette.\" \/>\n<meta property=\"og:url\" content=\"https:\/\/www.trilamp.com\/de\/tiendas\/\" \/>\n<meta property=\"og:site_name\" content=\"Trilamp\" \/>\n<meta property=\"article:modified_time\" content=\"2015-03-20T18:44:14+00:00\" \/>\n<meta property=\"og:image\" content=\"http:\/\/www.trilamp.com\/wp-content\/uploads\/Tiendas-iluminacion-trilamp.jpg\" \/>\n<meta name=\"twitter:label1\" content=\"Gesch\u00e4tzte Lesezeit\" \/>\n\t<meta name=\"twitter:data1\" content=\"1\u00a0Minute\" \/>\n<script type=\"application\/ld+json\" class=\"yoast-schema-graph\">{\"@context\":\"https:\/\/schema.org\",\"@graph\":[{\"@type\":\"WebPage\",\"@id\":\"https:\/\/www.trilamp.com\/de\/tiendas\/\",\"url\":\"https:\/\/www.trilamp.com\/de\/tiendas\/\",\"name\":\"Beleuchtung Gesch\u00e4ft - Trilamp\",\"isPartOf\":{\"@id\":\"https:\/\/www.trilamp.com\/#website\"},\"primaryImageOfPage\":{\"@id\":\"https:\/\/www.trilamp.com\/de\/tiendas\/#primaryimage\"},\"image\":{\"@id\":\"https:\/\/www.trilamp.com\/de\/tiendas\/#primaryimage\"},\"thumbnailUrl\":\"http:\/\/www.trilamp.com\/wp-content\/uploads\/Tiendas-iluminacion-trilamp.jpg\",\"datePublished\":\"2015-03-20T13:46:10+00:00\",\"dateModified\":\"2015-03-20T18:44:14+00:00\",\"description\":\"Als Familienbetrieb betrachten wir die spezialisierten Fachgesch\u00e4fte mit ihrem pers\u00f6nlichem Service als das Hauptglied der Distributionskette.\",\"breadcrumb\":{\"@id\":\"https:\/\/www.trilamp.com\/de\/tiendas\/#breadcrumb\"},\"inLanguage\":\"de\",\"potentialAction\":[{\"@type\":\"ReadAction\",\"target\":[\"https:\/\/www.trilamp.com\/de\/tiendas\/\"]}]},{\"@type\":\"ImageObject\",\"inLanguage\":\"de\",\"@id\":\"https:\/\/www.trilamp.com\/de\/tiendas\/#primaryimage\",\"url\":\"http:\/\/www.trilamp.com\/wp-content\/uploads\/Tiendas-iluminacion-trilamp.jpg\",\"contentUrl\":\"http:\/\/www.trilamp.com\/wp-content\/uploads\/Tiendas-iluminacion-trilamp.jpg\"},{\"@type\":\"BreadcrumbList\",\"@id\":\"https:\/\/www.trilamp.com\/de\/tiendas\/#breadcrumb\",\"itemListElement\":[{\"@type\":\"ListItem\",\"position\":1,\"name\":\"Portada\",\"item\":\"https:\/\/www.trilamp.com\/de\/\"},{\"@type\":\"ListItem\",\"position\":2,\"name\":\"Gesch\u00e4ft\"}]},{\"@type\":\"WebSite\",\"@id\":\"https:\/\/www.trilamp.com\/#website\",\"url\":\"https:\/\/www.trilamp.com\/\",\"name\":\"Trilamp\",\"description\":\"\",\"potentialAction\":[{\"@type\":\"SearchAction\",\"target\":{\"@type\":\"EntryPoint\",\"urlTemplate\":\"https:\/\/www.trilamp.com\/?s={search_term_string}\"},\"query-input\":{\"@type\":\"PropertyValueSpecification\",\"valueRequired\":true,\"valueName\":\"search_term_string\"}}],\"inLanguage\":\"de\"}]}<\/script>\n<!-- \/ Yoast SEO plugin. -->","yoast_head_json":{"title":"Beleuchtung Gesch\u00e4ft - Trilamp","description":"Als Familienbetrieb betrachten wir die spezialisierten Fachgesch\u00e4fte mit ihrem pers\u00f6nlichem Service als das Hauptglied der Distributionskette.","robots":{"index":"index","follow":"follow","max-snippet":"max-snippet:-1","max-image-preview":"max-image-preview:large","max-video-preview":"max-video-preview:-1"},"canonical":"https:\/\/www.trilamp.com\/de\/tiendas\/","og_locale":"de_DE","og_type":"article","og_title":"Beleuchtung Gesch\u00e4ft - Trilamp","og_description":"Als Familienbetrieb betrachten wir die spezialisierten Fachgesch\u00e4fte mit ihrem pers\u00f6nlichem Service als das Hauptglied der Distributionskette.","og_url":"https:\/\/www.trilamp.com\/de\/tiendas\/","og_site_name":"Trilamp","article_modified_time":"2015-03-20T18:44:14+00:00","og_image":[{"url":"http:\/\/www.trilamp.com\/wp-content\/uploads\/Tiendas-iluminacion-trilamp.jpg","type":"","width":"","height":""}],"twitter_misc":{"Gesch\u00e4tzte Lesezeit":"1\u00a0Minute"},"schema":{"@context":"https:\/\/schema.org","@graph":[{"@type":"WebPage","@id":"https:\/\/www.trilamp.com\/de\/tiendas\/","url":"https:\/\/www.trilamp.com\/de\/tiendas\/","name":"Beleuchtung Gesch\u00e4ft - Trilamp","isPartOf":{"@id":"https:\/\/www.trilamp.com\/#website"},"primaryImageOfPage":{"@id":"https:\/\/www.trilamp.com\/de\/tiendas\/#primaryimage"},"image":{"@id":"https:\/\/www.trilamp.com\/de\/tiendas\/#primaryimage"},"thumbnailUrl":"http:\/\/www.trilamp.com\/wp-content\/uploads\/Tiendas-iluminacion-trilamp.jpg","datePublished":"2015-03-20T13:46:10+00:00","dateModified":"2015-03-20T18:44:14+00:00","description":"Als Familienbetrieb betrachten wir die spezialisierten Fachgesch\u00e4fte mit ihrem pers\u00f6nlichem Service als das Hauptglied der Distributionskette.","breadcrumb":{"@id":"https:\/\/www.trilamp.com\/de\/tiendas\/#breadcrumb"},"inLanguage":"de","potentialAction":[{"@type":"ReadAction","target":["https:\/\/www.trilamp.com\/de\/tiendas\/"]}]},{"@type":"ImageObject","inLanguage":"de","@id":"https:\/\/www.trilamp.com\/de\/tiendas\/#primaryimage","url":"http:\/\/www.trilamp.com\/wp-content\/uploads\/Tiendas-iluminacion-trilamp.jpg","contentUrl":"http:\/\/www.trilamp.com\/wp-content\/uploads\/Tiendas-iluminacion-trilamp.jpg"},{"@type":"BreadcrumbList","@id":"https:\/\/www.trilamp.com\/de\/tiendas\/#breadcrumb","itemListElement":[{"@type":"ListItem","position":1,"name":"Portada","item":"https:\/\/www.trilamp.com\/de\/"},{"@type":"ListItem","position":2,"name":"Gesch\u00e4ft"}]},{"@type":"WebSite","@id":"https:\/\/www.trilamp.com\/#website","url":"https:\/\/www.trilamp.com\/","name":"Trilamp","description":"","potentialAction":[{"@type":"SearchAction","target":{"@type":"EntryPoint","urlTemplate":"https:\/\/www.trilamp.com\/?s={search_term_string}"},"query-input":{"@type":"PropertyValueSpecification","valueRequired":true,"valueName":"search_term_string"}}],"inLanguage":"de"}]}},"_links":{"self":[{"href":"https:\/\/www.trilamp.com\/de\/wp-json\/wp\/v2\/pages\/1721","targetHints":{"allow":["GET"]}}],"collection":[{"href":"https:\/\/www.trilamp.com\/de\/wp-json\/wp\/v2\/pages"}],"about":[{"href":"https:\/\/www.trilamp.com\/de\/wp-json\/wp\/v2\/types\/page"}],"author":[{"embeddable":true,"href":"https:\/\/www.trilamp.com\/de\/wp-json\/wp\/v2\/users\/4"}],"replies":[{"embeddable":true,"href":"https:\/\/www.trilamp.com\/de\/wp-json\/wp\/v2\/comments?post=1721"}],"version-history":[{"count":2,"href":"https:\/\/www.trilamp.com\/de\/wp-json\/wp\/v2\/pages\/1721\/revisions"}],"predecessor-version":[{"id":1830,"href":"https:\/\/www.trilamp.com\/de\/wp-json\/wp\/v2\/pages\/1721\/revisions\/1830"}],"wp:attachment":[{"href":"https:\/\/www.trilamp.com\/de\/wp-json\/wp\/v2\/media?parent=1721"}],"curies":[{"name":"wp","href":"https:\/\/api.w.org\/{rel}","templated":true}]}}