{"id":1704,"date":"2015-03-20T15:11:47","date_gmt":"2015-03-20T13:11:47","guid":{"rendered":"http:\/\/www.trilamp.com\/?page_id=1704"},"modified":"2015-04-16T09:05:25","modified_gmt":"2015-04-16T07:05:25","slug":"hotels-3","status":"publish","type":"page","link":"https:\/\/www.trilamp.com\/de\/hotels-3\/","title":{"rendered":"Hotels"},"content":{"rendered":"<p>[vc_column_text width=&#8220;1\/1&#8243; el_position=&#8220;first last&#8220;]<\/p>\n<p style=\"text-align: justify;\"><a href=\"http:\/\/www.trilamp.com\/wp-content\/uploads\/FotoHOTELES.jpg\"><img loading=\"lazy\" decoding=\"async\" class=\"alignleft wp-image-239 size-medium\" src=\"http:\/\/www.trilamp.com\/wp-content\/uploads\/FotoHOTELES.jpg\" alt=\"iluminacion decorativa para hoteles\" width=\"300\" height=\"300\" \/><\/a><\/p>\n<p>F\u00fcr den Hotelsektor haben wir eine Auswahl an Beleuchtungsartikeln und Lampen, welche nicht nur Licht spenden, sondern auch interessante Effekte bieten, die zu dem pers\u00f6nlichen Komfort und der Harmonie des Interieurs beitragen k\u00f6nnen.<\/p>\n<p>Auch k\u00f6nnten wir die vorhandene Beleuchtung modernisieren oder anpassen.<\/p>\n<p>[\/vc_column_text]<\/p>\n","protected":false},"excerpt":{"rendered":"<p>[vc_column_text width=&#8220;1\/1&#8243; el_position=&#8220;first last&#8220;] F\u00fcr den Hotelsektor haben wir eine Auswahl an Beleuchtungsartikeln und Lampen, welche nicht nur Licht spenden, sondern auch interessante Effekte bieten, die zu dem pers\u00f6nlichen Komfort und der Harmonie des Interieurs beitragen k\u00f6nnen. Auch k\u00f6nnten wir die vorhandene Beleuchtung modernisieren oder anpassen. [\/vc_column_text]<\/p>\n","protected":false},"author":4,"featured_media":0,"parent":0,"menu_order":0,"comment_status":"closed","ping_status":"closed","template":"","meta":{"_et_pb_use_builder":"","_et_pb_old_content":"","_et_gb_content_width":"","footnotes":""},"class_list":["post-1704","page","type-page","status-publish","hentry"],"yoast_head":"<!-- This site is optimized with the Yoast SEO plugin v26.8 - https:\/\/yoast.com\/product\/yoast-seo-wordpress\/ -->\n<title>Beleuchtung f\u00fcr Hotels - Trilamp<\/title>\n<meta name=\"description\" content=\"F\u00fcr den Hotelsektor haben wir eine Auswahl an Beleuchtungsartikeln und Lampen, welche nicht nur Licht spenden, sondern auch interessante Effekte bieten, die zu dem pers\u00f6nlichen Komfort und der Harmonie des Interieurs beitragen k\u00f6nnen.\" \/>\n<meta name=\"robots\" content=\"index, follow, max-snippet:-1, max-image-preview:large, max-video-preview:-1\" \/>\n<link rel=\"canonical\" href=\"https:\/\/www.trilamp.com\/de\/hotels-3\/\" \/>\n<meta property=\"og:locale\" content=\"de_DE\" \/>\n<meta property=\"og:type\" content=\"article\" \/>\n<meta property=\"og:title\" content=\"Beleuchtung f\u00fcr Hotels - Trilamp\" \/>\n<meta property=\"og:description\" content=\"F\u00fcr den Hotelsektor haben wir eine Auswahl an Beleuchtungsartikeln und Lampen, welche nicht nur Licht spenden, sondern auch interessante Effekte bieten, die zu dem pers\u00f6nlichen Komfort und der Harmonie des Interieurs beitragen k\u00f6nnen.\" \/>\n<meta property=\"og:url\" content=\"https:\/\/www.trilamp.com\/de\/hotels-3\/\" \/>\n<meta property=\"og:site_name\" content=\"Trilamp\" \/>\n<meta property=\"article:modified_time\" content=\"2015-04-16T07:05:25+00:00\" \/>\n<meta property=\"og:image\" content=\"http:\/\/www.trilamp.com\/wp-content\/uploads\/FotoHOTELES.jpg\" \/>\n<script type=\"application\/ld+json\" class=\"yoast-schema-graph\">{\"@context\":\"https:\/\/schema.org\",\"@graph\":[{\"@type\":\"WebPage\",\"@id\":\"https:\/\/www.trilamp.com\/de\/hotels-3\/\",\"url\":\"https:\/\/www.trilamp.com\/de\/hotels-3\/\",\"name\":\"Beleuchtung f\u00fcr Hotels - Trilamp\",\"isPartOf\":{\"@id\":\"https:\/\/www.trilamp.com\/#website\"},\"primaryImageOfPage\":{\"@id\":\"https:\/\/www.trilamp.com\/de\/hotels-3\/#primaryimage\"},\"image\":{\"@id\":\"https:\/\/www.trilamp.com\/de\/hotels-3\/#primaryimage\"},\"thumbnailUrl\":\"http:\/\/www.trilamp.com\/wp-content\/uploads\/FotoHOTELES.jpg\",\"datePublished\":\"2015-03-20T13:11:47+00:00\",\"dateModified\":\"2015-04-16T07:05:25+00:00\",\"description\":\"F\u00fcr den Hotelsektor haben wir eine Auswahl an Beleuchtungsartikeln und Lampen, welche nicht nur Licht spenden, sondern auch interessante Effekte bieten, die zu dem pers\u00f6nlichen Komfort und der Harmonie des Interieurs beitragen k\u00f6nnen.\",\"breadcrumb\":{\"@id\":\"https:\/\/www.trilamp.com\/de\/hotels-3\/#breadcrumb\"},\"inLanguage\":\"de\",\"potentialAction\":[{\"@type\":\"ReadAction\",\"target\":[\"https:\/\/www.trilamp.com\/de\/hotels-3\/\"]}]},{\"@type\":\"ImageObject\",\"inLanguage\":\"de\",\"@id\":\"https:\/\/www.trilamp.com\/de\/hotels-3\/#primaryimage\",\"url\":\"http:\/\/www.trilamp.com\/wp-content\/uploads\/FotoHOTELES.jpg\",\"contentUrl\":\"http:\/\/www.trilamp.com\/wp-content\/uploads\/FotoHOTELES.jpg\"},{\"@type\":\"BreadcrumbList\",\"@id\":\"https:\/\/www.trilamp.com\/de\/hotels-3\/#breadcrumb\",\"itemListElement\":[{\"@type\":\"ListItem\",\"position\":1,\"name\":\"Portada\",\"item\":\"https:\/\/www.trilamp.com\/de\/\"},{\"@type\":\"ListItem\",\"position\":2,\"name\":\"Hotels\"}]},{\"@type\":\"WebSite\",\"@id\":\"https:\/\/www.trilamp.com\/#website\",\"url\":\"https:\/\/www.trilamp.com\/\",\"name\":\"Trilamp\",\"description\":\"\",\"potentialAction\":[{\"@type\":\"SearchAction\",\"target\":{\"@type\":\"EntryPoint\",\"urlTemplate\":\"https:\/\/www.trilamp.com\/?s={search_term_string}\"},\"query-input\":{\"@type\":\"PropertyValueSpecification\",\"valueRequired\":true,\"valueName\":\"search_term_string\"}}],\"inLanguage\":\"de\"}]}<\/script>\n<!-- \/ Yoast SEO plugin. -->","yoast_head_json":{"title":"Beleuchtung f\u00fcr Hotels - Trilamp","description":"F\u00fcr den Hotelsektor haben wir eine Auswahl an Beleuchtungsartikeln und Lampen, welche nicht nur Licht spenden, sondern auch interessante Effekte bieten, die zu dem pers\u00f6nlichen Komfort und der Harmonie des Interieurs beitragen k\u00f6nnen.","robots":{"index":"index","follow":"follow","max-snippet":"max-snippet:-1","max-image-preview":"max-image-preview:large","max-video-preview":"max-video-preview:-1"},"canonical":"https:\/\/www.trilamp.com\/de\/hotels-3\/","og_locale":"de_DE","og_type":"article","og_title":"Beleuchtung f\u00fcr Hotels - Trilamp","og_description":"F\u00fcr den Hotelsektor haben wir eine Auswahl an Beleuchtungsartikeln und Lampen, welche nicht nur Licht spenden, sondern auch interessante Effekte bieten, die zu dem pers\u00f6nlichen Komfort und der Harmonie des Interieurs beitragen k\u00f6nnen.","og_url":"https:\/\/www.trilamp.com\/de\/hotels-3\/","og_site_name":"Trilamp","article_modified_time":"2015-04-16T07:05:25+00:00","og_image":[{"url":"http:\/\/www.trilamp.com\/wp-content\/uploads\/FotoHOTELES.jpg","type":"","width":"","height":""}],"schema":{"@context":"https:\/\/schema.org","@graph":[{"@type":"WebPage","@id":"https:\/\/www.trilamp.com\/de\/hotels-3\/","url":"https:\/\/www.trilamp.com\/de\/hotels-3\/","name":"Beleuchtung f\u00fcr Hotels - Trilamp","isPartOf":{"@id":"https:\/\/www.trilamp.com\/#website"},"primaryImageOfPage":{"@id":"https:\/\/www.trilamp.com\/de\/hotels-3\/#primaryimage"},"image":{"@id":"https:\/\/www.trilamp.com\/de\/hotels-3\/#primaryimage"},"thumbnailUrl":"http:\/\/www.trilamp.com\/wp-content\/uploads\/FotoHOTELES.jpg","datePublished":"2015-03-20T13:11:47+00:00","dateModified":"2015-04-16T07:05:25+00:00","description":"F\u00fcr den Hotelsektor haben wir eine Auswahl an Beleuchtungsartikeln und Lampen, welche nicht nur Licht spenden, sondern auch interessante Effekte bieten, die zu dem pers\u00f6nlichen Komfort und der Harmonie des Interieurs beitragen k\u00f6nnen.","breadcrumb":{"@id":"https:\/\/www.trilamp.com\/de\/hotels-3\/#breadcrumb"},"inLanguage":"de","potentialAction":[{"@type":"ReadAction","target":["https:\/\/www.trilamp.com\/de\/hotels-3\/"]}]},{"@type":"ImageObject","inLanguage":"de","@id":"https:\/\/www.trilamp.com\/de\/hotels-3\/#primaryimage","url":"http:\/\/www.trilamp.com\/wp-content\/uploads\/FotoHOTELES.jpg","contentUrl":"http:\/\/www.trilamp.com\/wp-content\/uploads\/FotoHOTELES.jpg"},{"@type":"BreadcrumbList","@id":"https:\/\/www.trilamp.com\/de\/hotels-3\/#breadcrumb","itemListElement":[{"@type":"ListItem","position":1,"name":"Portada","item":"https:\/\/www.trilamp.com\/de\/"},{"@type":"ListItem","position":2,"name":"Hotels"}]},{"@type":"WebSite","@id":"https:\/\/www.trilamp.com\/#website","url":"https:\/\/www.trilamp.com\/","name":"Trilamp","description":"","potentialAction":[{"@type":"SearchAction","target":{"@type":"EntryPoint","urlTemplate":"https:\/\/www.trilamp.com\/?s={search_term_string}"},"query-input":{"@type":"PropertyValueSpecification","valueRequired":true,"valueName":"search_term_string"}}],"inLanguage":"de"}]}},"_links":{"self":[{"href":"https:\/\/www.trilamp.com\/de\/wp-json\/wp\/v2\/pages\/1704","targetHints":{"allow":["GET"]}}],"collection":[{"href":"https:\/\/www.trilamp.com\/de\/wp-json\/wp\/v2\/pages"}],"about":[{"href":"https:\/\/www.trilamp.com\/de\/wp-json\/wp\/v2\/types\/page"}],"author":[{"embeddable":true,"href":"https:\/\/www.trilamp.com\/de\/wp-json\/wp\/v2\/users\/4"}],"replies":[{"embeddable":true,"href":"https:\/\/www.trilamp.com\/de\/wp-json\/wp\/v2\/comments?post=1704"}],"version-history":[{"count":2,"href":"https:\/\/www.trilamp.com\/de\/wp-json\/wp\/v2\/pages\/1704\/revisions"}],"predecessor-version":[{"id":2012,"href":"https:\/\/www.trilamp.com\/de\/wp-json\/wp\/v2\/pages\/1704\/revisions\/2012"}],"wp:attachment":[{"href":"https:\/\/www.trilamp.com\/de\/wp-json\/wp\/v2\/media?parent=1704"}],"curies":[{"name":"wp","href":"https:\/\/api.w.org\/{rel}","templated":true}]}}