{"id":666,"date":"2015-01-20T13:32:22","date_gmt":"2015-01-20T11:32:22","guid":{"rendered":"http:\/\/www.trilamp.com\/?page_id=666"},"modified":"2021-06-07T13:14:44","modified_gmt":"2021-06-07T11:14:44","slug":"666-2","status":"publish","type":"page","link":"https:\/\/www.trilamp.com\/ca\/","title":{"rendered":"Inici-Fabricant de l\u00e0mpades decoratives"},"content":{"rendered":"<p>[et_pb_section fb_built=&#8221;1&#8243; admin_label=&#8221;section&#8221; _builder_version=&#8221;3.22&#8243; custom_padding=&#8221;0px||0px|||&#8221;][et_pb_row use_custom_gutter=&#8221;on&#8221; gutter_width=&#8221;1&#8243; make_equal=&#8221;on&#8221; admin_label=&#8221;row&#8221; _builder_version=&#8221;4.7.4&#8243; background_size=&#8221;initial&#8221; background_position=&#8221;top_left&#8221; background_repeat=&#8221;repeat&#8221; width=&#8221;100%&#8221; max_width=&#8221;2560px&#8221; custom_padding=&#8221;0px||0px|||&#8221;][et_pb_column type=&#8221;4_4&#8243; _builder_version=&#8221;3.25&#8243; custom_padding=&#8221;|||&#8221; custom_padding__hover=&#8221;|||&#8221;][et_pb_text admin_label=&#8221;Text&#8221; _builder_version=&#8221;4.7.4&#8243; background_size=&#8221;initial&#8221; background_position=&#8221;top_left&#8221; background_repeat=&#8221;repeat&#8221;]\n\t\t\t<!-- START Home Trilamp REVOLUTION SLIDER 6.7.37 --><p class=\"rs-p-wp-fix\"><\/p>\n\t\t\t<rs-module-wrap id=\"rev_slider_8_1_wrapper\" data-source=\"gallery\" style=\"visibility:hidden;background:transparent;padding:0;margin:0px auto;margin-top:0;margin-bottom:0;\">\n\t\t\t\t<rs-module id=\"rev_slider_8_1\" style=\"\" data-version=\"6.7.37\">\n\t\t\t\t\t<rs-slides style=\"overflow: hidden; position: absolute;\">\n\t\t\t\t\t\t<rs-slide style=\"position: absolute;\" data-key=\"rs-26\" data-title=\"Slide\" data-anim=\"adpr:false;\" data-in=\"o:0;\" data-out=\"a:false;\">\n\t\t\t\t\t\t\t<img decoding=\"async\" src=\"\/\/www.trilamp.com\/wp-content\/plugins\/revslider\/sr6\/assets\/assets\/dummy.png\" alt=\"\" title=\"slide-1\" width=\"1920\" height=\"1080\" class=\"rev-slidebg tp-rs-img rs-lazyload\" data-lazyload=\"\/\/www.trilamp.com\/wp-content\/uploads\/slide-1.jpg\" data-no-retina>\n<!---->\t\t\t\t\t<\/rs-slide>\n\t\t\t\t\t\t<rs-slide style=\"position: absolute;\" data-key=\"rs-28\" data-title=\"Slide\" data-anim=\"adpr:false;\" data-in=\"o:0;\" data-out=\"a:false;\">\n\t\t\t\t\t\t\t<img decoding=\"async\" src=\"\/\/www.trilamp.com\/wp-content\/plugins\/revslider\/sr6\/assets\/assets\/dummy.png\" alt=\"\" title=\"slide-3\" width=\"1254\" height=\"718\" class=\"rev-slidebg tp-rs-img rs-lazyload\" data-lazyload=\"\/\/www.trilamp.com\/wp-content\/uploads\/slide-3.png\" data-no-retina>\n<!---->\t\t\t\t\t<\/rs-slide>\n\t\t\t\t\t\t<rs-slide style=\"position: absolute;\" data-key=\"rs-30\" data-title=\"Slide\" data-anim=\"adpr:false;\" data-in=\"o:0;\" data-out=\"a:false;\">\n\t\t\t\t\t\t\t<img decoding=\"async\" src=\"\/\/www.trilamp.com\/wp-content\/plugins\/revslider\/sr6\/assets\/assets\/dummy.png\" alt=\"\" title=\"slide-6\" width=\"1940\" height=\"828\" class=\"rev-slidebg tp-rs-img rs-lazyload\" data-lazyload=\"\/\/www.trilamp.com\/wp-content\/uploads\/slide-6.jpg\" data-no-retina>\n<!---->\t\t\t\t\t<\/rs-slide>\n\t\t\t\t\t<\/rs-slides>\n\t\t\t\t\t<rs-static-layers><!--\n\t\t\t\t\t--><\/rs-static-layers>\n\t\t\t\t<\/rs-module>\n\t\t\t\t<script>\n\t\t\t\t\tsetREVStartSize({c: 'rev_slider_8_1',rl:[1240,1024,778,480],el:[525],gw:[1240],gh:[525],type:'standard',justify:'',layout:'fullwidth',mh:\"0\"});if (window.RS_MODULES!==undefined && window.RS_MODULES.modules!==undefined && window.RS_MODULES.modules[\"revslider81\"]!==undefined) {window.RS_MODULES.modules[\"revslider81\"].once = false;window.revapi8 = undefined;if (window.RS_MODULES.checkMinimal!==undefined) window.RS_MODULES.checkMinimal()}\n\t\t\t\t<\/script>\n\t\t\t<\/rs-module-wrap>\n\t\t\t<!-- END REVOLUTION SLIDER -->\n[\/et_pb_text][\/et_pb_column][\/et_pb_row][\/et_pb_section][et_pb_section fb_built=&#8221;1&#8243; _builder_version=&#8221;4.7.4&#8243; _module_preset=&#8221;default&#8221; custom_padding=&#8221;0px||0px|||&#8221;][et_pb_row _builder_version=&#8221;4.7.4&#8243; _module_preset=&#8221;default&#8221; max_width=&#8221;830px&#8221;][et_pb_column type=&#8221;4_4&#8243; _builder_version=&#8221;4.7.4&#8243; _module_preset=&#8221;default&#8221;][et_pb_text _builder_version=&#8221;4.9.4&#8243; _module_preset=&#8221;default&#8221; header_2_font=&#8221;|300|||||||&#8221; header_2_font_size=&#8221;35px&#8221; text_orientation=&#8221;center&#8221;]<\/p>\n<h2>Benvingut<\/h2>\n<p>Som una empresa familiar, des de ja fa m\u00e9s de 60 anys, situada a l&#8217;\u00e0rea de Barcelona. Ens dediquem a la fabricaci\u00f3 d&#8217;il\u00b7luminaci\u00f3 decorativa, NO importem productes de xina.<\/p>\n<p>Efectivament, donem gran valor a l&#8217;artesania dels nostres productes. Ens proposem donar forma a les seves idees mitjan\u00e7ant la nostra experi\u00e8ncia, la bona feina i els nostres coneixements de mercat. Desenvolupem aix\u00ed mateix projectes o dissenys propis a trav\u00e9s del nostre departament de disseny o mitjan\u00e7ant dissenyadors i decoradors externs, donant aix\u00ed vida a tots els seus projectes.<\/p>\n<p>[\/et_pb_text][\/et_pb_column][\/et_pb_row][\/et_pb_section][et_pb_section fb_built=&#8221;1&#8243; _builder_version=&#8221;4.7.4&#8243; _module_preset=&#8221;default&#8221; custom_padding=&#8221;0px||0px|||&#8221;][et_pb_row _builder_version=&#8221;4.7.4&#8243; _module_preset=&#8221;default&#8221; max_width=&#8221;830px&#8221; custom_padding=&#8221;13px||0px|||&#8221;][et_pb_column type=&#8221;4_4&#8243; _builder_version=&#8221;4.7.4&#8243; _module_preset=&#8221;default&#8221;][et_pb_text _builder_version=&#8221;4.9.4&#8243; _module_preset=&#8221;default&#8221; header_2_font=&#8221;|300|||||||&#8221; header_2_font_size=&#8221;35px&#8221; text_orientation=&#8221;center&#8221;]<\/p>\n<h2>Productes fets a mida<\/h2>\n<p>[\/et_pb_text][\/et_pb_column][\/et_pb_row][\/et_pb_section][et_pb_section fb_built=&#8221;1&#8243; _builder_version=&#8221;4.7.4&#8243; _module_preset=&#8221;default&#8221; custom_padding=&#8221;0px||0px|||&#8221;][et_pb_row use_custom_gutter=&#8221;on&#8221; gutter_width=&#8221;1&#8243; module_class=&#8221;galeriahome&#8221; _builder_version=&#8221;4.9.1&#8243; _module_preset=&#8221;default&#8221; max_width=&#8221;1120px&#8221;][et_pb_column type=&#8221;4_4&#8243; _builder_version=&#8221;4.7.4&#8243; _module_preset=&#8221;default&#8221;][et_pb_gallery gallery_ids=&#8221;4718,4724,4730,4736,4742,4748&#8243; posts_number=&#8221;6&#8243; show_pagination=&#8221;off&#8221; zoom_icon_color=&#8221;rgba(255,255,255,0)&#8221; hover_icon=&#8221;%%54%%&#8221; admin_label=&#8221;galeriahome&#8221; _builder_version=&#8221;4.9.4&#8243; _module_preset=&#8221;default&#8221; text_orientation=&#8221;center&#8221; border_width_all_image=&#8221;3px&#8221; border_color_all_image=&#8221;#ffffff&#8221; text_shadow_style=&#8221;preset5&#8243; text_shadow_horizontal_length=&#8221;-0.03em&#8221; text_shadow_vertical_length=&#8221;0.12em&#8221;][\/et_pb_gallery][\/et_pb_column][\/et_pb_row][\/et_pb_section]<\/p>\n","protected":false},"excerpt":{"rendered":"<p>\n\t\t\t<!-- START Home Trilamp REVOLUTION SLIDER 6.7.37 --><p class=\"rs-p-wp-fix\"><\/p>\n\t\t\t<rs-module-wrap id=\"rev_slider_8_2_wrapper\" data-source=\"gallery\" style=\"visibility:hidden;background:transparent;padding:0;margin:0px auto;margin-top:0;margin-bottom:0;\">\n\t\t\t\t<rs-module id=\"rev_slider_8_2\" style=\"\" data-version=\"6.7.37\">\n\t\t\t\t\t<rs-slides style=\"overflow: hidden; position: absolute;\">\n\t\t\t\t\t\t<rs-slide style=\"position: absolute;\" data-key=\"rs-26\" data-title=\"Slide\" data-anim=\"adpr:false;\" data-in=\"o:0;\" data-out=\"a:false;\">\n\t\t\t\t\t\t\t<img decoding=\"async\" src=\"\/\/www.trilamp.com\/wp-content\/plugins\/revslider\/sr6\/assets\/assets\/dummy.png\" alt=\"\" title=\"slide-1\" width=\"1920\" height=\"1080\" class=\"rev-slidebg tp-rs-img rs-lazyload\" data-lazyload=\"\/\/www.trilamp.com\/wp-content\/uploads\/slide-1.jpg\" data-no-retina>\n<!---->\t\t\t\t\t<\/rs-slide>\n\t\t\t\t\t\t<rs-slide style=\"position: absolute;\" data-key=\"rs-28\" data-title=\"Slide\" data-anim=\"adpr:false;\" data-in=\"o:0;\" data-out=\"a:false;\">\n\t\t\t\t\t\t\t<img decoding=\"async\" src=\"\/\/www.trilamp.com\/wp-content\/plugins\/revslider\/sr6\/assets\/assets\/dummy.png\" alt=\"\" title=\"slide-3\" width=\"1254\" height=\"718\" class=\"rev-slidebg tp-rs-img rs-lazyload\" data-lazyload=\"\/\/www.trilamp.com\/wp-content\/uploads\/slide-3.png\" data-no-retina>\n<!---->\t\t\t\t\t<\/rs-slide>\n\t\t\t\t\t\t<rs-slide style=\"position: absolute;\" data-key=\"rs-30\" data-title=\"Slide\" data-anim=\"adpr:false;\" data-in=\"o:0;\" data-out=\"a:false;\">\n\t\t\t\t\t\t\t<img decoding=\"async\" src=\"\/\/www.trilamp.com\/wp-content\/plugins\/revslider\/sr6\/assets\/assets\/dummy.png\" alt=\"\" title=\"slide-6\" width=\"1940\" height=\"828\" class=\"rev-slidebg tp-rs-img rs-lazyload\" data-lazyload=\"\/\/www.trilamp.com\/wp-content\/uploads\/slide-6.jpg\" data-no-retina>\n<!---->\t\t\t\t\t<\/rs-slide>\n\t\t\t\t\t<\/rs-slides>\n\t\t\t\t\t<rs-static-layers><!--\n\t\t\t\t\t--><\/rs-static-layers>\n\t\t\t\t<\/rs-module>\n\t\t\t\t<script>\n\t\t\t\t\tsetREVStartSize({c: 'rev_slider_8_2',rl:[1240,1024,778,480],el:[525],gw:[1240],gh:[525],type:'standard',justify:'',layout:'fullwidth',mh:\"0\"});if (window.RS_MODULES!==undefined && window.RS_MODULES.modules!==undefined && window.RS_MODULES.modules[\"revslider82\"]!==undefined) {window.RS_MODULES.modules[\"revslider82\"].once = false;window.revapi8_2 = undefined;if (window.RS_MODULES.checkMinimal!==undefined) window.RS_MODULES.checkMinimal()}\n\t\t\t\t<\/script>\n\t\t\t<\/rs-module-wrap>\n\t\t\t<!-- END REVOLUTION SLIDER -->\nBenvingut Som una empresa familiar, des de ja fa m\u00e9s de 60 anys, situada a l&#8217;\u00e0rea de Barcelona. Ens dediquem a la fabricaci\u00f3 d&#8217;il\u00b7luminaci\u00f3 decorativa, NO importem productes de xina. Efectivament, donem gran valor a l&#8217;artesania dels nostres productes. Ens proposem donar forma a les seves idees mitjan\u00e7ant la nostra experi\u00e8ncia, la bona feina [&hellip;]<\/p>\n","protected":false},"author":4,"featured_media":0,"parent":0,"menu_order":0,"comment_status":"closed","ping_status":"closed","template":"","meta":{"_et_pb_use_builder":"on","_et_pb_old_content":"[vc_column width=\"1\/6\" el_position=\"first\"] <a href=\"\/pdf\/CATALEG-CRYSTAL-C5-PDF.pdf\" target=\"_blank\">[vc_single_image image=\"965\" img_size=\"full\" img_link=\"http:\/\/www.trilamp.com\/lamparas-cristal\" img_link_target=\"_self\" width=\"1\/1\" el_position=\"first last\"]<\/a> [vc_column_text width=\"1\/1\" el_position=\"first last\"]\r\n<h2 style=\"text-align: center;\"><span style=\"color: #a2161d;\"><a style=\"color: #a2161d;\" href=\"\/?page_id=984\">crystal<\/a><\/span><\/h2>\r\n[\/vc_column_text] [\/vc_column] [vc_column width=\"1\/6\"] <a href=\"\/pdf\/CATALEG-BRASS-C5-PDF.pdf\" target=\"_blank\">[vc_single_image image=\"959\" img_size=\"full\" img_link=\"http:\/\/www.trilamp.com\/lamparas-brass\/\" img_link_target=\"_self\" width=\"1\/1\" el_position=\"first last\"]<\/a> [vc_column_text width=\"1\/1\" el_position=\"first last\"]\r\n<h2 style=\"text-align: center;\"><span style=\"color: #a2161d;\"><a style=\"color: #a2161d;\" href=\"\/?page_id=990\">brass<\/a><\/span><\/h2>\r\n[\/vc_column_text] [\/vc_column] [vc_column width=\"1\/6\"] <a href=\"\/pdf\/CATALEG-ANTIQUE-A1-PDF.pdf\" target=\"_blank\">[vc_single_image image=\"947\" img_size=\"full\" img_link=\"http:\/\/www.trilamp.com\/lamparas-antique\/\" img_link_target=\"_self\" width=\"1\/1\" el_position=\"first last\"]<\/a> [vc_column_text width=\"1\/1\" el_position=\"first last\"]\r\n<h2 style=\"text-align: center;\"><span style=\"color: #a2161d;\"><a style=\"color: #a2161d;\" href=\"\/?page_id=986\">antique<\/a><\/span><\/h2>\r\n[\/vc_column_text] [\/vc_column] [vc_column width=\"1\/6\"]<a href=\"\/pdf\/\/CATALEG-MODERN-M2-PDF.pdf\" target=\"_blank\"> [vc_single_image image=\"3453\" img_size=\"full\" img_link=\"http:\/\/www.trilamp.com\/lamparas-modernas\/\" img_link_target=\"_self\" width=\"1\/1\" el_position=\"first last\"] <\/a>[vc_column_text width=\"1\/1\" el_position=\"first last\"]\r\n<h2 style=\"text-align: center;\"><span style=\"color: #a2161d;\"><a style=\"color: #a2161d;\" href=\"\/?page_id=994\">moderno<\/a><\/span><\/h2>\r\n[\/vc_column_text] [\/vc_column] [vc_column width=\"1\/6\"]<a href=\"\/pdf\/CATALEG-BATHROOM-B2-PDF.pdf\" target=\"_blank\"> [vc_single_image image=\"953\" img_size=\"full\" img_link=\"http:\/\/www.trilamp.com\/lamparas-bano\/\" img_link_target=\"_self\" width=\"1\/1\" el_position=\"first last\"]<\/a> [vc_column_text width=\"1\/1\" el_position=\"first last\"]\r\n<h2 style=\"text-align: center;\"><span style=\"color: #a2161d;\"><a style=\"color: #a2161d;\" href=\"\/?page_id=992\">ba\u00f1o<\/a><\/span><\/h2>\r\n[\/vc_column_text] [\/vc_column] [vc_column width=\"1\/6\" el_position=\"last\"]<a href=\"\/pdf\/CATALEG-HOTELS-H2-PDF.pdf\" target=\"_blank\"> [vc_single_image image=\"3447\" img_size=\"full\" img_link=\"http:\/\/www.trilamp.com\/lamparas-hotel\/\" img_link_target=\"_self\" width=\"1\/1\" el_position=\"first last\"] <\/a>[vc_column_text width=\"1\/1\" el_position=\"first last\"]\r\n<h2 style=\"text-align: center;\"><span style=\"color: #a2161d;\"><a style=\"color: #a2161d;\" href=\"\/?page_id=988\">hotel<\/a><\/span><\/h2>\r\n[\/vc_column_text] [\/vc_column] [vc_column_text width=\"1\/1\" el_position=\"first last\"]\r\n\r\nGr\u00e0cies i benvingut al nostre lloc web.\r\nTrilamp \u00e9s\u00a0una empresa familiar, des de ja fa m\u00e9s de 40 anys, ubicada a l'\u00e0rea de Barcelona al nucli d'un teixit industrial consolidat.\r\n\r\n<strong>Som fabricants d'il\u00b7luminaci\u00f3 decorativa i NO importem productes procedents de la Xina.<\/strong>\r\n\r\nEfectivament, donem gran valor a l'artesania dels nostres productes.\u00a0Fabriquem l\u00e0mpades per a interiors, amb disseny propi tals com:\u00a0Aplics, Peus de Sal\u00f3, Plafons, L\u00e0mpades de sobretaula, L\u00e0mpades penajnts i en molts estils diferents:\u00a0Cristal, Disseny modern, Disseny cl\u00e0ssic i de Llaut\u00f3, per a hotels i per a bany.\r\n\r\nVisiti el nostre lloc web per a fer-se una idea de la varietat d'estils que maneguem.\r\n\r\n[\/vc_column_text]","_et_gb_content_width":"","footnotes":""},"class_list":["post-666","page","type-page","status-publish","hentry"],"yoast_head":"<!-- This site is optimized with the Yoast SEO plugin v27.5 - https:\/\/yoast.com\/product\/yoast-seo-wordpress\/ -->\n<title>Fabricant Iluminaci\u00f3 decorativa Trilamp<\/title>\n<meta name=\"description\" content=\"Fabricant iluminaci\u00f3 decorativa. L\u00e0mpades de sostre, l\u00e0mpades de peu, aplics, bany. Cl\u00e1ssic, contemporani, disseny, hotels i projectes a mida.\" \/>\n<meta name=\"robots\" content=\"index, follow, max-snippet:-1, max-image-preview:large, max-video-preview:-1\" \/>\n<link rel=\"canonical\" href=\"https:\/\/www.trilamp.com\/ca\/\" \/>\n<meta property=\"og:locale\" content=\"ca_ES\" \/>\n<meta property=\"og:type\" content=\"article\" \/>\n<meta property=\"og:title\" content=\"Fabricant Iluminaci\u00f3 decorativa Trilamp\" \/>\n<meta property=\"og:description\" content=\"Fabricant iluminaci\u00f3 decorativa. L\u00e0mpades de sostre, l\u00e0mpades de peu, aplics, bany. Cl\u00e1ssic, contemporani, disseny, hotels i projectes a mida.\" \/>\n<meta property=\"og:url\" content=\"https:\/\/www.trilamp.com\/ca\/\" \/>\n<meta property=\"og:site_name\" content=\"Trilamp\" \/>\n<meta property=\"article:modified_time\" content=\"2021-06-07T11:14:44+00:00\" \/>\n<meta name=\"twitter:label1\" content=\"Temps estimat de lectura\" \/>\n\t<meta name=\"twitter:data1\" content=\"2 minuts\" \/>\n<script type=\"application\/ld+json\" class=\"yoast-schema-graph\">{\"@context\":\"https:\\\/\\\/schema.org\",\"@graph\":[{\"@type\":\"WebPage\",\"@id\":\"https:\\\/\\\/www.trilamp.com\\\/ca\\\/\",\"url\":\"https:\\\/\\\/www.trilamp.com\\\/ca\\\/\",\"name\":\"Fabricant Iluminaci\u00f3 decorativa Trilamp\",\"isPartOf\":{\"@id\":\"https:\\\/\\\/www.trilamp.com\\\/#website\"},\"datePublished\":\"2015-01-20T11:32:22+00:00\",\"dateModified\":\"2021-06-07T11:14:44+00:00\",\"description\":\"Fabricant iluminaci\u00f3 decorativa. L\u00e0mpades de sostre, l\u00e0mpades de peu, aplics, bany. Cl\u00e1ssic, contemporani, disseny, hotels i projectes a mida.\",\"breadcrumb\":{\"@id\":\"https:\\\/\\\/www.trilamp.com\\\/ca\\\/#breadcrumb\"},\"inLanguage\":\"ca\",\"potentialAction\":[{\"@type\":\"ReadAction\",\"target\":[\"https:\\\/\\\/www.trilamp.com\\\/ca\\\/\"]}]},{\"@type\":\"BreadcrumbList\",\"@id\":\"https:\\\/\\\/www.trilamp.com\\\/ca\\\/#breadcrumb\",\"itemListElement\":[{\"@type\":\"ListItem\",\"position\":1,\"name\":\"Portada\",\"item\":\"https:\\\/\\\/www.trilamp.com\\\/ca\\\/\"},{\"@type\":\"ListItem\",\"position\":2,\"name\":\"Inici-Fabricant de l\u00e0mpades decoratives\"}]},{\"@type\":\"WebSite\",\"@id\":\"https:\\\/\\\/www.trilamp.com\\\/#website\",\"url\":\"https:\\\/\\\/www.trilamp.com\\\/\",\"name\":\"Trilamp\",\"description\":\"\",\"potentialAction\":[{\"@type\":\"SearchAction\",\"target\":{\"@type\":\"EntryPoint\",\"urlTemplate\":\"https:\\\/\\\/www.trilamp.com\\\/?s={search_term_string}\"},\"query-input\":{\"@type\":\"PropertyValueSpecification\",\"valueRequired\":true,\"valueName\":\"search_term_string\"}}],\"inLanguage\":\"ca\"}]}<\/script>\n<!-- \/ Yoast SEO plugin. -->","yoast_head_json":{"title":"Fabricant Iluminaci\u00f3 decorativa Trilamp","description":"Fabricant iluminaci\u00f3 decorativa. L\u00e0mpades de sostre, l\u00e0mpades de peu, aplics, bany. Cl\u00e1ssic, contemporani, disseny, hotels i projectes a mida.","robots":{"index":"index","follow":"follow","max-snippet":"max-snippet:-1","max-image-preview":"max-image-preview:large","max-video-preview":"max-video-preview:-1"},"canonical":"https:\/\/www.trilamp.com\/ca\/","og_locale":"ca_ES","og_type":"article","og_title":"Fabricant Iluminaci\u00f3 decorativa Trilamp","og_description":"Fabricant iluminaci\u00f3 decorativa. L\u00e0mpades de sostre, l\u00e0mpades de peu, aplics, bany. Cl\u00e1ssic, contemporani, disseny, hotels i projectes a mida.","og_url":"https:\/\/www.trilamp.com\/ca\/","og_site_name":"Trilamp","article_modified_time":"2021-06-07T11:14:44+00:00","twitter_misc":{"Temps estimat de lectura":"2 minuts"},"schema":{"@context":"https:\/\/schema.org","@graph":[{"@type":"WebPage","@id":"https:\/\/www.trilamp.com\/ca\/","url":"https:\/\/www.trilamp.com\/ca\/","name":"Fabricant Iluminaci\u00f3 decorativa Trilamp","isPartOf":{"@id":"https:\/\/www.trilamp.com\/#website"},"datePublished":"2015-01-20T11:32:22+00:00","dateModified":"2021-06-07T11:14:44+00:00","description":"Fabricant iluminaci\u00f3 decorativa. L\u00e0mpades de sostre, l\u00e0mpades de peu, aplics, bany. Cl\u00e1ssic, contemporani, disseny, hotels i projectes a mida.","breadcrumb":{"@id":"https:\/\/www.trilamp.com\/ca\/#breadcrumb"},"inLanguage":"ca","potentialAction":[{"@type":"ReadAction","target":["https:\/\/www.trilamp.com\/ca\/"]}]},{"@type":"BreadcrumbList","@id":"https:\/\/www.trilamp.com\/ca\/#breadcrumb","itemListElement":[{"@type":"ListItem","position":1,"name":"Portada","item":"https:\/\/www.trilamp.com\/ca\/"},{"@type":"ListItem","position":2,"name":"Inici-Fabricant de l\u00e0mpades decoratives"}]},{"@type":"WebSite","@id":"https:\/\/www.trilamp.com\/#website","url":"https:\/\/www.trilamp.com\/","name":"Trilamp","description":"","potentialAction":[{"@type":"SearchAction","target":{"@type":"EntryPoint","urlTemplate":"https:\/\/www.trilamp.com\/?s={search_term_string}"},"query-input":{"@type":"PropertyValueSpecification","valueRequired":true,"valueName":"search_term_string"}}],"inLanguage":"ca"}]}},"_links":{"self":[{"href":"https:\/\/www.trilamp.com\/ca\/wp-json\/wp\/v2\/pages\/666","targetHints":{"allow":["GET"]}}],"collection":[{"href":"https:\/\/www.trilamp.com\/ca\/wp-json\/wp\/v2\/pages"}],"about":[{"href":"https:\/\/www.trilamp.com\/ca\/wp-json\/wp\/v2\/types\/page"}],"author":[{"embeddable":true,"href":"https:\/\/www.trilamp.com\/ca\/wp-json\/wp\/v2\/users\/4"}],"replies":[{"embeddable":true,"href":"https:\/\/www.trilamp.com\/ca\/wp-json\/wp\/v2\/comments?post=666"}],"version-history":[{"count":26,"href":"https:\/\/www.trilamp.com\/ca\/wp-json\/wp\/v2\/pages\/666\/revisions"}],"predecessor-version":[{"id":6428,"href":"https:\/\/www.trilamp.com\/ca\/wp-json\/wp\/v2\/pages\/666\/revisions\/6428"}],"wp:attachment":[{"href":"https:\/\/www.trilamp.com\/ca\/wp-json\/wp\/v2\/media?parent=666"}],"curies":[{"name":"wp","href":"https:\/\/api.w.org\/{rel}","templated":true}]}}