{"id":663,"date":"2015-01-20T13:19:03","date_gmt":"2015-01-20T11:19:03","guid":{"rendered":"http:\/\/www.trilamp.com\/?page_id=663"},"modified":"2015-03-06T11:27:35","modified_gmt":"2015-03-06T09:27:35","slug":"distribucio-lampades","status":"publish","type":"page","link":"https:\/\/www.trilamp.com\/ca\/distribucio-lampades\/","title":{"rendered":"Botigues"},"content":{"rendered":"<p><a href=\"http:\/\/www.trilamp.com\/wp-content\/uploads\/Tiendas-iluminacion-trilamp.jpg\"><img loading=\"lazy\" decoding=\"async\" class=\"alignleft size-full wp-image-1486\" src=\"http:\/\/www.trilamp.com\/wp-content\/uploads\/Tiendas-iluminacion-trilamp.jpg\" alt=\"Tiendas iluminacion trilamp\" width=\"400\" height=\"400\" \/><\/a><\/p>\n<p>Coma a empresa familiar tradicional que som, <strong>la botiga al detall constitueix la baula m\u00e9s important de la cadena de distribuci\u00f3<\/strong>. Sense cap mena de dubte, TRILAMP, aporta un grau de personalitzaci\u00f3 i adaptaci\u00f3 a les seves necessitats espec\u00edfiques i les del seu mercat. Oferim la nostra col\u00b7laboraci\u00f3 i els nostres productes moderns, cl\u00e0ssics i d\u2019\u00e8poca a aquells comer\u00e7os que busquen cont\u00ednuament el bon disseny i la decoraci\u00f3 avantguardista.<\/p>\n<p>A <strong>les botigues per a bany, tamb\u00e9 els oferim una secci\u00f3 del nostre cat\u00e0leg<\/strong> amb diferents models, materials, intensitats de llum i amb un rigor\u00f3s compliment de les normatives el\u00e8ctriques. Tots aquests models s\u00f3n el complement perfecte per donar calidesa a un espai tan \u00edntim i personal.<\/p>\n","protected":false},"excerpt":{"rendered":"<p>Coma a empresa familiar tradicional que som, la botiga al detall constitueix la baula m\u00e9s important de la cadena de distribuci\u00f3. Sense cap mena de dubte, TRILAMP, aporta un grau de personalitzaci\u00f3 i adaptaci\u00f3 a les seves necessitats espec\u00edfiques i les del seu mercat. Oferim la nostra col\u00b7laboraci\u00f3 i els nostres productes moderns, cl\u00e0ssics i [&hellip;]<\/p>\n","protected":false},"author":4,"featured_media":0,"parent":0,"menu_order":0,"comment_status":"closed","ping_status":"closed","template":"","meta":{"_et_pb_use_builder":"","_et_pb_old_content":"","_et_gb_content_width":"","footnotes":""},"class_list":["post-663","page","type-page","status-publish","hentry"],"yoast_head":"<!-- This site is optimized with the Yoast SEO plugin v26.8 - https:\/\/yoast.com\/product\/yoast-seo-wordpress\/ -->\n<title>Distribuidors de l\u00e0mpares Trilamp<\/title>\n<meta name=\"description\" content=\"Botigues d&#039;Iluminaci\u00f3, de mobiliari de disseny i els Especialistes de Bany, s\u00f3n entre d&#039;altres distribuidors dels productes TRILAMP.\" \/>\n<meta name=\"robots\" content=\"index, follow, max-snippet:-1, max-image-preview:large, max-video-preview:-1\" \/>\n<link rel=\"canonical\" href=\"https:\/\/www.trilamp.com\/ca\/distribucio-lampades\/\" \/>\n<meta property=\"og:locale\" content=\"ca_ES\" \/>\n<meta property=\"og:type\" content=\"article\" \/>\n<meta property=\"og:title\" content=\"Distribuidors de l\u00e0mpares Trilamp\" \/>\n<meta property=\"og:description\" content=\"Botigues d&#039;Iluminaci\u00f3, de mobiliari de disseny i els Especialistes de Bany, s\u00f3n entre d&#039;altres distribuidors dels productes TRILAMP.\" \/>\n<meta property=\"og:url\" content=\"https:\/\/www.trilamp.com\/ca\/distribucio-lampades\/\" \/>\n<meta property=\"og:site_name\" content=\"Trilamp\" \/>\n<meta property=\"article:modified_time\" content=\"2015-03-06T09:27:35+00:00\" \/>\n<meta property=\"og:image\" content=\"http:\/\/www.trilamp.com\/wp-content\/uploads\/Tiendas-iluminacion-trilamp.jpg\" \/>\n<meta name=\"twitter:label1\" content=\"Temps estimat de lectura\" \/>\n\t<meta name=\"twitter:data1\" content=\"1 minut\" \/>\n<script type=\"application\/ld+json\" class=\"yoast-schema-graph\">{\"@context\":\"https:\/\/schema.org\",\"@graph\":[{\"@type\":\"WebPage\",\"@id\":\"https:\/\/www.trilamp.com\/ca\/distribucio-lampades\/\",\"url\":\"https:\/\/www.trilamp.com\/ca\/distribucio-lampades\/\",\"name\":\"Distribuidors de l\u00e0mpares Trilamp\",\"isPartOf\":{\"@id\":\"https:\/\/www.trilamp.com\/#website\"},\"primaryImageOfPage\":{\"@id\":\"https:\/\/www.trilamp.com\/ca\/distribucio-lampades\/#primaryimage\"},\"image\":{\"@id\":\"https:\/\/www.trilamp.com\/ca\/distribucio-lampades\/#primaryimage\"},\"thumbnailUrl\":\"http:\/\/www.trilamp.com\/wp-content\/uploads\/Tiendas-iluminacion-trilamp.jpg\",\"datePublished\":\"2015-01-20T11:19:03+00:00\",\"dateModified\":\"2015-03-06T09:27:35+00:00\",\"description\":\"Botigues d'Iluminaci\u00f3, de mobiliari de disseny i els Especialistes de Bany, s\u00f3n entre d'altres distribuidors dels productes TRILAMP.\",\"breadcrumb\":{\"@id\":\"https:\/\/www.trilamp.com\/ca\/distribucio-lampades\/#breadcrumb\"},\"inLanguage\":\"ca\",\"potentialAction\":[{\"@type\":\"ReadAction\",\"target\":[\"https:\/\/www.trilamp.com\/ca\/distribucio-lampades\/\"]}]},{\"@type\":\"ImageObject\",\"inLanguage\":\"ca\",\"@id\":\"https:\/\/www.trilamp.com\/ca\/distribucio-lampades\/#primaryimage\",\"url\":\"http:\/\/www.trilamp.com\/wp-content\/uploads\/Tiendas-iluminacion-trilamp.jpg\",\"contentUrl\":\"http:\/\/www.trilamp.com\/wp-content\/uploads\/Tiendas-iluminacion-trilamp.jpg\"},{\"@type\":\"BreadcrumbList\",\"@id\":\"https:\/\/www.trilamp.com\/ca\/distribucio-lampades\/#breadcrumb\",\"itemListElement\":[{\"@type\":\"ListItem\",\"position\":1,\"name\":\"Portada\",\"item\":\"https:\/\/www.trilamp.com\/ca\/\"},{\"@type\":\"ListItem\",\"position\":2,\"name\":\"Botigues\"}]},{\"@type\":\"WebSite\",\"@id\":\"https:\/\/www.trilamp.com\/#website\",\"url\":\"https:\/\/www.trilamp.com\/\",\"name\":\"Trilamp\",\"description\":\"\",\"potentialAction\":[{\"@type\":\"SearchAction\",\"target\":{\"@type\":\"EntryPoint\",\"urlTemplate\":\"https:\/\/www.trilamp.com\/?s={search_term_string}\"},\"query-input\":{\"@type\":\"PropertyValueSpecification\",\"valueRequired\":true,\"valueName\":\"search_term_string\"}}],\"inLanguage\":\"ca\"}]}<\/script>\n<!-- \/ Yoast SEO plugin. -->","yoast_head_json":{"title":"Distribuidors de l\u00e0mpares Trilamp","description":"Botigues d'Iluminaci\u00f3, de mobiliari de disseny i els Especialistes de Bany, s\u00f3n entre d'altres distribuidors dels productes TRILAMP.","robots":{"index":"index","follow":"follow","max-snippet":"max-snippet:-1","max-image-preview":"max-image-preview:large","max-video-preview":"max-video-preview:-1"},"canonical":"https:\/\/www.trilamp.com\/ca\/distribucio-lampades\/","og_locale":"ca_ES","og_type":"article","og_title":"Distribuidors de l\u00e0mpares Trilamp","og_description":"Botigues d'Iluminaci\u00f3, de mobiliari de disseny i els Especialistes de Bany, s\u00f3n entre d'altres distribuidors dels productes TRILAMP.","og_url":"https:\/\/www.trilamp.com\/ca\/distribucio-lampades\/","og_site_name":"Trilamp","article_modified_time":"2015-03-06T09:27:35+00:00","og_image":[{"url":"http:\/\/www.trilamp.com\/wp-content\/uploads\/Tiendas-iluminacion-trilamp.jpg","type":"","width":"","height":""}],"twitter_misc":{"Temps estimat de lectura":"1 minut"},"schema":{"@context":"https:\/\/schema.org","@graph":[{"@type":"WebPage","@id":"https:\/\/www.trilamp.com\/ca\/distribucio-lampades\/","url":"https:\/\/www.trilamp.com\/ca\/distribucio-lampades\/","name":"Distribuidors de l\u00e0mpares Trilamp","isPartOf":{"@id":"https:\/\/www.trilamp.com\/#website"},"primaryImageOfPage":{"@id":"https:\/\/www.trilamp.com\/ca\/distribucio-lampades\/#primaryimage"},"image":{"@id":"https:\/\/www.trilamp.com\/ca\/distribucio-lampades\/#primaryimage"},"thumbnailUrl":"http:\/\/www.trilamp.com\/wp-content\/uploads\/Tiendas-iluminacion-trilamp.jpg","datePublished":"2015-01-20T11:19:03+00:00","dateModified":"2015-03-06T09:27:35+00:00","description":"Botigues d'Iluminaci\u00f3, de mobiliari de disseny i els Especialistes de Bany, s\u00f3n entre d'altres distribuidors dels productes TRILAMP.","breadcrumb":{"@id":"https:\/\/www.trilamp.com\/ca\/distribucio-lampades\/#breadcrumb"},"inLanguage":"ca","potentialAction":[{"@type":"ReadAction","target":["https:\/\/www.trilamp.com\/ca\/distribucio-lampades\/"]}]},{"@type":"ImageObject","inLanguage":"ca","@id":"https:\/\/www.trilamp.com\/ca\/distribucio-lampades\/#primaryimage","url":"http:\/\/www.trilamp.com\/wp-content\/uploads\/Tiendas-iluminacion-trilamp.jpg","contentUrl":"http:\/\/www.trilamp.com\/wp-content\/uploads\/Tiendas-iluminacion-trilamp.jpg"},{"@type":"BreadcrumbList","@id":"https:\/\/www.trilamp.com\/ca\/distribucio-lampades\/#breadcrumb","itemListElement":[{"@type":"ListItem","position":1,"name":"Portada","item":"https:\/\/www.trilamp.com\/ca\/"},{"@type":"ListItem","position":2,"name":"Botigues"}]},{"@type":"WebSite","@id":"https:\/\/www.trilamp.com\/#website","url":"https:\/\/www.trilamp.com\/","name":"Trilamp","description":"","potentialAction":[{"@type":"SearchAction","target":{"@type":"EntryPoint","urlTemplate":"https:\/\/www.trilamp.com\/?s={search_term_string}"},"query-input":{"@type":"PropertyValueSpecification","valueRequired":true,"valueName":"search_term_string"}}],"inLanguage":"ca"}]}},"_links":{"self":[{"href":"https:\/\/www.trilamp.com\/ca\/wp-json\/wp\/v2\/pages\/663","targetHints":{"allow":["GET"]}}],"collection":[{"href":"https:\/\/www.trilamp.com\/ca\/wp-json\/wp\/v2\/pages"}],"about":[{"href":"https:\/\/www.trilamp.com\/ca\/wp-json\/wp\/v2\/types\/page"}],"author":[{"embeddable":true,"href":"https:\/\/www.trilamp.com\/ca\/wp-json\/wp\/v2\/users\/4"}],"replies":[{"embeddable":true,"href":"https:\/\/www.trilamp.com\/ca\/wp-json\/wp\/v2\/comments?post=663"}],"version-history":[{"count":5,"href":"https:\/\/www.trilamp.com\/ca\/wp-json\/wp\/v2\/pages\/663\/revisions"}],"predecessor-version":[{"id":1628,"href":"https:\/\/www.trilamp.com\/ca\/wp-json\/wp\/v2\/pages\/663\/revisions\/1628"}],"wp:attachment":[{"href":"https:\/\/www.trilamp.com\/ca\/wp-json\/wp\/v2\/media?parent=663"}],"curies":[{"name":"wp","href":"https:\/\/api.w.org\/{rel}","templated":true}]}}