{"id":594,"date":"2015-01-15T17:36:24","date_gmt":"2015-01-15T15:36:24","guid":{"rendered":"http:\/\/www.trilamp.com\/?page_id=594"},"modified":"2015-01-15T17:40:06","modified_gmt":"2015-01-15T15:40:06","slug":"594-2","status":"publish","type":"page","link":"https:\/\/www.trilamp.com\/ca\/empresa-fabricant-lampades\/594-2\/","title":{"rendered":"Prove\u00efdors"},"content":{"rendered":"<p>[vc_column_text width=&#8221;1\/1&#8243; el_position=&#8221;first last&#8221;]<\/p>\n<p>Si desitja\u00a0ser prove\u00efdor \u00a0de Trilamp, li preguem \u00a0que sigui\u00a0 tan amable d&#8217;emplenar\u00a0\u00a0el formulari de contacte i ens posarem en contacte amv vost\u00e8. Moltes gr\u00e0cies per la\u00a0seva atenci\u00f3.<\/p>\n<p>[\/vc_column_text] [vc_widget_sidebar sidebar_id=&#8221;dyn_1&#8243; width=&#8221;1\/1&#8243; el_position=&#8221;first last&#8221;]<\/p>\n","protected":false},"excerpt":{"rendered":"<p>[vc_column_text width=&#8221;1\/1&#8243; el_position=&#8221;first last&#8221;] Si desitja\u00a0ser prove\u00efdor \u00a0de Trilamp, li preguem \u00a0que sigui\u00a0 tan amable d&#8217;emplenar\u00a0\u00a0el formulari de contacte i ens posarem en contacte amv vost\u00e8. Moltes gr\u00e0cies per la\u00a0seva atenci\u00f3. [\/vc_column_text] [vc_widget_sidebar sidebar_id=&#8221;dyn_1&#8243; width=&#8221;1\/1&#8243; el_position=&#8221;first last&#8221;]<\/p>\n","protected":false},"author":4,"featured_media":0,"parent":456,"menu_order":0,"comment_status":"closed","ping_status":"closed","template":"","meta":{"_et_pb_use_builder":"","_et_pb_old_content":"","_et_gb_content_width":"","footnotes":""},"class_list":["post-594","page","type-page","status-publish","hentry"],"yoast_head":"<!-- This site is optimized with the Yoast SEO plugin v26.8 - https:\/\/yoast.com\/product\/yoast-seo-wordpress\/ -->\n<title>Prove\u00efdors Trilamp<\/title>\n<meta name=\"description\" content=\"Si desitja ser prove\u00efdor de Trilamp, li preguem que sigui tan amable d&#039;emplenar el formulari de contacte i ens posarem en contacte amv vost\u00e8. Moltes gr\u00e0cies.\" \/>\n<meta name=\"robots\" content=\"index, follow, max-snippet:-1, max-image-preview:large, max-video-preview:-1\" \/>\n<link rel=\"canonical\" href=\"https:\/\/www.trilamp.com\/ca\/empresa-fabricant-lampades\/594-2\/\" \/>\n<meta property=\"og:locale\" content=\"ca_ES\" \/>\n<meta property=\"og:type\" content=\"article\" \/>\n<meta property=\"og:title\" content=\"Prove\u00efdors Trilamp\" \/>\n<meta property=\"og:description\" content=\"Si desitja ser prove\u00efdor de Trilamp, li preguem que sigui tan amable d&#039;emplenar el formulari de contacte i ens posarem en contacte amv vost\u00e8. Moltes gr\u00e0cies.\" \/>\n<meta property=\"og:url\" content=\"https:\/\/www.trilamp.com\/ca\/empresa-fabricant-lampades\/594-2\/\" \/>\n<meta property=\"og:site_name\" content=\"Trilamp\" \/>\n<meta property=\"article:modified_time\" content=\"2015-01-15T15:40:06+00:00\" \/>\n<script type=\"application\/ld+json\" class=\"yoast-schema-graph\">{\"@context\":\"https:\/\/schema.org\",\"@graph\":[{\"@type\":\"WebPage\",\"@id\":\"https:\/\/www.trilamp.com\/ca\/empresa-fabricant-lampades\/594-2\/\",\"url\":\"https:\/\/www.trilamp.com\/ca\/empresa-fabricant-lampades\/594-2\/\",\"name\":\"Prove\u00efdors Trilamp\",\"isPartOf\":{\"@id\":\"https:\/\/www.trilamp.com\/#website\"},\"datePublished\":\"2015-01-15T15:36:24+00:00\",\"dateModified\":\"2015-01-15T15:40:06+00:00\",\"description\":\"Si desitja ser prove\u00efdor de Trilamp, li preguem que sigui tan amable d'emplenar el formulari de contacte i ens posarem en contacte amv vost\u00e8. Moltes gr\u00e0cies.\",\"breadcrumb\":{\"@id\":\"https:\/\/www.trilamp.com\/ca\/empresa-fabricant-lampades\/594-2\/#breadcrumb\"},\"inLanguage\":\"ca\",\"potentialAction\":[{\"@type\":\"ReadAction\",\"target\":[\"https:\/\/www.trilamp.com\/ca\/empresa-fabricant-lampades\/594-2\/\"]}]},{\"@type\":\"BreadcrumbList\",\"@id\":\"https:\/\/www.trilamp.com\/ca\/empresa-fabricant-lampades\/594-2\/#breadcrumb\",\"itemListElement\":[{\"@type\":\"ListItem\",\"position\":1,\"name\":\"Portada\",\"item\":\"https:\/\/www.trilamp.com\/ca\/\"},{\"@type\":\"ListItem\",\"position\":2,\"name\":\"Empresa\",\"item\":\"https:\/\/www.trilamp.com\/ca\/empresa-fabricant-lampades\/\"},{\"@type\":\"ListItem\",\"position\":3,\"name\":\"Prove\u00efdors\"}]},{\"@type\":\"WebSite\",\"@id\":\"https:\/\/www.trilamp.com\/#website\",\"url\":\"https:\/\/www.trilamp.com\/\",\"name\":\"Trilamp\",\"description\":\"\",\"potentialAction\":[{\"@type\":\"SearchAction\",\"target\":{\"@type\":\"EntryPoint\",\"urlTemplate\":\"https:\/\/www.trilamp.com\/?s={search_term_string}\"},\"query-input\":{\"@type\":\"PropertyValueSpecification\",\"valueRequired\":true,\"valueName\":\"search_term_string\"}}],\"inLanguage\":\"ca\"}]}<\/script>\n<!-- \/ Yoast SEO plugin. -->","yoast_head_json":{"title":"Prove\u00efdors Trilamp","description":"Si desitja ser prove\u00efdor de Trilamp, li preguem que sigui tan amable d'emplenar el formulari de contacte i ens posarem en contacte amv vost\u00e8. Moltes gr\u00e0cies.","robots":{"index":"index","follow":"follow","max-snippet":"max-snippet:-1","max-image-preview":"max-image-preview:large","max-video-preview":"max-video-preview:-1"},"canonical":"https:\/\/www.trilamp.com\/ca\/empresa-fabricant-lampades\/594-2\/","og_locale":"ca_ES","og_type":"article","og_title":"Prove\u00efdors Trilamp","og_description":"Si desitja ser prove\u00efdor de Trilamp, li preguem que sigui tan amable d'emplenar el formulari de contacte i ens posarem en contacte amv vost\u00e8. Moltes gr\u00e0cies.","og_url":"https:\/\/www.trilamp.com\/ca\/empresa-fabricant-lampades\/594-2\/","og_site_name":"Trilamp","article_modified_time":"2015-01-15T15:40:06+00:00","schema":{"@context":"https:\/\/schema.org","@graph":[{"@type":"WebPage","@id":"https:\/\/www.trilamp.com\/ca\/empresa-fabricant-lampades\/594-2\/","url":"https:\/\/www.trilamp.com\/ca\/empresa-fabricant-lampades\/594-2\/","name":"Prove\u00efdors Trilamp","isPartOf":{"@id":"https:\/\/www.trilamp.com\/#website"},"datePublished":"2015-01-15T15:36:24+00:00","dateModified":"2015-01-15T15:40:06+00:00","description":"Si desitja ser prove\u00efdor de Trilamp, li preguem que sigui tan amable d'emplenar el formulari de contacte i ens posarem en contacte amv vost\u00e8. Moltes gr\u00e0cies.","breadcrumb":{"@id":"https:\/\/www.trilamp.com\/ca\/empresa-fabricant-lampades\/594-2\/#breadcrumb"},"inLanguage":"ca","potentialAction":[{"@type":"ReadAction","target":["https:\/\/www.trilamp.com\/ca\/empresa-fabricant-lampades\/594-2\/"]}]},{"@type":"BreadcrumbList","@id":"https:\/\/www.trilamp.com\/ca\/empresa-fabricant-lampades\/594-2\/#breadcrumb","itemListElement":[{"@type":"ListItem","position":1,"name":"Portada","item":"https:\/\/www.trilamp.com\/ca\/"},{"@type":"ListItem","position":2,"name":"Empresa","item":"https:\/\/www.trilamp.com\/ca\/empresa-fabricant-lampades\/"},{"@type":"ListItem","position":3,"name":"Prove\u00efdors"}]},{"@type":"WebSite","@id":"https:\/\/www.trilamp.com\/#website","url":"https:\/\/www.trilamp.com\/","name":"Trilamp","description":"","potentialAction":[{"@type":"SearchAction","target":{"@type":"EntryPoint","urlTemplate":"https:\/\/www.trilamp.com\/?s={search_term_string}"},"query-input":{"@type":"PropertyValueSpecification","valueRequired":true,"valueName":"search_term_string"}}],"inLanguage":"ca"}]}},"_links":{"self":[{"href":"https:\/\/www.trilamp.com\/ca\/wp-json\/wp\/v2\/pages\/594","targetHints":{"allow":["GET"]}}],"collection":[{"href":"https:\/\/www.trilamp.com\/ca\/wp-json\/wp\/v2\/pages"}],"about":[{"href":"https:\/\/www.trilamp.com\/ca\/wp-json\/wp\/v2\/types\/page"}],"author":[{"embeddable":true,"href":"https:\/\/www.trilamp.com\/ca\/wp-json\/wp\/v2\/users\/4"}],"replies":[{"embeddable":true,"href":"https:\/\/www.trilamp.com\/ca\/wp-json\/wp\/v2\/comments?post=594"}],"version-history":[{"count":2,"href":"https:\/\/www.trilamp.com\/ca\/wp-json\/wp\/v2\/pages\/594\/revisions"}],"predecessor-version":[{"id":599,"href":"https:\/\/www.trilamp.com\/ca\/wp-json\/wp\/v2\/pages\/594\/revisions\/599"}],"up":[{"embeddable":true,"href":"https:\/\/www.trilamp.com\/ca\/wp-json\/wp\/v2\/pages\/456"}],"wp:attachment":[{"href":"https:\/\/www.trilamp.com\/ca\/wp-json\/wp\/v2\/media?parent=594"}],"curies":[{"name":"wp","href":"https:\/\/api.w.org\/{rel}","templated":true}]}}