{"id":5417,"date":"2021-05-13T13:06:39","date_gmt":"2021-05-13T11:06:39","guid":{"rendered":"http:\/\/nueva.trilamp.com\/gauzak"},"modified":"2024-05-29T12:08:11","modified_gmt":"2024-05-29T10:08:11","slug":"gauzak","status":"publish","type":"page","link":"https:\/\/www.trilamp.com\/ca\/gauzak\/","title":{"rendered":"GAUZAK"},"content":{"rendered":"<p>[et_pb_section fb_built=&#8221;1&#8243; _builder_version=&#8221;4.16&#8243; _module_preset=&#8221;default&#8221; custom_padding=&#8221;0px||0px|||&#8221; global_colors_info=&#8221;{}&#8221;][et_pb_row _builder_version=&#8221;4.16&#8243; _module_preset=&#8221;default&#8221; max_width=&#8221;950px&#8221; custom_padding=&#8221;||33px|||&#8221; global_colors_info=&#8221;{}&#8221;][et_pb_column type=&#8221;4_4&#8243; _builder_version=&#8221;4.16&#8243; _module_preset=&#8221;default&#8221; global_colors_info=&#8221;{}&#8221;][et_pb_text _builder_version=&#8221;4.16&#8243; _module_preset=&#8221;default&#8221; text_orientation=&#8221;center&#8221; custom_padding=&#8221;70px|||||&#8221; inline_fonts=&#8221;Montserrat&#8221; global_colors_info=&#8221;{}&#8221;]<\/p>\n<h1><span style=\"font-size: xx-large; font-family: Montserrat;\"><em><strong>GAUZAK\u00a0<\/strong><\/em><\/span><\/h1>\n<p>[\/et_pb_text][\/et_pb_column][\/et_pb_row][et_pb_row _builder_version=&#8221;4.16&#8243; _module_preset=&#8221;default&#8221; max_width=&#8221;950px&#8221; custom_padding=&#8221;4px||33px|||&#8221; global_colors_info=&#8221;{}&#8221;][et_pb_column type=&#8221;4_4&#8243; _builder_version=&#8221;4.16&#8243; _module_preset=&#8221;default&#8221; global_colors_info=&#8221;{}&#8221;][et_pb_text _builder_version=&#8221;4.25.1&#8243; _module_preset=&#8221;default&#8221; text_orientation=&#8221;center&#8221; hover_enabled=&#8221;0&#8243; global_colors_info=&#8221;{}&#8221; sticky_enabled=&#8221;0&#8243;]<\/p>\n<p><strong>Gauzak<\/strong> \u00e9s un estudi de disseny industrial constitu\u00eft en 2011 per <strong>Juan T. Carboneras i Leire Guede.<\/strong><\/p>\n<p>Des de llavors han desenvolupat projectes d&#8217;all\u00f2 m\u00e9s diversos, com productes de gimn\u00e0s, productes per a nens, il\u00b7luminaci\u00f3, cadires o aixetes de cervesa. Es caracteritzen per la seva capacitat creativa per a desembolicar-se en diferents sectors m\u00e9s enll\u00e0 del mobiliari.<\/p>\n<p>La seva filosofia a l&#8217;hora d&#8217;encarar un nou projecte tracta d&#8217;observar amb una mirada nova i sense prejudicis per a dissenyar productes innovadors. Busquen ser els primers a sorprendre&#8217;s ells mateixos amb els resultats que van creant.<\/p>\n<p>Els agrada afrontar nous reptes oferint creativitat i reflexi\u00f3 en cadascuna de les propostes.<\/p>\n<p><strong>Juan i Leire formen un equip pr\u00f2xim i din\u00e0mic obert a rebre nous reptes de disseny siguin del sector que siguin.<\/strong><\/p>\n<p>[\/et_pb_text][\/et_pb_column][\/et_pb_row][\/et_pb_section][et_pb_section fb_built=&#8221;1&#8243; _builder_version=&#8221;4.16&#8243; _module_preset=&#8221;default&#8221; custom_padding=&#8221;0px||0px|||&#8221; global_colors_info=&#8221;{}&#8221;][et_pb_row _builder_version=&#8221;4.16&#8243; _module_preset=&#8221;default&#8221; custom_padding=&#8221;0px||35px|||&#8221; global_colors_info=&#8221;{}&#8221;][et_pb_column type=&#8221;4_4&#8243; _builder_version=&#8221;4.16&#8243; _module_preset=&#8221;default&#8221; global_colors_info=&#8221;{}&#8221;][et_pb_image src=&#8221;https:\/\/www.trilamp.com\/wp-content\/uploads\/Foto_Gauzak_2024.jpg&#8221; title_text=&#8221;Foto_Gauzak_2024&#8243; url=&#8221;@ET-DC@eyJkeW5hbWljIjp0cnVlLCJjb250ZW50IjoicG9zdF9saW5rX3VybF9wYWdlIiwic2V0dGluZ3MiOnsicG9zdF9pZCI6IjM4NyJ9fQ==@&#8221; align=&#8221;center&#8221; _builder_version=&#8221;4.25.1&#8243; _dynamic_attributes=&#8221;url&#8221; _module_preset=&#8221;default&#8221; max_width=&#8221;400px&#8221; custom_margin=&#8221;||17px|||&#8221; global_colors_info=&#8221;{}&#8221;][\/et_pb_image][\/et_pb_column][\/et_pb_row][\/et_pb_section]<\/p>\n","protected":false},"excerpt":{"rendered":"<p>GAUZAK\u00a0Gauzak \u00e9s un estudi de disseny industrial constitu\u00eft en 2011 per Juan T. Carboneras i Leire Guede. Des de llavors han desenvolupat projectes d&#8217;all\u00f2 m\u00e9s diversos, com productes de gimn\u00e0s, productes per a nens, il\u00b7luminaci\u00f3, cadires o aixetes de cervesa. Es caracteritzen per la seva capacitat creativa per a desembolicar-se en diferents sectors m\u00e9s enll\u00e0 [&hellip;]<\/p>\n","protected":false},"author":999,"featured_media":0,"parent":0,"menu_order":0,"comment_status":"closed","ping_status":"closed","template":"","meta":{"_et_pb_use_builder":"on","_et_pb_old_content":"","_et_gb_content_width":"","footnotes":""},"class_list":["post-5417","page","type-page","status-publish","hentry"],"yoast_head":"<!-- This site is optimized with the Yoast SEO plugin v27.5 - https:\/\/yoast.com\/product\/yoast-seo-wordpress\/ -->\n<title>GAUZAK - Trilamp<\/title>\n<meta name=\"robots\" content=\"index, follow, max-snippet:-1, max-image-preview:large, max-video-preview:-1\" \/>\n<link rel=\"canonical\" href=\"https:\/\/www.trilamp.com\/ca\/gauzak\/\" \/>\n<meta property=\"og:locale\" content=\"ca_ES\" \/>\n<meta property=\"og:type\" content=\"article\" \/>\n<meta property=\"og:title\" content=\"GAUZAK - Trilamp\" \/>\n<meta property=\"og:description\" content=\"GAUZAK\u00a0Gauzak \u00e9s un estudi de disseny industrial constitu\u00eft en 2011 per Juan T. Carboneras i Leire Guede. Des de llavors han desenvolupat projectes d&#039;all\u00f2 m\u00e9s diversos, com productes de gimn\u00e0s, productes per a nens, il\u00b7luminaci\u00f3, cadires o aixetes de cervesa. Es caracteritzen per la seva capacitat creativa per a desembolicar-se en diferents sectors m\u00e9s enll\u00e0 [&hellip;]\" \/>\n<meta property=\"og:url\" content=\"https:\/\/www.trilamp.com\/ca\/gauzak\/\" \/>\n<meta property=\"og:site_name\" content=\"Trilamp\" \/>\n<meta property=\"article:modified_time\" content=\"2024-05-29T10:08:11+00:00\" \/>\n<meta name=\"twitter:label1\" content=\"Temps estimat de lectura\" \/>\n\t<meta name=\"twitter:data1\" content=\"2 minuts\" \/>\n<script type=\"application\/ld+json\" class=\"yoast-schema-graph\">{\"@context\":\"https:\\\/\\\/schema.org\",\"@graph\":[{\"@type\":\"WebPage\",\"@id\":\"https:\\\/\\\/www.trilamp.com\\\/ca\\\/gauzak\\\/\",\"url\":\"https:\\\/\\\/www.trilamp.com\\\/ca\\\/gauzak\\\/\",\"name\":\"GAUZAK - Trilamp\",\"isPartOf\":{\"@id\":\"https:\\\/\\\/www.trilamp.com\\\/#website\"},\"datePublished\":\"2021-05-13T11:06:39+00:00\",\"dateModified\":\"2024-05-29T10:08:11+00:00\",\"breadcrumb\":{\"@id\":\"https:\\\/\\\/www.trilamp.com\\\/ca\\\/gauzak\\\/#breadcrumb\"},\"inLanguage\":\"ca\",\"potentialAction\":[{\"@type\":\"ReadAction\",\"target\":[\"https:\\\/\\\/www.trilamp.com\\\/ca\\\/gauzak\\\/\"]}]},{\"@type\":\"BreadcrumbList\",\"@id\":\"https:\\\/\\\/www.trilamp.com\\\/ca\\\/gauzak\\\/#breadcrumb\",\"itemListElement\":[{\"@type\":\"ListItem\",\"position\":1,\"name\":\"Portada\",\"item\":\"https:\\\/\\\/www.trilamp.com\\\/ca\\\/\"},{\"@type\":\"ListItem\",\"position\":2,\"name\":\"GAUZAK\"}]},{\"@type\":\"WebSite\",\"@id\":\"https:\\\/\\\/www.trilamp.com\\\/#website\",\"url\":\"https:\\\/\\\/www.trilamp.com\\\/\",\"name\":\"Trilamp\",\"description\":\"\",\"potentialAction\":[{\"@type\":\"SearchAction\",\"target\":{\"@type\":\"EntryPoint\",\"urlTemplate\":\"https:\\\/\\\/www.trilamp.com\\\/?s={search_term_string}\"},\"query-input\":{\"@type\":\"PropertyValueSpecification\",\"valueRequired\":true,\"valueName\":\"search_term_string\"}}],\"inLanguage\":\"ca\"}]}<\/script>\n<!-- \/ Yoast SEO plugin. -->","yoast_head_json":{"title":"GAUZAK - Trilamp","robots":{"index":"index","follow":"follow","max-snippet":"max-snippet:-1","max-image-preview":"max-image-preview:large","max-video-preview":"max-video-preview:-1"},"canonical":"https:\/\/www.trilamp.com\/ca\/gauzak\/","og_locale":"ca_ES","og_type":"article","og_title":"GAUZAK - Trilamp","og_description":"GAUZAK\u00a0Gauzak \u00e9s un estudi de disseny industrial constitu\u00eft en 2011 per Juan T. Carboneras i Leire Guede. Des de llavors han desenvolupat projectes d'all\u00f2 m\u00e9s diversos, com productes de gimn\u00e0s, productes per a nens, il\u00b7luminaci\u00f3, cadires o aixetes de cervesa. Es caracteritzen per la seva capacitat creativa per a desembolicar-se en diferents sectors m\u00e9s enll\u00e0 [&hellip;]","og_url":"https:\/\/www.trilamp.com\/ca\/gauzak\/","og_site_name":"Trilamp","article_modified_time":"2024-05-29T10:08:11+00:00","twitter_misc":{"Temps estimat de lectura":"2 minuts"},"schema":{"@context":"https:\/\/schema.org","@graph":[{"@type":"WebPage","@id":"https:\/\/www.trilamp.com\/ca\/gauzak\/","url":"https:\/\/www.trilamp.com\/ca\/gauzak\/","name":"GAUZAK - Trilamp","isPartOf":{"@id":"https:\/\/www.trilamp.com\/#website"},"datePublished":"2021-05-13T11:06:39+00:00","dateModified":"2024-05-29T10:08:11+00:00","breadcrumb":{"@id":"https:\/\/www.trilamp.com\/ca\/gauzak\/#breadcrumb"},"inLanguage":"ca","potentialAction":[{"@type":"ReadAction","target":["https:\/\/www.trilamp.com\/ca\/gauzak\/"]}]},{"@type":"BreadcrumbList","@id":"https:\/\/www.trilamp.com\/ca\/gauzak\/#breadcrumb","itemListElement":[{"@type":"ListItem","position":1,"name":"Portada","item":"https:\/\/www.trilamp.com\/ca\/"},{"@type":"ListItem","position":2,"name":"GAUZAK"}]},{"@type":"WebSite","@id":"https:\/\/www.trilamp.com\/#website","url":"https:\/\/www.trilamp.com\/","name":"Trilamp","description":"","potentialAction":[{"@type":"SearchAction","target":{"@type":"EntryPoint","urlTemplate":"https:\/\/www.trilamp.com\/?s={search_term_string}"},"query-input":{"@type":"PropertyValueSpecification","valueRequired":true,"valueName":"search_term_string"}}],"inLanguage":"ca"}]}},"_links":{"self":[{"href":"https:\/\/www.trilamp.com\/ca\/wp-json\/wp\/v2\/pages\/5417","targetHints":{"allow":["GET"]}}],"collection":[{"href":"https:\/\/www.trilamp.com\/ca\/wp-json\/wp\/v2\/pages"}],"about":[{"href":"https:\/\/www.trilamp.com\/ca\/wp-json\/wp\/v2\/types\/page"}],"author":[{"embeddable":true,"href":"https:\/\/www.trilamp.com\/ca\/wp-json\/wp\/v2\/users\/999"}],"replies":[{"embeddable":true,"href":"https:\/\/www.trilamp.com\/ca\/wp-json\/wp\/v2\/comments?post=5417"}],"version-history":[{"count":4,"href":"https:\/\/www.trilamp.com\/ca\/wp-json\/wp\/v2\/pages\/5417\/revisions"}],"predecessor-version":[{"id":7144,"href":"https:\/\/www.trilamp.com\/ca\/wp-json\/wp\/v2\/pages\/5417\/revisions\/7144"}],"wp:attachment":[{"href":"https:\/\/www.trilamp.com\/ca\/wp-json\/wp\/v2\/media?parent=5417"}],"curies":[{"name":"wp","href":"https:\/\/api.w.org\/{rel}","templated":true}]}}