{"id":5104,"date":"2021-04-30T09:36:17","date_gmt":"2021-04-30T07:36:17","guid":{"rendered":"http:\/\/nueva.trilamp.com\/?page_id=5104"},"modified":"2021-06-14T16:34:17","modified_gmt":"2021-06-14T14:34:17","slug":"nosaltres","status":"publish","type":"page","link":"https:\/\/www.trilamp.com\/ca\/nosaltres\/","title":{"rendered":"Nosaltres"},"content":{"rendered":"<p>[et_pb_section fb_built=&#8221;1&#8243; _builder_version=&#8221;4.9.6&#8243; _module_preset=&#8221;default&#8221; background_image=&#8221;https:\/\/www.trilamp.com\/wp-content\/uploads\/pexels-fauxels-3184418-scaled.jpg&#8221; custom_padding=&#8221;50px||50px|||&#8221; hover_enabled=&#8221;0&#8243; title_text=&#8221;pexels-fauxels-3184418&#8243; sticky_enabled=&#8221;0&#8243;][et_pb_row _builder_version=&#8221;4.7.4&#8243; _module_preset=&#8221;default&#8221;][et_pb_column type=&#8221;4_4&#8243; _builder_version=&#8221;4.7.4&#8243; _module_preset=&#8221;default&#8221;][et_pb_text _builder_version=&#8221;4.9.4&#8243; _module_preset=&#8221;default&#8221; text_font=&#8221;|300|||||||&#8221; text_text_color=&#8221;#ffffff&#8221; text_font_size=&#8221;40px&#8221; text_letter_spacing=&#8221;1px&#8221; header_font=&#8221;|300|||||||&#8221; text_orientation=&#8221;center&#8221;]SOBRE NOSALTRES[\/et_pb_text][\/et_pb_column][\/et_pb_row][\/et_pb_section][et_pb_section fb_built=&#8221;1&#8243; _builder_version=&#8221;4.9.0&#8243; _module_preset=&#8221;default&#8221; custom_padding=&#8221;0px||0px|||&#8221;][et_pb_row make_equal=&#8221;on&#8221; _builder_version=&#8221;4.9.1&#8243; _module_preset=&#8221;default&#8221; custom_padding=&#8221;23px||0px|||&#8221; custom_css_main_element=&#8221;align-items: center;&#8221;][et_pb_column type=&#8221;4_4&#8243; _builder_version=&#8221;4.9.0&#8243; _module_preset=&#8221;default&#8221;][et_pb_text _builder_version=&#8221;4.9.4&#8243; _module_preset=&#8221;default&#8221; text_font_size=&#8221;25px&#8221; text_line_height=&#8221;30px&#8221; text_orientation=&#8221;center&#8221; custom_margin=&#8221;||18px|||&#8221;]<\/p>\n<p>Oferim serveis a empreses, interioristes i professionals.<\/p>\n<p>[\/et_pb_text][et_pb_text _builder_version=&#8221;4.9.4&#8243; _module_preset=&#8221;default&#8221; text_line_height=&#8221;20px&#8221; text_orientation=&#8221;center&#8221;]<\/p>\n<p>En <strong>Trilamp<\/strong> som flexibles. Ens adaptem cont\u00ednuament a l&#8217;evoluci\u00f3 de l&#8217;m\u00f3n de la il\u00b7luminaci\u00f3.<br \/>\nResolem qualsevol demanda espec\u00edfica relacionada amb la restauraci\u00f3 o la creaci\u00f3 de l\u00e0mpades.<\/p>\n<p>[\/et_pb_text][\/et_pb_column][\/et_pb_row][\/et_pb_section][et_pb_section fb_built=&#8221;1&#8243; _builder_version=&#8221;4.9.0&#8243; _module_preset=&#8221;default&#8221; custom_padding=&#8221;0px||0px|||&#8221;][et_pb_row column_structure=&#8221;1_3,2_3&#8243; make_equal=&#8221;on&#8221; _builder_version=&#8221;4.9.1&#8243; _module_preset=&#8221;default&#8221; custom_css_main_element=&#8221;align-items: center;&#8221;][et_pb_column type=&#8221;1_3&#8243; _builder_version=&#8221;4.9.1&#8243; _module_preset=&#8221;default&#8221;][et_pb_image src=&#8221;https:\/\/www.trilamp.com\/wp-content\/uploads\/origens-fabrica2.png&#8221; title_text=&#8221;origens-fabrica2&#8243; align=&#8221;center&#8221; _builder_version=&#8221;4.9.4&#8243; _module_preset=&#8221;default&#8221; width=&#8221;85%&#8221; custom_margin=&#8221;||11px|||&#8221;][\/et_pb_image][et_pb_text _builder_version=&#8221;4.9.4&#8243; _module_preset=&#8221;default&#8221; text_line_height=&#8221;22px&#8221; text_orientation=&#8221;center&#8221;]<\/p>\n<p><em>&#8220;La satisfacci\u00f3 \u00e9s el resultat i coneixement de la feina dura ben fet.&#8221;<\/em><\/p>\n<p><strong>Domingo Oriol Pages, Barcelona<br \/><\/strong><\/p>\n<p>Fundador de l&#8217;empresa 1959<\/p>\n<p>[\/et_pb_text][\/et_pb_column][et_pb_column type=&#8221;2_3&#8243; _builder_version=&#8221;4.9.1&#8243; _module_preset=&#8221;default&#8221;][et_pb_text _builder_version=&#8221;4.9.4&#8243; _module_preset=&#8221;default&#8221; text_orientation=&#8221;justified&#8221;]<\/p>\n<h4><strong>Qui som<\/strong><\/h4>\n<p>Trilamp \u00e9s una empresa familiar dedicada a el disseny i fabricaci\u00f3 de l\u00e0mpades decoratives de gran qualitat, amb una traject\u00f2ria de m\u00e9s de 60 anys. Aportem molts estils i fam\u00edlies de productes adaptats a les necessitats dels nostres mercats: Aplics, peus de sal\u00f3, plafons, llums, llums de taula, l\u00e0mpades de sostre &#8230;<\/p>\n<p>A m\u00e9s, gr\u00e0cies a la nostra traject\u00f2ria i experi\u00e8ncia de tants anys, som capa\u00e7os d&#8217;entendre i interpretar les necessitats dels nostres clients, podent oferir-los conceptes realitzats a mida que donin forma als seus dissenys i decoracions particulars.<\/p>\n<p>La nostra forma de treballar \u00e9s productiva, minuciosa, oberta i eficient. Tractem amb tot tipus de materials i formes facilitant que qualsevol disseny que vost\u00e8 es proposi pugui dur-se a terme.<\/p>\n<h4><strong>Plans i estrat\u00e8gies<\/strong><\/h4>\n<p>Donada l&#8217;evoluci\u00f3 de l&#8217;mercat de la il\u00b7luminaci\u00f3 decorativa d&#8217;interiors, a la gran necessitat d&#8217;adaptaci\u00f3 i als continus canvis, ara per ara els nostres productes estan pensats per satisfer la demanda de diferents sectors com ara Hotels, Contract, Interioristes i Botigues.<\/p>\n<p>Podem afirmar amb orgull que en l&#8217;actualitat, ja tenim pres\u00e8ncia al mercat de la decoraci\u00f3 i interiorisme a pa\u00efsos com el Regne Unit, Irlanda, Holanda i Fran\u00e7a.<\/p>\n<p>Evolucionem dia a dia. Per aix\u00f2, ajustem cadascun dels nostres plans perqu\u00e8 s&#8217;adaptin i satisfacin expressament les seves necessitats. Cada client \u00e9s \u00fanic, per aix\u00f2 en Trilamp ens sentim orgullosos de dir que fem projectes a mida. El nostre prop\u00f2sit \u00e9s crear part d&#8217;un entorn que delit els seus gustos i satisfaci les seves necessitats de forma creativa.<\/p>\n<p>[\/et_pb_text][\/et_pb_column][\/et_pb_row][\/et_pb_section]<\/p>\n","protected":false},"excerpt":{"rendered":"<p>SOBRE NOSALTRESOferim serveis a empreses, interioristes i professionals.En Trilamp som flexibles. Ens adaptem cont\u00ednuament a l&#8217;evoluci\u00f3 de l&#8217;m\u00f3n de la il\u00b7luminaci\u00f3. Resolem qualsevol demanda espec\u00edfica relacionada amb la restauraci\u00f3 o la creaci\u00f3 de l\u00e0mpades.&#8221;La satisfacci\u00f3 \u00e9s el resultat i coneixement de la feina dura ben fet.&#8221; Domingo Oriol Pages, Barcelona Fundador de l&#8217;empresa 1959Qui som [&hellip;]<\/p>\n","protected":false},"author":999,"featured_media":0,"parent":0,"menu_order":0,"comment_status":"closed","ping_status":"closed","template":"","meta":{"_et_pb_use_builder":"on","_et_pb_old_content":"","_et_gb_content_width":"","footnotes":""},"class_list":["post-5104","page","type-page","status-publish","hentry"],"yoast_head":"<!-- This site is optimized with the Yoast SEO plugin v26.8 - https:\/\/yoast.com\/product\/yoast-seo-wordpress\/ -->\n<title>Nosaltres - Trilamp<\/title>\n<meta name=\"robots\" content=\"index, follow, max-snippet:-1, max-image-preview:large, max-video-preview:-1\" \/>\n<link rel=\"canonical\" href=\"https:\/\/www.trilamp.com\/ca\/nosaltres\/\" \/>\n<meta property=\"og:locale\" content=\"ca_ES\" \/>\n<meta property=\"og:type\" content=\"article\" \/>\n<meta property=\"og:title\" content=\"Nosaltres - Trilamp\" \/>\n<meta property=\"og:description\" content=\"SOBRE NOSALTRESOferim serveis a empreses, interioristes i professionals.En Trilamp som flexibles. Ens adaptem cont\u00ednuament a l&#039;evoluci\u00f3 de l&#039;m\u00f3n de la il\u00b7luminaci\u00f3. Resolem qualsevol demanda espec\u00edfica relacionada amb la restauraci\u00f3 o la creaci\u00f3 de l\u00e0mpades.&quot;La satisfacci\u00f3 \u00e9s el resultat i coneixement de la feina dura ben fet.&quot; Domingo Oriol Pages, Barcelona Fundador de l&#039;empresa 1959Qui som [&hellip;]\" \/>\n<meta property=\"og:url\" content=\"https:\/\/www.trilamp.com\/ca\/nosaltres\/\" \/>\n<meta property=\"og:site_name\" content=\"Trilamp\" \/>\n<meta property=\"article:modified_time\" content=\"2021-06-14T14:34:17+00:00\" \/>\n<meta name=\"twitter:label1\" content=\"Temps estimat de lectura\" \/>\n\t<meta name=\"twitter:data1\" content=\"3 minuts\" \/>\n<script type=\"application\/ld+json\" class=\"yoast-schema-graph\">{\"@context\":\"https:\/\/schema.org\",\"@graph\":[{\"@type\":\"WebPage\",\"@id\":\"https:\/\/www.trilamp.com\/ca\/nosaltres\/\",\"url\":\"https:\/\/www.trilamp.com\/ca\/nosaltres\/\",\"name\":\"Nosaltres - Trilamp\",\"isPartOf\":{\"@id\":\"https:\/\/www.trilamp.com\/#website\"},\"datePublished\":\"2021-04-30T07:36:17+00:00\",\"dateModified\":\"2021-06-14T14:34:17+00:00\",\"breadcrumb\":{\"@id\":\"https:\/\/www.trilamp.com\/ca\/nosaltres\/#breadcrumb\"},\"inLanguage\":\"ca\",\"potentialAction\":[{\"@type\":\"ReadAction\",\"target\":[\"https:\/\/www.trilamp.com\/ca\/nosaltres\/\"]}]},{\"@type\":\"BreadcrumbList\",\"@id\":\"https:\/\/www.trilamp.com\/ca\/nosaltres\/#breadcrumb\",\"itemListElement\":[{\"@type\":\"ListItem\",\"position\":1,\"name\":\"Portada\",\"item\":\"https:\/\/www.trilamp.com\/ca\/\"},{\"@type\":\"ListItem\",\"position\":2,\"name\":\"Nosaltres\"}]},{\"@type\":\"WebSite\",\"@id\":\"https:\/\/www.trilamp.com\/#website\",\"url\":\"https:\/\/www.trilamp.com\/\",\"name\":\"Trilamp\",\"description\":\"\",\"potentialAction\":[{\"@type\":\"SearchAction\",\"target\":{\"@type\":\"EntryPoint\",\"urlTemplate\":\"https:\/\/www.trilamp.com\/?s={search_term_string}\"},\"query-input\":{\"@type\":\"PropertyValueSpecification\",\"valueRequired\":true,\"valueName\":\"search_term_string\"}}],\"inLanguage\":\"ca\"}]}<\/script>\n<!-- \/ Yoast SEO plugin. -->","yoast_head_json":{"title":"Nosaltres - Trilamp","robots":{"index":"index","follow":"follow","max-snippet":"max-snippet:-1","max-image-preview":"max-image-preview:large","max-video-preview":"max-video-preview:-1"},"canonical":"https:\/\/www.trilamp.com\/ca\/nosaltres\/","og_locale":"ca_ES","og_type":"article","og_title":"Nosaltres - Trilamp","og_description":"SOBRE NOSALTRESOferim serveis a empreses, interioristes i professionals.En Trilamp som flexibles. Ens adaptem cont\u00ednuament a l'evoluci\u00f3 de l'm\u00f3n de la il\u00b7luminaci\u00f3. Resolem qualsevol demanda espec\u00edfica relacionada amb la restauraci\u00f3 o la creaci\u00f3 de l\u00e0mpades.\"La satisfacci\u00f3 \u00e9s el resultat i coneixement de la feina dura ben fet.\" Domingo Oriol Pages, Barcelona Fundador de l'empresa 1959Qui som [&hellip;]","og_url":"https:\/\/www.trilamp.com\/ca\/nosaltres\/","og_site_name":"Trilamp","article_modified_time":"2021-06-14T14:34:17+00:00","twitter_misc":{"Temps estimat de lectura":"3 minuts"},"schema":{"@context":"https:\/\/schema.org","@graph":[{"@type":"WebPage","@id":"https:\/\/www.trilamp.com\/ca\/nosaltres\/","url":"https:\/\/www.trilamp.com\/ca\/nosaltres\/","name":"Nosaltres - Trilamp","isPartOf":{"@id":"https:\/\/www.trilamp.com\/#website"},"datePublished":"2021-04-30T07:36:17+00:00","dateModified":"2021-06-14T14:34:17+00:00","breadcrumb":{"@id":"https:\/\/www.trilamp.com\/ca\/nosaltres\/#breadcrumb"},"inLanguage":"ca","potentialAction":[{"@type":"ReadAction","target":["https:\/\/www.trilamp.com\/ca\/nosaltres\/"]}]},{"@type":"BreadcrumbList","@id":"https:\/\/www.trilamp.com\/ca\/nosaltres\/#breadcrumb","itemListElement":[{"@type":"ListItem","position":1,"name":"Portada","item":"https:\/\/www.trilamp.com\/ca\/"},{"@type":"ListItem","position":2,"name":"Nosaltres"}]},{"@type":"WebSite","@id":"https:\/\/www.trilamp.com\/#website","url":"https:\/\/www.trilamp.com\/","name":"Trilamp","description":"","potentialAction":[{"@type":"SearchAction","target":{"@type":"EntryPoint","urlTemplate":"https:\/\/www.trilamp.com\/?s={search_term_string}"},"query-input":{"@type":"PropertyValueSpecification","valueRequired":true,"valueName":"search_term_string"}}],"inLanguage":"ca"}]}},"_links":{"self":[{"href":"https:\/\/www.trilamp.com\/ca\/wp-json\/wp\/v2\/pages\/5104","targetHints":{"allow":["GET"]}}],"collection":[{"href":"https:\/\/www.trilamp.com\/ca\/wp-json\/wp\/v2\/pages"}],"about":[{"href":"https:\/\/www.trilamp.com\/ca\/wp-json\/wp\/v2\/types\/page"}],"author":[{"embeddable":true,"href":"https:\/\/www.trilamp.com\/ca\/wp-json\/wp\/v2\/users\/999"}],"replies":[{"embeddable":true,"href":"https:\/\/www.trilamp.com\/ca\/wp-json\/wp\/v2\/comments?post=5104"}],"version-history":[{"count":5,"href":"https:\/\/www.trilamp.com\/ca\/wp-json\/wp\/v2\/pages\/5104\/revisions"}],"predecessor-version":[{"id":6739,"href":"https:\/\/www.trilamp.com\/ca\/wp-json\/wp\/v2\/pages\/5104\/revisions\/6739"}],"wp:attachment":[{"href":"https:\/\/www.trilamp.com\/ca\/wp-json\/wp\/v2\/media?parent=5104"}],"curies":[{"name":"wp","href":"https:\/\/api.w.org\/{rel}","templated":true}]}}