{"id":1707,"date":"2015-03-20T15:19:57","date_gmt":"2015-03-20T13:19:57","guid":{"rendered":"http:\/\/www.trilamp.com\/?page_id=1707"},"modified":"2016-10-15T18:45:02","modified_gmt":"2016-10-15T16:45:02","slug":"sectors","status":"publish","type":"page","link":"https:\/\/www.trilamp.com\/ca\/sectors\/","title":{"rendered":"Hotels"},"content":{"rendered":"<p>[vc_column_text width=&#8221;1\/1&#8243; el_position=&#8221;first last&#8221;]<\/p>\n<p style=\"text-align: justify;\"><a href=\"http:\/\/www.trilamp.com\/wp-content\/uploads\/FotoHOTELES.jpg\"><img loading=\"lazy\" decoding=\"async\" class=\"alignleft wp-image-239 size-medium\" src=\"http:\/\/www.trilamp.com\/wp-content\/uploads\/FotoHOTELES.jpg\" alt=\"iluminacion decorativa para hoteles\" width=\"300\" height=\"300\" \/><\/a>Un dels sectors que constitueix una part important a la nostra empresa \u00e9s la\u00a0dels <strong>HOTELS<\/strong>. Donada la capacitat d&#8217;adaptaci\u00f3 de la nostra empresa a les necesitats particulars del sector hoteler, oferim la possibilitat de reproduir o restaurar total o parcialment qualsevol aplic, sobretaula o element d&#8217;il\u00b7luminaci\u00f3 decorativa, que degut al pas del temps hagi sofert algun que altre deteriorament. Aconseguint com a resultat l&#8217;actualizaci\u00f3 del producte ja existent, amb gran especialitat i assortit en teles per a pantalles.<\/p>\n<p>[\/vc_column_text]<\/p>\n","protected":false},"excerpt":{"rendered":"<p>[vc_column_text width=&#8221;1\/1&#8243; el_position=&#8221;first last&#8221;] Un dels sectors que constitueix una part important a la nostra empresa \u00e9s la\u00a0dels HOTELS. Donada la capacitat d&#8217;adaptaci\u00f3 de la nostra empresa a les necesitats particulars del sector hoteler, oferim la possibilitat de reproduir o restaurar total o parcialment qualsevol aplic, sobretaula o element d&#8217;il\u00b7luminaci\u00f3 decorativa, que degut al pas [&hellip;]<\/p>\n","protected":false},"author":4,"featured_media":0,"parent":0,"menu_order":0,"comment_status":"closed","ping_status":"closed","template":"","meta":{"_et_pb_use_builder":"","_et_pb_old_content":"","_et_gb_content_width":"","footnotes":""},"class_list":["post-1707","page","type-page","status-publish","hentry"],"yoast_head":"<!-- This site is optimized with the Yoast SEO plugin v26.8 - https:\/\/yoast.com\/product\/yoast-seo-wordpress\/ -->\n<title>L\u00e0mpades hotels - Trilamp<\/title>\n<meta name=\"description\" content=\"Un dels sectors que constitueix una part important a la nostra empresa \u00e9s la dels HOTELS. Donada la capacitat d&#039;adaptaci\u00f3 de la nostra empresa a les necesitats particulars del sector hoteler, oferim la possibilitat de reproduir o restaurar total o parcialment.\" \/>\n<meta name=\"robots\" content=\"index, follow, max-snippet:-1, max-image-preview:large, max-video-preview:-1\" \/>\n<link rel=\"canonical\" href=\"https:\/\/www.trilamp.com\/ca\/sectors\/\" \/>\n<meta property=\"og:locale\" content=\"ca_ES\" \/>\n<meta property=\"og:type\" content=\"article\" \/>\n<meta property=\"og:title\" content=\"L\u00e0mpades hotels - Trilamp\" \/>\n<meta property=\"og:description\" content=\"Un dels sectors que constitueix una part important a la nostra empresa \u00e9s la dels HOTELS. Donada la capacitat d&#039;adaptaci\u00f3 de la nostra empresa a les necesitats particulars del sector hoteler, oferim la possibilitat de reproduir o restaurar total o parcialment.\" \/>\n<meta property=\"og:url\" content=\"https:\/\/www.trilamp.com\/ca\/sectors\/\" \/>\n<meta property=\"og:site_name\" content=\"Trilamp\" \/>\n<meta property=\"article:modified_time\" content=\"2016-10-15T16:45:02+00:00\" \/>\n<meta property=\"og:image\" content=\"http:\/\/www.trilamp.com\/wp-content\/uploads\/FotoHOTELES.jpg\" \/>\n<script type=\"application\/ld+json\" class=\"yoast-schema-graph\">{\"@context\":\"https:\/\/schema.org\",\"@graph\":[{\"@type\":\"WebPage\",\"@id\":\"https:\/\/www.trilamp.com\/ca\/sectors\/\",\"url\":\"https:\/\/www.trilamp.com\/ca\/sectors\/\",\"name\":\"L\u00e0mpades hotels - Trilamp\",\"isPartOf\":{\"@id\":\"https:\/\/www.trilamp.com\/#website\"},\"primaryImageOfPage\":{\"@id\":\"https:\/\/www.trilamp.com\/ca\/sectors\/#primaryimage\"},\"image\":{\"@id\":\"https:\/\/www.trilamp.com\/ca\/sectors\/#primaryimage\"},\"thumbnailUrl\":\"http:\/\/www.trilamp.com\/wp-content\/uploads\/FotoHOTELES.jpg\",\"datePublished\":\"2015-03-20T13:19:57+00:00\",\"dateModified\":\"2016-10-15T16:45:02+00:00\",\"description\":\"Un dels sectors que constitueix una part important a la nostra empresa \u00e9s la dels HOTELS. Donada la capacitat d'adaptaci\u00f3 de la nostra empresa a les necesitats particulars del sector hoteler, oferim la possibilitat de reproduir o restaurar total o parcialment.\",\"breadcrumb\":{\"@id\":\"https:\/\/www.trilamp.com\/ca\/sectors\/#breadcrumb\"},\"inLanguage\":\"ca\",\"potentialAction\":[{\"@type\":\"ReadAction\",\"target\":[\"https:\/\/www.trilamp.com\/ca\/sectors\/\"]}]},{\"@type\":\"ImageObject\",\"inLanguage\":\"ca\",\"@id\":\"https:\/\/www.trilamp.com\/ca\/sectors\/#primaryimage\",\"url\":\"http:\/\/www.trilamp.com\/wp-content\/uploads\/FotoHOTELES.jpg\",\"contentUrl\":\"http:\/\/www.trilamp.com\/wp-content\/uploads\/FotoHOTELES.jpg\"},{\"@type\":\"BreadcrumbList\",\"@id\":\"https:\/\/www.trilamp.com\/ca\/sectors\/#breadcrumb\",\"itemListElement\":[{\"@type\":\"ListItem\",\"position\":1,\"name\":\"Portada\",\"item\":\"https:\/\/www.trilamp.com\/ca\/\"},{\"@type\":\"ListItem\",\"position\":2,\"name\":\"Hotels\"}]},{\"@type\":\"WebSite\",\"@id\":\"https:\/\/www.trilamp.com\/#website\",\"url\":\"https:\/\/www.trilamp.com\/\",\"name\":\"Trilamp\",\"description\":\"\",\"potentialAction\":[{\"@type\":\"SearchAction\",\"target\":{\"@type\":\"EntryPoint\",\"urlTemplate\":\"https:\/\/www.trilamp.com\/?s={search_term_string}\"},\"query-input\":{\"@type\":\"PropertyValueSpecification\",\"valueRequired\":true,\"valueName\":\"search_term_string\"}}],\"inLanguage\":\"ca\"}]}<\/script>\n<!-- \/ Yoast SEO plugin. -->","yoast_head_json":{"title":"L\u00e0mpades hotels - Trilamp","description":"Un dels sectors que constitueix una part important a la nostra empresa \u00e9s la dels HOTELS. Donada la capacitat d'adaptaci\u00f3 de la nostra empresa a les necesitats particulars del sector hoteler, oferim la possibilitat de reproduir o restaurar total o parcialment.","robots":{"index":"index","follow":"follow","max-snippet":"max-snippet:-1","max-image-preview":"max-image-preview:large","max-video-preview":"max-video-preview:-1"},"canonical":"https:\/\/www.trilamp.com\/ca\/sectors\/","og_locale":"ca_ES","og_type":"article","og_title":"L\u00e0mpades hotels - Trilamp","og_description":"Un dels sectors que constitueix una part important a la nostra empresa \u00e9s la dels HOTELS. Donada la capacitat d'adaptaci\u00f3 de la nostra empresa a les necesitats particulars del sector hoteler, oferim la possibilitat de reproduir o restaurar total o parcialment.","og_url":"https:\/\/www.trilamp.com\/ca\/sectors\/","og_site_name":"Trilamp","article_modified_time":"2016-10-15T16:45:02+00:00","og_image":[{"url":"http:\/\/www.trilamp.com\/wp-content\/uploads\/FotoHOTELES.jpg","type":"","width":"","height":""}],"schema":{"@context":"https:\/\/schema.org","@graph":[{"@type":"WebPage","@id":"https:\/\/www.trilamp.com\/ca\/sectors\/","url":"https:\/\/www.trilamp.com\/ca\/sectors\/","name":"L\u00e0mpades hotels - Trilamp","isPartOf":{"@id":"https:\/\/www.trilamp.com\/#website"},"primaryImageOfPage":{"@id":"https:\/\/www.trilamp.com\/ca\/sectors\/#primaryimage"},"image":{"@id":"https:\/\/www.trilamp.com\/ca\/sectors\/#primaryimage"},"thumbnailUrl":"http:\/\/www.trilamp.com\/wp-content\/uploads\/FotoHOTELES.jpg","datePublished":"2015-03-20T13:19:57+00:00","dateModified":"2016-10-15T16:45:02+00:00","description":"Un dels sectors que constitueix una part important a la nostra empresa \u00e9s la dels HOTELS. Donada la capacitat d'adaptaci\u00f3 de la nostra empresa a les necesitats particulars del sector hoteler, oferim la possibilitat de reproduir o restaurar total o parcialment.","breadcrumb":{"@id":"https:\/\/www.trilamp.com\/ca\/sectors\/#breadcrumb"},"inLanguage":"ca","potentialAction":[{"@type":"ReadAction","target":["https:\/\/www.trilamp.com\/ca\/sectors\/"]}]},{"@type":"ImageObject","inLanguage":"ca","@id":"https:\/\/www.trilamp.com\/ca\/sectors\/#primaryimage","url":"http:\/\/www.trilamp.com\/wp-content\/uploads\/FotoHOTELES.jpg","contentUrl":"http:\/\/www.trilamp.com\/wp-content\/uploads\/FotoHOTELES.jpg"},{"@type":"BreadcrumbList","@id":"https:\/\/www.trilamp.com\/ca\/sectors\/#breadcrumb","itemListElement":[{"@type":"ListItem","position":1,"name":"Portada","item":"https:\/\/www.trilamp.com\/ca\/"},{"@type":"ListItem","position":2,"name":"Hotels"}]},{"@type":"WebSite","@id":"https:\/\/www.trilamp.com\/#website","url":"https:\/\/www.trilamp.com\/","name":"Trilamp","description":"","potentialAction":[{"@type":"SearchAction","target":{"@type":"EntryPoint","urlTemplate":"https:\/\/www.trilamp.com\/?s={search_term_string}"},"query-input":{"@type":"PropertyValueSpecification","valueRequired":true,"valueName":"search_term_string"}}],"inLanguage":"ca"}]}},"_links":{"self":[{"href":"https:\/\/www.trilamp.com\/ca\/wp-json\/wp\/v2\/pages\/1707","targetHints":{"allow":["GET"]}}],"collection":[{"href":"https:\/\/www.trilamp.com\/ca\/wp-json\/wp\/v2\/pages"}],"about":[{"href":"https:\/\/www.trilamp.com\/ca\/wp-json\/wp\/v2\/types\/page"}],"author":[{"embeddable":true,"href":"https:\/\/www.trilamp.com\/ca\/wp-json\/wp\/v2\/users\/4"}],"replies":[{"embeddable":true,"href":"https:\/\/www.trilamp.com\/ca\/wp-json\/wp\/v2\/comments?post=1707"}],"version-history":[{"count":5,"href":"https:\/\/www.trilamp.com\/ca\/wp-json\/wp\/v2\/pages\/1707\/revisions"}],"predecessor-version":[{"id":2793,"href":"https:\/\/www.trilamp.com\/ca\/wp-json\/wp\/v2\/pages\/1707\/revisions\/2793"}],"wp:attachment":[{"href":"https:\/\/www.trilamp.com\/ca\/wp-json\/wp\/v2\/media?parent=1707"}],"curies":[{"name":"wp","href":"https:\/\/api.w.org\/{rel}","templated":true}]}}